{"id":7226,"date":"2025-03-25T08:22:48","date_gmt":"2025-03-25T07:22:48","guid":{"rendered":"https:\/\/intercommerce.si\/izdelek\/tesa-4319\/"},"modified":"2025-03-25T08:22:48","modified_gmt":"2025-03-25T07:22:48","slug":"tesa-4319","status":"publish","type":"product","link":"https:\/\/intercommerce.si\/de\/produkt\/tesa-4319\/","title":{"rendered":"tesa\u00ae 4319"},"content":{"rendered":"<h3><strong>Eigenschaften:<\/strong><\/h3>\n<ul>\n<li><strong>Hohe Flexibilit\u00e4t<\/strong> \u2013 dehnbar und anpassbar an Kurven und komplexe Formen ohne zu rei\u00dfen.<\/li>\n<li><strong>Dicke Klebeschicht<\/strong> \u2013 gew\u00e4hrleistet zuverl\u00e4ssige Haftung auch auf rauen, strukturierten oder unebenen Oberfl\u00e4chen.<\/li>\n<li><strong>Starkes, aber weiches Papier<\/strong> \u2013 rei\u00dffest, aber flexibel genug f\u00fcr pr\u00e4zises Abkleben.<\/li>\n<li><strong>Von Hand abrei\u00dfbar<\/strong> \u2013 keine Schere oder Messer erforderlich \u2013 einfache Anwendung.<\/li>\n<li><strong>Gute mechanische Best\u00e4ndigkeit<\/strong> \u2013 auch als Schutzband geeignet (z. B. w\u00e4hrend des Transports oder beim Polieren).<\/li>\n<li><strong>Nachhaltigkeitsaspekt<\/strong> \u2013 67 % biobasierte Materialien.<\/li>\n<\/ul>\n","protected":false},"excerpt":{"rendered":"Tesa\u00ae 4319 ist ein hochwertiges Abdeckband aus stark gekrepptem Papier mit Naturkautschukkleber. Aufgrund seiner au\u00dfergew\u00f6hnlichen Flexibilit\u00e4t und Klebstoffdicke eignet es sich besonders zum Abdecken und Lackieren von gekr\u00fcmmten Oberfl\u00e4chen, 3D-Objekten und unebenen Untergr\u00fcnden. ","protected":false},"featured_media":4161,"template":"","meta":{"_acf_changed":false,"inline_featured_image":false},"product_cat":[1821,1893],"product_tag":[],"class_list":{"0":"post-7226","1":"product","2":"type-product","3":"status-publish","4":"has-post-thumbnail","6":"product_cat-nachhaltige-klebebander-von-tesa","7":"product_cat-abdeckbander","9":"first","10":"instock","11":"taxable","12":"shipping-taxable","13":"product-type-simple"},"acf":[],"gallery_images":[],"_links":{"self":[{"href":"https:\/\/intercommerce.si\/de\/wp-json\/wp\/v2\/product\/7226","targetHints":{"allow":["GET"]}}],"collection":[{"href":"https:\/\/intercommerce.si\/de\/wp-json\/wp\/v2\/product"}],"about":[{"href":"https:\/\/intercommerce.si\/de\/wp-json\/wp\/v2\/types\/product"}],"wp:featuredmedia":[{"embeddable":true,"href":"https:\/\/intercommerce.si\/de\/wp-json\/wp\/v2\/media\/4161"}],"wp:attachment":[{"href":"https:\/\/intercommerce.si\/de\/wp-json\/wp\/v2\/media?parent=7226"}],"wp:term":[{"taxonomy":"product_cat","embeddable":true,"href":"https:\/\/intercommerce.si\/de\/wp-json\/wp\/v2\/product_cat?post=7226"},{"taxonomy":"product_tag","embeddable":true,"href":"https:\/\/intercommerce.si\/de\/wp-json\/wp\/v2\/product_tag?post=7226"}],"curies":[{"name":"wp","href":"https:\/\/api.w.org\/{rel}","templated":true}]}}