{"id":7225,"date":"2024-06-18T15:06:05","date_gmt":"2024-06-18T13:06:05","guid":{"rendered":"https:\/\/intercommerce.si\/izdelek\/metallklammern-fuer-textilbaender\/"},"modified":"2024-06-18T15:06:05","modified_gmt":"2024-06-18T13:06:05","slug":"metallklammern-fuer-textilbaender","status":"publish","type":"product","link":"https:\/\/intercommerce.si\/de\/produkt\/metallklammern-fuer-textilbaender\/","title":{"rendered":"Metallklammern f\u00fcr Textilb\u00e4nder"},"content":{"rendered":"<p><strong>Eigenschaften von Metallklammern f\u00fcr Textilb\u00e4nder<\/strong>:<\/p>\n<ul>\n<li><strong>Hohe Anpassungsf\u00e4higkeit<\/strong>: Die Klammern erm\u00f6glichen eine einfache Anpassung an verschiedene Ladungsformen.<\/li>\n<li><strong>Zuverl\u00e4ssige Fixierung<\/strong>: Metallklammern gew\u00e4hrleisten eine starke und stabile Ladungssicherung.<\/li>\n<li><strong>Einfache Handhabung<\/strong>: Einfache Befestigung mit Handwerkzeugen zum Spannen der B\u00e4nder.<\/li>\n<li><strong>Ideal f\u00fcr weiche und flexible B\u00e4nder<\/strong>: Entwickelt f\u00fcr die Verwendung mit Textilb\u00e4ndern, die sich an die Formen der Ladung anpassen.<\/li>\n<li><strong>Langlebigkeit<\/strong>: Metallklammern sind sehr langlebig und gew\u00e4hrleisten eine lange Lebensdauer.<\/li>\n<\/ul>\n","protected":false},"excerpt":{"rendered":"Metallklammern f\u00fcr Textilb\u00e4nder sind zur Ladungssicherung mit textilen Verbundb\u00e4ndern konzipiert. Sie werden in Industrien eingesetzt, in denen flexible und weiche Klammern ben\u00f6tigt werden, die sich leicht an die Ladung anpassen. \n\nMetallklammern f\u00fcr Textilb\u00e4nder k\u00f6nnen verzinkt oder phosphatiert sein. Die Abmessung der Klammer h\u00e4ngt von der Breite des Textilbandes ab. Optionen sind 16, 19, 25 und 32 mm.  ","protected":false},"featured_media":2323,"template":"","meta":{"_acf_changed":false,"inline_featured_image":false},"product_cat":[1813,1823,1831,1832,1850],"product_tag":[],"class_list":{"0":"post-7225","1":"product","2":"type-product","3":"status-publish","4":"has-post-thumbnail","6":"product_cat-artikel","7":"product_cat-verpackungsmaterialien","8":"product_cat-umreifungsbander","9":"product_cat-werkzeuge-und-zubehor-fur-umreifungsbander","10":"product_cat-klammern-fur-umreifungsbander","12":"first","13":"instock","14":"product-type-simple"},"acf":[],"gallery_images":[2324,2325,2326,2327],"_links":{"self":[{"href":"https:\/\/intercommerce.si\/de\/wp-json\/wp\/v2\/product\/7225","targetHints":{"allow":["GET"]}}],"collection":[{"href":"https:\/\/intercommerce.si\/de\/wp-json\/wp\/v2\/product"}],"about":[{"href":"https:\/\/intercommerce.si\/de\/wp-json\/wp\/v2\/types\/product"}],"wp:featuredmedia":[{"embeddable":true,"href":"https:\/\/intercommerce.si\/de\/wp-json\/wp\/v2\/media\/2323"}],"wp:attachment":[{"href":"https:\/\/intercommerce.si\/de\/wp-json\/wp\/v2\/media?parent=7225"}],"wp:term":[{"taxonomy":"product_cat","embeddable":true,"href":"https:\/\/intercommerce.si\/de\/wp-json\/wp\/v2\/product_cat?post=7225"},{"taxonomy":"product_tag","embeddable":true,"href":"https:\/\/intercommerce.si\/de\/wp-json\/wp\/v2\/product_tag?post=7225"}],"curies":[{"name":"wp","href":"https:\/\/api.w.org\/{rel}","templated":true}]}}