{"id":7224,"date":"2024-06-18T15:06:05","date_gmt":"2024-06-18T13:06:05","guid":{"rendered":"https:\/\/intercommerce.si\/izdelek\/abroller-fuer-pp-pet-umreifungsbaender\/"},"modified":"2024-06-18T15:06:05","modified_gmt":"2024-06-18T13:06:05","slug":"abroller-fuer-pp-pet-umreifungsbaender","status":"publish","type":"product","link":"https:\/\/intercommerce.si\/de\/produkt\/abroller-fuer-pp-pet-umreifungsbaender\/","title":{"rendered":"Abroller f\u00fcr PP\/PET-Umreifungsb\u00e4nder"},"content":{"rendered":"<p><strong>Eigenschaften der Abroller f\u00fcr PP\/PET-Umreifungsb\u00e4nder<\/strong><\/p>\n<ul>\n<li><strong>Einfaches Abrollen der B\u00e4nder<\/strong>: Erm\u00f6glichen ein reibungsloses und st\u00f6rungsfreies Abrollen von PP- und PET-B\u00e4ndern.<\/li>\n<li><strong>Geeignet f\u00fcr verschiedene Bandbreiten<\/strong>: Sie sind mit verschiedenen Breiten von PP- und PET-B\u00e4ndern kompatibel.<\/li>\n<li><strong>Geeignet f\u00fcr verschiedene Spulendurchmesser:<\/strong> 200, 280 und 406 mm<\/li>\n<li><strong>Robuste und stabile Konstruktion<\/strong>: Hergestellt aus einem Metallrahmen mit Ablagefach.<\/li>\n<\/ul>\n","protected":false},"excerpt":{"rendered":"Abroller f\u00fcr PP- (Polypropylen) und PET- (Polyethylen) Umreifungsb\u00e4nder sind ein unverzichtbares Hilfsmittel f\u00fcr die einfache Verwendung und Lagerung von B\u00e4ndern. Sie sorgen daf\u00fcr, dass sich die B\u00e4nder w\u00e4hrend des Verpackens nicht verheddern, was ein schnelleres, besser organisiertes und effizienteres Arbeiten erm\u00f6glicht. Die Abroller sind f\u00fcr den Einsatz in verschiedenen industriellen Umgebungen konzipiert.  \n\n&nbsp;","protected":false},"featured_media":6992,"template":"","meta":{"_acf_changed":false,"inline_featured_image":false},"product_cat":[1813,1823,1831,1832,1854,1855],"product_tag":[],"class_list":{"0":"post-7224","1":"product","2":"type-product","3":"status-publish","4":"has-post-thumbnail","6":"product_cat-artikel","7":"product_cat-verpackungsmaterialien","8":"product_cat-umreifungsbander","9":"product_cat-werkzeuge-und-zubehor-fur-umreifungsbander","10":"product_cat-abroller","11":"product_cat-wagen-fur-umreifungsbander","13":"first","14":"instock","15":"product-type-simple"},"acf":[],"gallery_images":[5132],"_links":{"self":[{"href":"https:\/\/intercommerce.si\/de\/wp-json\/wp\/v2\/product\/7224","targetHints":{"allow":["GET"]}}],"collection":[{"href":"https:\/\/intercommerce.si\/de\/wp-json\/wp\/v2\/product"}],"about":[{"href":"https:\/\/intercommerce.si\/de\/wp-json\/wp\/v2\/types\/product"}],"wp:featuredmedia":[{"embeddable":true,"href":"https:\/\/intercommerce.si\/de\/wp-json\/wp\/v2\/media\/6992"}],"wp:attachment":[{"href":"https:\/\/intercommerce.si\/de\/wp-json\/wp\/v2\/media?parent=7224"}],"wp:term":[{"taxonomy":"product_cat","embeddable":true,"href":"https:\/\/intercommerce.si\/de\/wp-json\/wp\/v2\/product_cat?post=7224"},{"taxonomy":"product_tag","embeddable":true,"href":"https:\/\/intercommerce.si\/de\/wp-json\/wp\/v2\/product_tag?post=7224"}],"curies":[{"name":"wp","href":"https:\/\/api.w.org\/{rel}","templated":true}]}}