{"id":7223,"date":"2025-09-16T16:56:07","date_gmt":"2025-09-16T14:56:07","guid":{"rendered":"https:\/\/intercommerce.si\/izdelek\/mantel-folien\/"},"modified":"2025-09-16T16:56:07","modified_gmt":"2025-09-16T14:56:07","slug":"mantel-folien","status":"publish","type":"product","link":"https:\/\/intercommerce.si\/de\/produkt\/mantel-folien\/","title":{"rendered":"MANTEL-Folien"},"content":{"rendered":"<p><strong>Vorteile der MANTEL-Folie:<\/strong><\/p>\n<ol>\n<li><strong>Weniger Luft in den Ballen<\/strong><br \/>\nDie Folie erm\u00f6glicht eine besser abgedichtete Wicklung. Bei geringerer Luftzufuhr wird das Schimmelrisiko reduziert. <\/li>\n<li><strong>Bessere Silagequalit\u00e4t<\/strong><br \/>\nDurch bessere Feuchtigkeitsspeicherung, weniger Verluste durch Schimmel, stabilere Ballen, h\u00f6herer Zuckergehalt.<\/li>\n<li><strong>Leichteres \u00d6ffnen<\/strong><br \/>\nWenn der Ballen mit einem Netz gebunden ist, verf\u00e4ngt sich das Netz oft in der Silage und l\u00e4sst sich schwer entfernen. Die Folie l\u00e4sst sich beim \u00d6ffnen leichter entfernen. <\/li>\n<li><strong>Besser erfasste Randfl\u00e4chen des Ballens<\/strong><br \/>\nDie Folie kann auch um die Ballenkanten gewickelt werden, was zu einer h\u00f6heren Formstabilit\u00e4t und einem besseren Schutz der Kanten beitr\u00e4gt.<\/li>\n<li><strong>Weniger Abfall \/ einfachere Entsorgung<\/strong><br \/>\nMantel- und Stretchfolie m\u00fcssen nicht wie Netz und Folie getrennt werden, was das Recycling erleichtert.<\/li>\n<li><strong>Potenzielle wirtschaftliche Vorteile bei langfristiger Lagerung<\/strong><br \/>\nObwohl die Folie teurer ist, sind die Verluste durch schlechtere Silage, Schimmel usw. beim Netz deutlich h\u00f6her. Die Verwendung von MANTEL-Folie kann in der Praxis zu insgesamt niedrigeren Kosten f\u00fchren.  <\/li>\n<\/ol>\n","protected":false},"excerpt":{"rendered":"Die \u201eMantel\u201c-Folie ist eine spezielle Schutzfolie zum Wickeln von Ballen, die beim Ballenpressen das Netz ersetzt. Sie erm\u00f6glicht eine bessere Ballenverdichtung, einen geringeren Sauerstoffgehalt im Ballen, einen geringeren\nFolienverbrauch zum Wickeln des Ballens und eine einfachere Abfallsortierung nach dem \u00d6ffnen des Ballens. ","protected":false},"featured_media":6814,"template":"","meta":{"_acf_changed":false,"inline_featured_image":false},"product_cat":[1813,1823,1892],"product_tag":[],"class_list":{"0":"post-7223","1":"product","2":"type-product","3":"status-publish","4":"has-post-thumbnail","6":"product_cat-artikel","7":"product_cat-verpackungsmaterialien","8":"product_cat-agrarprogramm","10":"first","11":"instock","12":"taxable","13":"shipping-taxable","14":"product-type-simple"},"acf":[],"gallery_images":[6818,6815],"_links":{"self":[{"href":"https:\/\/intercommerce.si\/de\/wp-json\/wp\/v2\/product\/7223","targetHints":{"allow":["GET"]}}],"collection":[{"href":"https:\/\/intercommerce.si\/de\/wp-json\/wp\/v2\/product"}],"about":[{"href":"https:\/\/intercommerce.si\/de\/wp-json\/wp\/v2\/types\/product"}],"wp:featuredmedia":[{"embeddable":true,"href":"https:\/\/intercommerce.si\/de\/wp-json\/wp\/v2\/media\/6814"}],"wp:attachment":[{"href":"https:\/\/intercommerce.si\/de\/wp-json\/wp\/v2\/media?parent=7223"}],"wp:term":[{"taxonomy":"product_cat","embeddable":true,"href":"https:\/\/intercommerce.si\/de\/wp-json\/wp\/v2\/product_cat?post=7223"},{"taxonomy":"product_tag","embeddable":true,"href":"https:\/\/intercommerce.si\/de\/wp-json\/wp\/v2\/product_tag?post=7223"}],"curies":[{"name":"wp","href":"https:\/\/api.w.org\/{rel}","templated":true}]}}