{"id":7222,"date":"2025-09-09T12:21:49","date_gmt":"2025-09-09T10:21:49","guid":{"rendered":"https:\/\/intercommerce.si\/izdelek\/nano-stretch-maschinenfolie\/"},"modified":"2025-09-09T12:21:49","modified_gmt":"2025-09-09T10:21:49","slug":"nano-stretch-maschinenfolie","status":"publish","type":"product","link":"https:\/\/intercommerce.si\/de\/produkt\/nano-stretch-maschinenfolie\/","title":{"rendered":"Nano Stretch Maschinenfolie"},"content":{"rendered":"<p><strong>NANO Stretchfolie \u2013 die neue Generation des Ladungsschutzes<\/strong><\/p>\n<p>NANO Stretchfolien stellen die neueste Technologie zur Stabilisierung und zum Schutz von Paletten dar. Sie werden mit einer speziellen <strong>CAST-Technologie in mehreren Schichten (bis zu 55)<\/strong> hergestellt, was eine au\u00dfergew\u00f6hnliche mechanische Festigkeit, gleichm\u00e4\u00dfige Dicke und hervorragende Eigenschaften beim Wickeln gew\u00e4hrleistet. <\/p>\n<p><strong>Vorteile von NANO-Folien:<\/strong><\/p>\n<ul>\n<li><strong>Hohe Festigkeit und Widerstandsf\u00e4higkeit<\/strong> \u2013 durch die Kombination mehrerer hochwertiger Rohstoffe sind die Folien sehr widerstandsf\u00e4hig gegen Durchstiche und Risse.<\/li>\n<li><strong>D\u00fcnner, aber st\u00e4rker<\/strong> \u2013 durch die gr\u00f6\u00dfere Anzahl an Schichten erm\u00f6glichen sie eine bessere Stabilit\u00e4t der Ladung bei geringerem Folienverbrauch.<\/li>\n<li><strong>Ausgezeichnete Dehnbarkeit<\/strong> \u2013 bis zu 350 % Dehnung ohne Elastizit\u00e4tsverlust.<\/li>\n<li><strong>Ladungsstabilit\u00e4t<\/strong> \u2013 vergleichbar mit BLOWN-Folien, aber leiser und einfacher in der Anwendung.<\/li>\n<li><strong>Qualit\u00e4tsr\u00fcckverfolgbarkeit<\/strong> \u2013 jede Rolle hat ihre eigene Seriennummer, was eine vollst\u00e4ndige Qualit\u00e4tskontrolle erm\u00f6glicht.<\/li>\n<li><strong>Niedrigere Verpackungskosten<\/strong> \u2013 weniger Materialverbrauch bedeutet Einsparungen bei jeder Palettenwicklung.<\/li>\n<\/ul>\n<p>NANO-Folien sind f\u00fcr alle Arten von Palettenladungen geeignet \u2013 von gleichm\u00e4\u00dfigen bis hin zu unregelm\u00e4\u00dfigen Ladungen mit scharfen Kanten \u2013 und gew\u00e4hrleisten Sicherheit auch unter den anspruchsvollsten Transportbedingungen.<\/p>\n","protected":false},"excerpt":{"rendered":"Nano Stretchfolien sind das Ergebnis der neuesten Technologie zur Herstellung von Stretchfolie. Im Vergleich zu Super Power Folien bieten Nano Folien UV-Best\u00e4ndigkeit, bessere mechanische Eigenschaften und eine h\u00f6here Rei\u00dffestigkeit. Aufgrund ihrer mehrschichtigen, elastischen Nanostruktur erm\u00f6glichen sie eine extrem hohe Stabilisierung der Ladung bei geringerem Folienverbrauch, was niedrigere Kosten und weniger Abfall bedeutet. Sie sind die ideale L\u00f6sung f\u00fcr Unternehmen, die eine effiziente, nachhaltige und moderne Verpackungsl\u00f6sung suchen.   ","protected":false},"featured_media":6677,"template":"","meta":{"_acf_changed":false,"inline_featured_image":false},"product_cat":[1813,1823,1814,1825,1857],"product_tag":[],"class_list":{"0":"post-7222","1":"product","2":"type-product","3":"status-publish","4":"has-post-thumbnail","6":"product_cat-artikel","7":"product_cat-verpackungsmaterialien","8":"product_cat-folien","9":"product_cat-dehnfahige-stretch-folien","10":"product_cat-maschinenfolien","12":"first","13":"instock","14":"taxable","15":"shipping-taxable","16":"product-type-simple"},"acf":[],"gallery_images":[6736],"_links":{"self":[{"href":"https:\/\/intercommerce.si\/de\/wp-json\/wp\/v2\/product\/7222","targetHints":{"allow":["GET"]}}],"collection":[{"href":"https:\/\/intercommerce.si\/de\/wp-json\/wp\/v2\/product"}],"about":[{"href":"https:\/\/intercommerce.si\/de\/wp-json\/wp\/v2\/types\/product"}],"wp:featuredmedia":[{"embeddable":true,"href":"https:\/\/intercommerce.si\/de\/wp-json\/wp\/v2\/media\/6677"}],"wp:attachment":[{"href":"https:\/\/intercommerce.si\/de\/wp-json\/wp\/v2\/media?parent=7222"}],"wp:term":[{"taxonomy":"product_cat","embeddable":true,"href":"https:\/\/intercommerce.si\/de\/wp-json\/wp\/v2\/product_cat?post=7222"},{"taxonomy":"product_tag","embeddable":true,"href":"https:\/\/intercommerce.si\/de\/wp-json\/wp\/v2\/product_tag?post=7222"}],"curies":[{"name":"wp","href":"https:\/\/api.w.org\/{rel}","templated":true}]}}