{"id":7221,"date":"2025-04-08T12:27:01","date_gmt":"2025-04-08T10:27:01","guid":{"rendered":"https:\/\/intercommerce.si\/izdelek\/tesa-4668-reparatur-band-fuer-materialien\/"},"modified":"2025-04-08T12:27:01","modified_gmt":"2025-04-08T10:27:01","slug":"tesa-4668-reparatur-band-fuer-materialien","status":"publish","type":"product","link":"https:\/\/intercommerce.si\/de\/produkt\/tesa-4668-reparatur-band-fuer-materialien\/","title":{"rendered":"tesa 4668 \u2013 Reparatur-Band f\u00fcr Materialien"},"content":{"rendered":"<p><strong>Eigenschaften:<\/strong><\/p>\n<ul>\n<li>Ausgezeichnete Best\u00e4ndigkeit gegen UV-Strahlung.<\/li>\n<li>Starker, alterungsbest\u00e4ndiger Klebstoff.<\/li>\n<li>Best\u00e4ndig gegen Witterungseinfl\u00fcsse und Wasser.<\/li>\n<li>Gute Abriebfestigkeit.<\/li>\n<\/ul>\n","protected":false},"excerpt":{"rendered":"tesa\u00ae Professional 4668 Band \u2013 starkes, transparentes Klebeband f\u00fcr den Innen- und Au\u00dfenbereich, wie z. B. die Reparatur von Kunststoffmaterialien oder das Verkleben von LDPE-Folien.\n\nTesa\u00ae 4668 ist ein Polyethylenband auf Basis einer transparenten PE-Folie und eines Acrylatklebstoffs. Tesa\u00ae 4668 ist ein sehr starkes Band f\u00fcr vielf\u00e4ltige Anwendungen, das h\u00e4ufig zum Verkleben von LDPE-Folien im Bauwesen und in H\u00e4usern verwendet wird. ","protected":false},"featured_media":4213,"template":"","meta":{"_acf_changed":false,"inline_featured_image":false},"product_cat":[1846,1847,1848],"product_tag":[],"class_list":{"0":"post-7221","1":"product","2":"type-product","3":"status-publish","4":"has-post-thumbnail","6":"product_cat-klebebander","7":"product_cat-tesa-de","8":"product_cat-tesa-klebebander","10":"first","11":"instock","12":"taxable","13":"shipping-taxable","14":"product-type-simple"},"acf":[],"gallery_images":[4214],"_links":{"self":[{"href":"https:\/\/intercommerce.si\/de\/wp-json\/wp\/v2\/product\/7221","targetHints":{"allow":["GET"]}}],"collection":[{"href":"https:\/\/intercommerce.si\/de\/wp-json\/wp\/v2\/product"}],"about":[{"href":"https:\/\/intercommerce.si\/de\/wp-json\/wp\/v2\/types\/product"}],"wp:featuredmedia":[{"embeddable":true,"href":"https:\/\/intercommerce.si\/de\/wp-json\/wp\/v2\/media\/4213"}],"wp:attachment":[{"href":"https:\/\/intercommerce.si\/de\/wp-json\/wp\/v2\/media?parent=7221"}],"wp:term":[{"taxonomy":"product_cat","embeddable":true,"href":"https:\/\/intercommerce.si\/de\/wp-json\/wp\/v2\/product_cat?post=7221"},{"taxonomy":"product_tag","embeddable":true,"href":"https:\/\/intercommerce.si\/de\/wp-json\/wp\/v2\/product_tag?post=7221"}],"curies":[{"name":"wp","href":"https:\/\/api.w.org\/{rel}","templated":true}]}}