{"id":7220,"date":"2024-06-18T15:06:15","date_gmt":"2024-06-18T13:06:15","guid":{"rendered":"https:\/\/intercommerce.si\/izdelek\/kartonperforator-hsm-profipack\/"},"modified":"2024-06-18T15:06:15","modified_gmt":"2024-06-18T13:06:15","slug":"kartonperforator-hsm-profipack","status":"publish","type":"product","link":"https:\/\/intercommerce.si\/de\/produkt\/kartonperforator-hsm-profipack\/","title":{"rendered":"Kartonperforator HSM ProfiPack"},"content":{"rendered":"<p><strong>Eigenschaften von Kartonperforatoren<\/strong><\/p>\n<ul>\n<li>Die Schneidwalzen sind aus geh\u00e4rtetem Stahl gefertigt.<\/li>\n<li>Einfache Bedienung mit Drehschalter zum Ein- und Ausschalten<\/li>\n<li>Ein starker Einphasenmotor erm\u00f6glicht einen kontinuierlichen Betrieb.<\/li>\n<li>Dicke des Eingangsmaterials: 10 und 20 mm.<\/li>\n<li>Perforationsgeschwindigkeit: 135 und 170 mm\/s.<\/li>\n<li>Perforationskapazit\u00e4t: von 10 bis 15 mm.<\/li>\n<li>Dicke des Eingangsmaterials: 10 und 20 mm.<\/li>\n<li>Perforationsgeschwindigkeit: 135 und 170 nm\/s.<\/li>\n<li>Perforationsbreite: 415 und 425 mm.<\/li>\n<li>Umweltfreundlich \u2013 reduziert den Kunststoffeinsatz.<\/li>\n<\/ul>\n","protected":false},"excerpt":{"rendered":"Unternehmen, die mit Kartonverpackungsresten konfrontiert sind und gleichzeitig ein gr\u00f6\u00dferes Versandvolumen haben, bei dem der gesendete Inhalt zus\u00e4tzlich gesichert wird, entscheiden sich f\u00fcr das Werkzeug \u201eKartonperforator\u201c. Sein Zweck ist es, aus Altpapier eine F\u00fcllung herzustellen, die als F\u00fcllung zum Schutz von Waren beim Versand verwendet wird. Wir unterscheiden zwei Typen: HSM ProfiPack C400 und HSM ProfiPack P425. Der Perforator wird in Deutschland hergestellt.   ","protected":false},"featured_media":4980,"template":"","meta":{"_acf_changed":false,"inline_featured_image":false},"product_cat":[1813,1823,1824,1834,1891,1838,1836,1837],"product_tag":[],"class_list":{"0":"post-7220","1":"product","2":"type-product","3":"status-publish","4":"has-post-thumbnail","6":"product_cat-artikel","7":"product_cat-verpackungsmaterialien","8":"product_cat-schutz-von-produkten-und-fullmaterial","9":"product_cat-verpackungsfullung","10":"product_cat-kartonperforator","11":"product_cat-gerate-zur-hohlraumfullung-und-zum-schutz-von-produkten","12":"product_cat-nachhaltige-verpackung","13":"product_cat-nachhaltige-fullmaterialien-und-produktschutz","15":"first","16":"instock","17":"product-type-simple"},"acf":[],"gallery_images":[4982,4984],"_links":{"self":[{"href":"https:\/\/intercommerce.si\/de\/wp-json\/wp\/v2\/product\/7220","targetHints":{"allow":["GET"]}}],"collection":[{"href":"https:\/\/intercommerce.si\/de\/wp-json\/wp\/v2\/product"}],"about":[{"href":"https:\/\/intercommerce.si\/de\/wp-json\/wp\/v2\/types\/product"}],"wp:featuredmedia":[{"embeddable":true,"href":"https:\/\/intercommerce.si\/de\/wp-json\/wp\/v2\/media\/4980"}],"wp:attachment":[{"href":"https:\/\/intercommerce.si\/de\/wp-json\/wp\/v2\/media?parent=7220"}],"wp:term":[{"taxonomy":"product_cat","embeddable":true,"href":"https:\/\/intercommerce.si\/de\/wp-json\/wp\/v2\/product_cat?post=7220"},{"taxonomy":"product_tag","embeddable":true,"href":"https:\/\/intercommerce.si\/de\/wp-json\/wp\/v2\/product_tag?post=7220"}],"curies":[{"name":"wp","href":"https:\/\/api.w.org\/{rel}","templated":true}]}}