{"id":7219,"date":"2024-06-18T15:06:15","date_gmt":"2024-06-18T13:06:15","guid":{"rendered":"https:\/\/intercommerce.si\/izdelek\/aufblasbare-papiersaecke\/"},"modified":"2024-06-18T15:06:15","modified_gmt":"2024-06-18T13:06:15","slug":"aufblasbare-papiersaecke","status":"publish","type":"product","link":"https:\/\/intercommerce.si\/de\/produkt\/aufblasbare-papiersaecke\/","title":{"rendered":"Aufblasbare Papiers\u00e4cke"},"content":{"rendered":"<p><strong>Eigenschaften von aufblasbaren S\u00e4cken <\/strong><\/p>\n<ul>\n<li>Sie bestehen aus mehreren Schichten wasserfestem Papier und koextrudierter Folie.<\/li>\n<li>Die Rauheit des Papiers verhindert ihr Verrutschen.<\/li>\n<li>Verwendung bei Temperaturen zwischen \u201325 und + 65 \u00b0C.<\/li>\n<li>Je nach Ventiltyp ist eine einmalige oder mehrmalige Verwendung des Sacks m\u00f6glich.<\/li>\n<li>Sie sind ein umweltfreundliches Material, da sie mit sauberer Luft gef\u00fcllt sind und alle Bestandteile mit Recyclingzeichen versehen sind.<\/li>\n<\/ul>\n","protected":false},"excerpt":{"rendered":"Aufblasbare S\u00e4cke werden zum Schutz und zur Stabilisierung der Ladung beim Transport verwendet.\nMit speziellen Druckluftpistolen k\u00f6nnen sie in weniger als einer Minute bef\u00fcllt werden. Aufgrund der einfachen und schnellen Installation sind sie ein wirtschaftliches und effizientes Mittel und ein hervorragender Ersatz f\u00fcr die zeitaufwendige Ladungsstabilisierung mit Standardmaterialien wie: Holz, Draht, Seile usw.\nSie sind in verschiedenen Abmessungen und Formen erh\u00e4ltlich, sodass fast alle Arten von Ladungen damit gesichert werden k\u00f6nnen, von Palettenladungen, Rollen, Kisten, F\u00e4ssern, Kisten bis hin zu Sch\u00fcttgut. F\u00fcr eine korrekte Stabilisierung ist es wichtig, die richtige Gr\u00f6\u00dfe und Form der S\u00e4cke zu w\u00e4hlen. Aufblasbare S\u00e4cke werden im LKW-, Container-, Schienen- und Schiffstransport eingesetzt.   ","protected":false},"featured_media":6428,"template":"","meta":{"_acf_changed":false,"inline_featured_image":false},"product_cat":[1813,1823,1824,1890],"product_tag":[],"class_list":{"0":"post-7219","1":"product","2":"type-product","3":"status-publish","4":"has-post-thumbnail","6":"product_cat-artikel","7":"product_cat-verpackungsmaterialien","8":"product_cat-schutz-von-produkten-und-fullmaterial","9":"product_cat-schutz-und-stabilisierung-der-ladung-beim-transport","11":"first","12":"instock","13":"product-type-simple"},"acf":[],"gallery_images":[4994,4996],"_links":{"self":[{"href":"https:\/\/intercommerce.si\/de\/wp-json\/wp\/v2\/product\/7219","targetHints":{"allow":["GET"]}}],"collection":[{"href":"https:\/\/intercommerce.si\/de\/wp-json\/wp\/v2\/product"}],"about":[{"href":"https:\/\/intercommerce.si\/de\/wp-json\/wp\/v2\/types\/product"}],"wp:featuredmedia":[{"embeddable":true,"href":"https:\/\/intercommerce.si\/de\/wp-json\/wp\/v2\/media\/6428"}],"wp:attachment":[{"href":"https:\/\/intercommerce.si\/de\/wp-json\/wp\/v2\/media?parent=7219"}],"wp:term":[{"taxonomy":"product_cat","embeddable":true,"href":"https:\/\/intercommerce.si\/de\/wp-json\/wp\/v2\/product_cat?post=7219"},{"taxonomy":"product_tag","embeddable":true,"href":"https:\/\/intercommerce.si\/de\/wp-json\/wp\/v2\/product_tag?post=7219"}],"curies":[{"name":"wp","href":"https:\/\/api.w.org\/{rel}","templated":true}]}}