{"id":7218,"date":"2024-06-18T15:06:09","date_gmt":"2024-06-18T13:06:09","guid":{"rendered":"https:\/\/intercommerce.si\/izdelek\/activawrap-papier\/"},"modified":"2024-06-18T15:06:09","modified_gmt":"2024-06-18T13:06:09","slug":"activawrap-papier","status":"publish","type":"product","link":"https:\/\/intercommerce.si\/de\/produkt\/activawrap-papier\/","title":{"rendered":"activaWrap\u00ae Papier"},"content":{"rendered":"<p><strong>Eigenschaften des activaWrap Papiers<\/strong><\/p>\n<ul>\n<li><strong>Zusammensetzung<\/strong>: 100 % Papier (gestanztes Kraftpapier und Zwischenpapier).<\/li>\n<li><strong>Umweltfreundlich<\/strong>: Nachhaltige und innovative Verpackungsl\u00f6sung, geeignet als Ersatz f\u00fcr Luftpolsterfolie.<\/li>\n<li><strong>Produktschutz<\/strong>:\n<ul>\n<li>Die 3D-Wabenstruktur (entsteht nach der Verarbeitung mit dem activaWrap-Spender) gew\u00e4hrleistet Widerstandsf\u00e4higkeit gegen Besch\u00e4digungen w\u00e4hrend des Transports.<\/li>\n<li>Es verhindert Bruch und interne St\u00f6\u00dfe, insbesondere beim Gruppenverpacken mehrerer Gegenst\u00e4nde.<\/li>\n<\/ul>\n<\/li>\n<li><strong>Zus\u00e4tzlicher Schutz<\/strong>: Bei Kratzempfindlichkeit wird wei\u00dfes Zwischenpapier zum zus\u00e4tzlichen Schutz der Produkte verwendet.<\/li>\n<\/ul>\n","protected":false},"excerpt":{"rendered":"activaWrap Papier ist eine Kombination aus gestanztem Kraftpapier und Zwischenpapier. Es ist ein Material, das zu 100 % aus Papier besteht und eine umweltfreundliche und innovative Verpackungsl\u00f6sung darstellt. Mit seiner endg\u00fcltigen 3D-Struktur (nach der Verarbeitung mit dem activaWrap-Spender erh\u00e4lt es ein Wabenmuster) bietet es Produktschutz vor zerbrechlichen Gegenst\u00e4nden w\u00e4hrend des Transports, verhindert Besch\u00e4digungen, einschlie\u00dflich solcher, die durch interne St\u00f6\u00dfe verursacht werden, wenn mehrere Gegenst\u00e4nde zusammen verpackt sind. Es ist ein ausgezeichneter Ersatz f\u00fcr Luftpolsterfolie und umweltfreundlich. Falls Produkte sehr kratzempfindlich sind, wird das Produkt zus\u00e4tzlich mit wei\u00dfem Zwischenpapier gesch\u00fctzt.    ","protected":false},"featured_media":2371,"template":"","meta":{"_acf_changed":false,"inline_featured_image":false},"product_cat":[1813,1823,1824,1860,1867,1836,1837],"product_tag":[],"class_list":{"0":"post-7218","1":"product","2":"type-product","3":"status-publish","4":"has-post-thumbnail","6":"product_cat-artikel","7":"product_cat-verpackungsmaterialien","8":"product_cat-schutz-von-produkten-und-fullmaterial","9":"product_cat-schutz-von-produkten-vor-beschadigungen","10":"product_cat-schutz-mit-papier","11":"product_cat-nachhaltige-verpackung","12":"product_cat-nachhaltige-fullmaterialien-und-produktschutz","14":"first","15":"instock","16":"product-type-simple"},"acf":[],"gallery_images":[2372],"_links":{"self":[{"href":"https:\/\/intercommerce.si\/de\/wp-json\/wp\/v2\/product\/7218","targetHints":{"allow":["GET"]}}],"collection":[{"href":"https:\/\/intercommerce.si\/de\/wp-json\/wp\/v2\/product"}],"about":[{"href":"https:\/\/intercommerce.si\/de\/wp-json\/wp\/v2\/types\/product"}],"wp:featuredmedia":[{"embeddable":true,"href":"https:\/\/intercommerce.si\/de\/wp-json\/wp\/v2\/media\/2371"}],"wp:attachment":[{"href":"https:\/\/intercommerce.si\/de\/wp-json\/wp\/v2\/media?parent=7218"}],"wp:term":[{"taxonomy":"product_cat","embeddable":true,"href":"https:\/\/intercommerce.si\/de\/wp-json\/wp\/v2\/product_cat?post=7218"},{"taxonomy":"product_tag","embeddable":true,"href":"https:\/\/intercommerce.si\/de\/wp-json\/wp\/v2\/product_tag?post=7218"}],"curies":[{"name":"wp","href":"https:\/\/api.w.org\/{rel}","templated":true}]}}