{"id":7217,"date":"2024-06-18T15:06:09","date_gmt":"2024-06-18T13:06:09","guid":{"rendered":"https:\/\/intercommerce.si\/izdelek\/compackt-papier\/"},"modified":"2024-06-18T15:06:09","modified_gmt":"2024-06-18T13:06:09","slug":"compackt-papier","status":"publish","type":"product","link":"https:\/\/intercommerce.si\/de\/produkt\/compackt-papier\/","title":{"rendered":"ComPackt\u00ae Papier"},"content":{"rendered":"<p><strong>Eigenschaften von ComPackt\u00ae Papier, geeignet f\u00fcr F\u00fcllmaterial<\/strong><\/p>\n<ul>\n<li>Einfache und \u00f6kologische L\u00f6sung.<\/li>\n<li>Verschiedene Papiergrammaturen sind verf\u00fcgbar.<\/li>\n<li>Geeignet f\u00fcr automatische oder manuelle Papierabroller\/Kn\u00e4uelmaschinen.<\/li>\n<li>Bietet Schutz vor Besch\u00e4digungen.<\/li>\n<li>Passen sich der Gr\u00f6\u00dfe und Form des Produkts an.<\/li>\n<li>Umweltfreundliches Recyclingpapier.<\/li>\n<\/ul>\n","protected":false},"excerpt":{"rendered":"ComPackt\u00ae Papier ist ein umweltfreundliches Recyclingpapier, das platzsparend gefaltet ist. Es kann mit unseren Verpackungssystemen SPEEDMAN\u00ae und PAPERJET\u00ae \u00e4u\u00dferst effizient eingesetzt werden. Mit ihnen produzieren wir F\u00fcllmaterialien oder schaffen eine widerstandsf\u00e4hige Polsterung aus Papier.  ","protected":false},"featured_media":2404,"template":"","meta":{"_acf_changed":false,"inline_featured_image":false},"product_cat":[1813,1823,1824,1834,1835,1836,1837],"product_tag":[],"class_list":{"0":"post-7217","1":"product","2":"type-product","3":"status-publish","4":"has-post-thumbnail","6":"product_cat-artikel","7":"product_cat-verpackungsmaterialien","8":"product_cat-schutz-von-produkten-und-fullmaterial","9":"product_cat-verpackungsfullung","10":"product_cat-papier-als-fullmaterial","11":"product_cat-nachhaltige-verpackung","12":"product_cat-nachhaltige-fullmaterialien-und-produktschutz","14":"first","15":"instock","16":"product-type-simple"},"acf":[],"gallery_images":[2405,2406],"_links":{"self":[{"href":"https:\/\/intercommerce.si\/de\/wp-json\/wp\/v2\/product\/7217","targetHints":{"allow":["GET"]}}],"collection":[{"href":"https:\/\/intercommerce.si\/de\/wp-json\/wp\/v2\/product"}],"about":[{"href":"https:\/\/intercommerce.si\/de\/wp-json\/wp\/v2\/types\/product"}],"wp:featuredmedia":[{"embeddable":true,"href":"https:\/\/intercommerce.si\/de\/wp-json\/wp\/v2\/media\/2404"}],"wp:attachment":[{"href":"https:\/\/intercommerce.si\/de\/wp-json\/wp\/v2\/media?parent=7217"}],"wp:term":[{"taxonomy":"product_cat","embeddable":true,"href":"https:\/\/intercommerce.si\/de\/wp-json\/wp\/v2\/product_cat?post=7217"},{"taxonomy":"product_tag","embeddable":true,"href":"https:\/\/intercommerce.si\/de\/wp-json\/wp\/v2\/product_tag?post=7217"}],"curies":[{"name":"wp","href":"https:\/\/api.w.org\/{rel}","templated":true}]}}