{"id":7216,"date":"2024-06-18T15:05:47","date_gmt":"2024-06-18T13:05:47","guid":{"rendered":"https:\/\/intercommerce.si\/izdelek\/stretchhaubenfolien\/"},"modified":"2024-06-18T15:05:47","modified_gmt":"2024-06-18T13:05:47","slug":"stretchhaubenfolien","status":"publish","type":"product","link":"https:\/\/intercommerce.si\/de\/produkt\/stretchhaubenfolien\/","title":{"rendered":"Stretchhaubenfolien"},"content":{"rendered":"<p><strong>Eigenschaften der Stretchhaubenfolie<\/strong><\/p>\n<ul>\n<li><strong>Anpassungsf\u00e4higkeit<\/strong> \u2013 Die Stretchhaubenfolie passt sich der Form der Ladung auf der Palette an und umschlie\u00dft die Produkte fest.<\/li>\n<li><strong>Elastizit\u00e4t und Dehnbarkeit<\/strong> \u2013 Die Folie ist sehr elastisch und kann f\u00fcr optimalen Schutz gedehnt werden.<\/li>\n<li><strong>Eignung f\u00fcr die Lagerung im Freien<\/strong> \u2013 Der Schutz ist auch unter Au\u00dfenbedingungen wirksam.<\/li>\n<li><strong>Wirtschaftlichkeit<\/strong> \u2013 Eine schnelle, kosteng\u00fcnstige L\u00f6sung f\u00fcr die Verpackung von Baumaterialien, Dosen, Getr\u00e4nkeflaschen und anderen Produkten.<\/li>\n<li><strong>Bedruckbarkeit<\/strong> \u2013 Auch mit aufgedrucktem Logo nach Kundenwunsch erh\u00e4ltlich.<\/li>\n<li><strong>Recyceltes Material<\/strong> \u2013 Auch mit 30 % PCR-Material lieferbar.<\/li>\n<\/ul>\n","protected":false},"excerpt":{"rendered":"Stretchhaubenfolie ist als Schlauch geformt, der gedehnt und einfach \u00fcber die Produkte auf der Palette gezogen wird. Sie wird auf automatischen Maschinen verwendet, die f\u00fcr diesen Folientyp angepasst sind. Schrumpfhauben oder Stretchhaubenfolien ersetzen effektiv die Verwendung von PE-Folie und Stretchfolie, was besonders f\u00fcr Unternehmen mit schnellen Verpackungslinien geeignet ist.  \n\nStretchhaubenfolie ist auch mit 30 % PCR (Post Consumer Recyclable) Material erh\u00e4ltlich, was bedeutet, dass sie 30 % recyceltes LDPE-Material enth\u00e4lt, das zuvor auf dem Markt verwendet wurde und nach dem Recycling in den Produktionsprozess zur\u00fcckgef\u00fchrt wurde.\n\n&nbsp;","protected":false},"featured_media":1791,"template":"","meta":{"_acf_changed":false,"inline_featured_image":false},"product_cat":[1813,1823,1814,1889,1836,1865],"product_tag":[],"class_list":{"0":"post-7216","1":"product","2":"type-product","3":"status-publish","4":"has-post-thumbnail","6":"product_cat-artikel","7":"product_cat-verpackungsmaterialien","8":"product_cat-folien","9":"product_cat-stretchhaubenfolien","10":"product_cat-nachhaltige-verpackung","11":"product_cat-nachhaltige-stretch-und-ldpe-folien","12":"pa_aplikacija-hardware","13":"pa_debelina-mm-auf-bestellung","14":"pa_debelina-mm-100-de","15":"pa_dimenzija-mm-10002x350x010-de","16":"pa_dimenzija-mm-8102x370x010-de","17":"pa_dimenzija-mm-auf-bestellung","18":"pa_specificne-lastnosti-logodruck","19":"pa_specificne-lastnosti-uv-12-de","21":"first","22":"instock","23":"product-type-simple"},"acf":[],"gallery_images":[1792,1793],"_links":{"self":[{"href":"https:\/\/intercommerce.si\/de\/wp-json\/wp\/v2\/product\/7216","targetHints":{"allow":["GET"]}}],"collection":[{"href":"https:\/\/intercommerce.si\/de\/wp-json\/wp\/v2\/product"}],"about":[{"href":"https:\/\/intercommerce.si\/de\/wp-json\/wp\/v2\/types\/product"}],"wp:featuredmedia":[{"embeddable":true,"href":"https:\/\/intercommerce.si\/de\/wp-json\/wp\/v2\/media\/1791"}],"wp:attachment":[{"href":"https:\/\/intercommerce.si\/de\/wp-json\/wp\/v2\/media?parent=7216"}],"wp:term":[{"taxonomy":"product_cat","embeddable":true,"href":"https:\/\/intercommerce.si\/de\/wp-json\/wp\/v2\/product_cat?post=7216"},{"taxonomy":"product_tag","embeddable":true,"href":"https:\/\/intercommerce.si\/de\/wp-json\/wp\/v2\/product_tag?post=7216"}],"curies":[{"name":"wp","href":"https:\/\/api.w.org\/{rel}","templated":true}]}}