{"id":7215,"date":"2024-06-18T15:06:29","date_gmt":"2024-06-18T13:06:29","guid":{"rendered":"https:\/\/intercommerce.si\/izdelek\/vakuummaschinen-der-hs-serie\/"},"modified":"2024-06-18T15:06:29","modified_gmt":"2024-06-18T13:06:29","slug":"vakuummaschinen-der-hs-serie","status":"publish","type":"product","link":"https:\/\/intercommerce.si\/de\/produkt\/vakuummaschinen-der-hs-serie\/","title":{"rendered":"Vakuummaschinen der HS-Serie"},"content":{"rendered":"<p>Eigenschaften des St\u00e4nders:<br \/>\n\u2022 Kontinuierlicher VOLL ELEKTRISCHER Verpacker 4.0 mit 2 B\u00e4ndern<br \/>\n\u2022 Intermittierender Arbeitszyklus<br \/>\n\u2022 Quer-Schwei\u00dfbalken mit PTFE-beschichtetem Schwei\u00dfmesser, gesteuert durch Inverter und Encoder<br \/>\n\u2022 Seiten-Schwei\u00dfsystem mit Hei\u00dfmesser-Reibung<br \/>\n\u2022 FLXMOD\u00ae Steuerungssystem ausgestattet mit:<br \/>\no Bedieneroberfl\u00e4che mit Panel-PC und 7-Zoll-Farb-Touchscreen mit PLC-Benutzeroberfl\u00e4che<br \/>\no Stromversorgungs- und Steuerungsabschnitt, bestehend aus:<br \/>\n\u2022 Invertern f\u00fcr jeden Motor<br \/>\n\u2022 Eingangs-\/Ausgangs-Steuermodulen mit 16 digitalen Ein-\/Ausg\u00e4ngen<br \/>\n\u2022 Analogen Eingangs-Steuermodulen<br \/>\n\u2022 Steuermodulen zum Auslesen von Thermoelementen<br \/>\no Dieses System erm\u00f6glicht eine einfache und pr\u00e4zise Steuerung aller Operationen, wie zum Beispiel:<br \/>\n\u2022 Einstellung der H\u00f6he des Querbalkens<br \/>\n\u2022 Einstellung der doppelten Siegeltemperatur, sowohl f\u00fcr die L\u00e4ngs- als auch f\u00fcr die Quersiegelung<br \/>\n\u2022 Einstellung der Siegelzeit<br \/>\n\u2022 M\u00f6glichkeit der Verpackung einzelner Pakete oder Produktgruppen<br \/>\n\u2022 Elektronisch gesteuerte Bandgeschwindigkeit<br \/>\n\u2022 Prozessstatistik<br \/>\n\u2022 Motorisiertes Transportband-Schlie\u00dfsystem, invertergesteuert, inbegriffen<br \/>\n\u2022 Motorisiertes Mittel-Schwei\u00dfsystem<br \/>\n\u2022 50 gespeicherte Programme<br \/>\n\u2022 Eingangsband aus der Arretierung gel\u00f6st f\u00fcr einfacheres Filmeinlegen<br \/>\n\u2022 Systeme zur Folienf\u00fchrung und zur Reduzierung der Folienspannung, vor dem Querbalken und l\u00e4ngs angebracht<br \/>\n\u2022 Seitliche Vorrichtung zum Bewegen des L\u00e4ngssiegelbalkens<br \/>\n\u2022 Not-Aus-Taste<br \/>\n\u2022 Reduzierter Energieverbrauch<br \/>\n\u2022 CE-Konformit\u00e4t<\/p>\n","protected":false},"excerpt":{"rendered":"Die automatische \u00bbFull Electric\u00ab Verpackung mit dem kontinuierlichen Schwei\u00dfsystem der HS-Serie zeichnet sich durch ein hervorragendes Preis-Leistungs-Verh\u00e4ltnis und Modularit\u00e4t aus. Modelle dieser Serie sind mit oder ohne Schrumpftunnel erh\u00e4ltlich. Die HS-Serie mit kontinuierlicher Versiegelung und intermittierendem oder Box-Motion-Zyklus kann Polyolefin- und Polyethylen-, Polypropylen-Falt- oder Flachfolien mit PX-Folienf\u00fchrung verarbeiten und ist f\u00fcr Leistungen von bis zu 7200 Verpackungen\/Stunde und 9000 Paketen\/Stunde mit kundenspezifischen L\u00f6sungen geeignet.  \n\nAnwendungsbereiche:\nB\u00e4ckereien, S\u00fc\u00dfwaren, Milchprodukte, Obst und Gem\u00fcse, Fisch, Fleisch, Eier, Druckindustrie, B\u00fcromaterial, Computerindustrie, W\u00e4schereien, Haushaltsprodukte, Spielzeug, Kosmetik, Pharmazeutika, Elektro- und Elektronikindustrie, Kunststoff, Holz, Papier, Reinigungsmittel, Maschinenbau, Schmierstoffe, Koffer und Kartons, Regale, Logistik, Verpackungsdienstleister.","protected":false},"featured_media":5346,"template":"","meta":{"_acf_changed":false,"inline_featured_image":false},"product_cat":[1813,1818,1829,1871],"product_tag":[],"class_list":{"0":"post-7215","1":"product","2":"type-product","3":"status-publish","4":"has-post-thumbnail","6":"product_cat-artikel","7":"product_cat-verpackungsmaschinen-und-gerate","8":"product_cat-maschinen","9":"product_cat-maschinen-fur-die-vakuumverpackung","11":"first","12":"instock","13":"product-type-simple"},"acf":[],"gallery_images":[],"_links":{"self":[{"href":"https:\/\/intercommerce.si\/de\/wp-json\/wp\/v2\/product\/7215","targetHints":{"allow":["GET"]}}],"collection":[{"href":"https:\/\/intercommerce.si\/de\/wp-json\/wp\/v2\/product"}],"about":[{"href":"https:\/\/intercommerce.si\/de\/wp-json\/wp\/v2\/types\/product"}],"wp:featuredmedia":[{"embeddable":true,"href":"https:\/\/intercommerce.si\/de\/wp-json\/wp\/v2\/media\/5346"}],"wp:attachment":[{"href":"https:\/\/intercommerce.si\/de\/wp-json\/wp\/v2\/media?parent=7215"}],"wp:term":[{"taxonomy":"product_cat","embeddable":true,"href":"https:\/\/intercommerce.si\/de\/wp-json\/wp\/v2\/product_cat?post=7215"},{"taxonomy":"product_tag","embeddable":true,"href":"https:\/\/intercommerce.si\/de\/wp-json\/wp\/v2\/product_tag?post=7215"}],"curies":[{"name":"wp","href":"https:\/\/api.w.org\/{rel}","templated":true}]}}