{"id":7214,"date":"2024-06-18T15:06:09","date_gmt":"2024-06-18T13:06:09","guid":{"rendered":"https:\/\/intercommerce.si\/izdelek\/selbstklebende-schutzfolien\/"},"modified":"2024-06-18T15:06:09","modified_gmt":"2024-06-18T13:06:09","slug":"selbstklebende-schutzfolien","status":"publish","type":"product","link":"https:\/\/intercommerce.si\/de\/produkt\/selbstklebende-schutzfolien\/","title":{"rendered":"Selbstklebende Schutzfolien"},"content":{"rendered":"<p><strong>Eigenschaften von selbstklebenden Schutzfolien<\/strong><\/p>\n<ul>\n<li>Die Standarddicken der Folie liegen zwischen 0,035 und 0,12 mm.<\/li>\n<li>Eine Breite von weniger als 50 mm ist nur nach vorheriger Absprache auf kleineren Wicklungen m\u00f6glich.<\/li>\n<li>Schutzfolien werden in Rollen mit einer Breite von maximal 1500 mm und einer Wicklung von 100, 500 oder 1000 m hergestellt. Nach vorheriger Absprache sind auch andere Wicklungen erh\u00e4ltlich. <\/li>\n<li>Die Lebensdauer der Schutzfolie betr\u00e4gt acht Monate ab Lieferdatum bei Lagerung in einem geeigneten Raum. Die Schutzfolie muss so schnell wie m\u00f6glich nach dem Aufbringen bzw. sofort nach Ablauf ihrer Funktion entfernt werden. <\/li>\n<li>Die Grundfarben sind: transparent, schwarz-wei\u00df und blau, im Angebot auch wei\u00df, gelb und gr\u00fcn, jedoch nur nach vorheriger Absprache.<\/li>\n<li>Sie hinterlassen keine Klebstoffr\u00fcckst\u00e4nde auf dem Produkt.<\/li>\n<li>Die Entfernung der Folie ist einfach.<\/li>\n<li>M\u00f6glichkeit des UV-Schutzes bis zu 6 Monate ab dem Tag der Materiallieferung.<\/li>\n<li>M\u00f6glichkeit des Aufdrucks einer Werbebotschaft auf die Folie bei gr\u00f6\u00dferen Mengen.<\/li>\n<\/ul>\n","protected":false},"excerpt":{"rendered":"Selbstklebende Schutzfolien sind f\u00fcr den Schutz aller Arten von Oberfl\u00e4chen vor mechanischen Besch\u00e4digungen, Staub und Schmutz bei der Verarbeitung sowie der Lagerung und dem Transport verschiedener Materialien bestimmt. Die Folie wird auf eine gereinigte und entfettete Oberfl\u00e4che aufgetragen. Es ist wichtig, dass zuvor harte Partikel entfernt werden, die Sch\u00e4den an der gesch\u00fctzten Oberfl\u00e4che verursachen k\u00f6nnen. Die geeignetste Temperatur f\u00fcr das Aufbringen der Folie liegt zwischen 15 und 40 \u00b0C. Bei einer Temperatur unter + 5 \u00b0C kann es zu Kondensation kommen, die den Grad der Haftung der Schutzfolie stark beeinflusst.    \n\nJe nach Art und Gl\u00e4tte der zu sch\u00fctzenden Oberfl\u00e4che sowie Art und Grad der Verarbeitung der Schutzfolie unterscheiden wir:\n\u2022 nach Dicke\n\u2022 nach Grad der Klebrigkeit\n\u2022 nach Art des Klebstoffs\n\u2022 nach Grad des UV-Schutzes","protected":false},"featured_media":2099,"template":"","meta":{"_acf_changed":false,"inline_featured_image":false},"product_cat":[1813,1823,1824,1860,1888],"product_tag":[],"class_list":{"0":"post-7214","1":"product","2":"type-product","3":"status-publish","4":"has-post-thumbnail","6":"product_cat-artikel","7":"product_cat-verpackungsmaterialien","8":"product_cat-schutz-von-produkten-und-fullmaterial","9":"product_cat-schutz-von-produkten-vor-beschadigungen","10":"product_cat-selbstklebende-schutzfolien","12":"first","13":"instock","14":"product-type-simple"},"acf":[],"gallery_images":[2100,2101],"_links":{"self":[{"href":"https:\/\/intercommerce.si\/de\/wp-json\/wp\/v2\/product\/7214","targetHints":{"allow":["GET"]}}],"collection":[{"href":"https:\/\/intercommerce.si\/de\/wp-json\/wp\/v2\/product"}],"about":[{"href":"https:\/\/intercommerce.si\/de\/wp-json\/wp\/v2\/types\/product"}],"wp:featuredmedia":[{"embeddable":true,"href":"https:\/\/intercommerce.si\/de\/wp-json\/wp\/v2\/media\/2099"}],"wp:attachment":[{"href":"https:\/\/intercommerce.si\/de\/wp-json\/wp\/v2\/media?parent=7214"}],"wp:term":[{"taxonomy":"product_cat","embeddable":true,"href":"https:\/\/intercommerce.si\/de\/wp-json\/wp\/v2\/product_cat?post=7214"},{"taxonomy":"product_tag","embeddable":true,"href":"https:\/\/intercommerce.si\/de\/wp-json\/wp\/v2\/product_tag?post=7214"}],"curies":[{"name":"wp","href":"https:\/\/api.w.org\/{rel}","templated":true}]}}