{"id":7211,"date":"2024-06-18T15:06:09","date_gmt":"2024-06-18T13:06:09","guid":{"rendered":"https:\/\/intercommerce.si\/izdelek\/speedman-max-papierknuellmaschine\/"},"modified":"2024-06-18T15:06:09","modified_gmt":"2024-06-18T13:06:09","slug":"speedman-max-papierknuellmaschine","status":"publish","type":"product","link":"https:\/\/intercommerce.si\/de\/produkt\/speedman-max-papierknuellmaschine\/","title":{"rendered":"SPEEDMAN\u00ae MAX \u2013 Papierkn\u00fcllmaschine"},"content":{"rendered":"<p><strong>Eigenschaft der SPEEDMAN\u00ae MAX Papierkn\u00fcllmaschine<\/strong><\/p>\n<ul>\n<li><strong>H\u00f6here Verpackungseffizienz<\/strong> \u2013 als schnellstes Papierf\u00fcllsystem der Welt wird Ihr Verpackungsprozess erheblich beschleunigt.<\/li>\n<li><strong>Maximale Effizienz<\/strong> \u2013 die verbesserte Leistung stellt sicher, dass die Verpackung mit einem geringen Personalaufwand durchgef\u00fchrt werden kann.<\/li>\n<li><strong>Umweltfreundliche Verpackung<\/strong> \u2013 f\u00fcr die Verwendung von umweltfreundlichem Recyclingpapier.<\/li>\n<\/ul>\n","protected":false},"excerpt":{"rendered":"SPEEDMAN\u00ae MAX \u2013 schnellster Spender, einstellbare Geschwindigkeit und Schnittl\u00e4nge. Gro\u00dfer Vorratsbeh\u00e4lter f\u00fcr Endlospapier. ","protected":false},"featured_media":6552,"template":"","meta":{"_acf_changed":false,"inline_featured_image":false},"product_cat":[1813,1838,1837,1836,1835,1824,1834,1823],"product_tag":[],"class_list":{"0":"post-7211","1":"product","2":"type-product","3":"status-publish","4":"has-post-thumbnail","6":"product_cat-artikel","7":"product_cat-gerate-zur-hohlraumfullung-und-zum-schutz-von-produkten","8":"product_cat-nachhaltige-fullmaterialien-und-produktschutz","9":"product_cat-nachhaltige-verpackung","10":"product_cat-papier-als-fullmaterial","11":"product_cat-schutz-von-produkten-und-fullmaterial","12":"product_cat-verpackungsfullung","13":"product_cat-verpackungsmaterialien","15":"first","16":"instock","17":"product-type-simple"},"acf":[],"gallery_images":[5186,5188],"_links":{"self":[{"href":"https:\/\/intercommerce.si\/de\/wp-json\/wp\/v2\/product\/7211","targetHints":{"allow":["GET"]}}],"collection":[{"href":"https:\/\/intercommerce.si\/de\/wp-json\/wp\/v2\/product"}],"about":[{"href":"https:\/\/intercommerce.si\/de\/wp-json\/wp\/v2\/types\/product"}],"wp:featuredmedia":[{"embeddable":true,"href":"https:\/\/intercommerce.si\/de\/wp-json\/wp\/v2\/media\/6552"}],"wp:attachment":[{"href":"https:\/\/intercommerce.si\/de\/wp-json\/wp\/v2\/media?parent=7211"}],"wp:term":[{"taxonomy":"product_cat","embeddable":true,"href":"https:\/\/intercommerce.si\/de\/wp-json\/wp\/v2\/product_cat?post=7211"},{"taxonomy":"product_tag","embeddable":true,"href":"https:\/\/intercommerce.si\/de\/wp-json\/wp\/v2\/product_tag?post=7211"}],"curies":[{"name":"wp","href":"https:\/\/api.w.org\/{rel}","templated":true}]}}