{"id":7209,"date":"2024-06-18T15:06:05","date_gmt":"2024-06-18T13:06:05","guid":{"rendered":"https:\/\/intercommerce.si\/izdelek\/dokumententaschen\/"},"modified":"2024-06-18T15:06:05","modified_gmt":"2024-06-18T13:06:05","slug":"dokumententaschen","status":"publish","type":"product","link":"https:\/\/intercommerce.si\/de\/produkt\/dokumententaschen\/","title":{"rendered":"Dokumententaschen"},"content":{"rendered":"<p><strong>Eigenschaften von Dokumententaschen<\/strong><\/p>\n<ul>\n<li><strong>Universelle Anwendung<\/strong>: Geeignet f\u00fcr Rechnungen, Lieferscheine, Frachtbriefe, Anleitungen und andere Begleitdokumente.<\/li>\n<li><strong>Verschiedene Gr\u00f6\u00dfen<\/strong>: Erh\u00e4ltlich in verschiedenen Gr\u00f6\u00dfen zur Anpassung an unterschiedliche Dokumententypen.<\/li>\n<li><strong>Witterungsbest\u00e4ndigkeit<\/strong>: Sch\u00fctzen Dokumente vor Regen, Feuchtigkeit und Schmutz.<\/li>\n<li><strong>Einfache Handhabung<\/strong>: Schnelle Anbringung ohne zus\u00e4tzliche Hilfsmittel.<\/li>\n<li><strong>Sorgt f\u00fcr ein professionelles Erscheinungsbild<\/strong>: Ordentliche und sichere Pr\u00e4sentation der Dokumentation.<\/li>\n<li><strong>Geeignet f\u00fcr Transport und Lagerung<\/strong>: Ideal f\u00fcr Logistik, Distribution und Lagerprozesse.<\/li>\n<li><strong>Zuverl\u00e4ssige L\u00f6sung<\/strong>: Verhindern den Verlust oder die Besch\u00e4digung wichtiger Dokumente w\u00e4hrend des Versands.<\/li>\n<\/ul>\n","protected":false},"excerpt":{"rendered":"Dokumententaschen sind eine ausgezeichnete L\u00f6sung zum Schutz und zur Befestigung von Begleitdokumenten an Paketen, Paletten oder anderen Verpackungen. Sie werden aus hochwertigen Materialien hergestellt, die Langlebigkeit, Witterungsbest\u00e4ndigkeit und eine sichere Aufbewahrung der Dokumente gew\u00e4hrleisten. Mit ihrer selbstklebenden R\u00fcckseite lassen sie sich einfach auf verschiedenen Oberfl\u00e4chen anbringen. Dokumente wie Rechnungen, Lieferscheine, Frachtbriefe oder technische Informationen bleiben sichtbar, trocken und vor Besch\u00e4digungen w\u00e4hrend des Transports gesch\u00fctzt.   ","protected":false},"featured_media":2068,"template":"","meta":{"_acf_changed":false,"inline_featured_image":false},"product_cat":[1813,1823,1885,1886],"product_tag":[],"class_list":{"0":"post-7209","1":"product","2":"type-product","3":"status-publish","4":"has-post-thumbnail","6":"product_cat-artikel","7":"product_cat-verpackungsmaterialien","8":"product_cat-sacke","9":"product_cat-dokumententaschen","11":"first","12":"instock","13":"product-type-simple"},"acf":[],"gallery_images":[2069],"_links":{"self":[{"href":"https:\/\/intercommerce.si\/de\/wp-json\/wp\/v2\/product\/7209","targetHints":{"allow":["GET"]}}],"collection":[{"href":"https:\/\/intercommerce.si\/de\/wp-json\/wp\/v2\/product"}],"about":[{"href":"https:\/\/intercommerce.si\/de\/wp-json\/wp\/v2\/types\/product"}],"wp:featuredmedia":[{"embeddable":true,"href":"https:\/\/intercommerce.si\/de\/wp-json\/wp\/v2\/media\/2068"}],"wp:attachment":[{"href":"https:\/\/intercommerce.si\/de\/wp-json\/wp\/v2\/media?parent=7209"}],"wp:term":[{"taxonomy":"product_cat","embeddable":true,"href":"https:\/\/intercommerce.si\/de\/wp-json\/wp\/v2\/product_cat?post=7209"},{"taxonomy":"product_tag","embeddable":true,"href":"https:\/\/intercommerce.si\/de\/wp-json\/wp\/v2\/product_tag?post=7209"}],"curies":[{"name":"wp","href":"https:\/\/api.w.org\/{rel}","templated":true}]}}