{"id":7208,"date":"2024-06-18T15:06:00","date_gmt":"2024-06-18T13:06:00","guid":{"rendered":"https:\/\/intercommerce.si\/izdelek\/tesapack-6300-handabroller-fuer-klebeband\/"},"modified":"2024-06-18T15:06:00","modified_gmt":"2024-06-18T13:06:00","slug":"tesapack-6300-handabroller-fuer-klebeband","status":"publish","type":"product","link":"https:\/\/intercommerce.si\/de\/produkt\/tesapack-6300-handabroller-fuer-klebeband\/","title":{"rendered":"tesapack\u00ae 6300 \u2013 Handabroller f\u00fcr Klebeband"},"content":{"rendered":"<p>Eigenschaften des Handabrollers f\u00fcr Klebeband tesapack\u00ae 6300:<\/p>\n<ul>\n<li>Er hat einen hochwertigen Gummigriff, der einen komfortablen und zuverl\u00e4ssigen Halt des Abrollers gew\u00e4hrleistet.<\/li>\n<li>Er ist handlich und ergonomisch geformt und verbessert gleichzeitig das Endergebnis beim Verkleben.<\/li>\n<li>Die ger\u00e4uscharme Funktion sorgt f\u00fcr ein sanftes Abrollen und damit f\u00fcr ein leises Arbeiten.<\/li>\n<li>Die Bremse erm\u00f6glicht eine individuelle Einstellung der Abrollgeschwindigkeit.<\/li>\n<li>Wirtschaftliches Arbeiten \u2013 weniger Rollenwechsel bei Verwendung von Klebeband mit 132 Metern Laufl\u00e4nge.<\/li>\n<li>Das System der verdeckten Klinge bietet besonderen Schutz vor Verletzungen ( Klingenschutz ).<\/li>\n<li>Der Abroller tesa\u00ae 6400 ist f\u00fcr Klebeb\u00e4nder bis zu 50 mm Breite geeignet.<\/li>\n<\/ul>\n","protected":false},"excerpt":{"rendered":"Der Handabroller tesapack\u00ae 6300 ist ein preisg\u00fcnstiger Abroller f\u00fcr das manuelle Verkleben aller Arten von Verpackungsb\u00e4ndern. Die Klinge ist gesch\u00fctzt, um Verletzungen zu vermeiden. ","protected":false},"featured_media":5100,"template":"","meta":{"_acf_changed":false,"inline_featured_image":false},"product_cat":[1813,1823,1846,1847,1883,1884],"product_tag":[],"class_list":{"0":"post-7208","1":"product","2":"type-product","3":"status-publish","4":"has-post-thumbnail","6":"product_cat-artikel","7":"product_cat-verpackungsmaterialien","8":"product_cat-klebebander","9":"product_cat-tesa-de","10":"product_cat-klebebandabroller","11":"product_cat-klebebandabroller-de","12":"pa_aplikacija-handbuch","14":"first","15":"instock","16":"product-type-simple"},"acf":[],"gallery_images":[5102],"_links":{"self":[{"href":"https:\/\/intercommerce.si\/de\/wp-json\/wp\/v2\/product\/7208","targetHints":{"allow":["GET"]}}],"collection":[{"href":"https:\/\/intercommerce.si\/de\/wp-json\/wp\/v2\/product"}],"about":[{"href":"https:\/\/intercommerce.si\/de\/wp-json\/wp\/v2\/types\/product"}],"wp:featuredmedia":[{"embeddable":true,"href":"https:\/\/intercommerce.si\/de\/wp-json\/wp\/v2\/media\/5100"}],"wp:attachment":[{"href":"https:\/\/intercommerce.si\/de\/wp-json\/wp\/v2\/media?parent=7208"}],"wp:term":[{"taxonomy":"product_cat","embeddable":true,"href":"https:\/\/intercommerce.si\/de\/wp-json\/wp\/v2\/product_cat?post=7208"},{"taxonomy":"product_tag","embeddable":true,"href":"https:\/\/intercommerce.si\/de\/wp-json\/wp\/v2\/product_tag?post=7208"}],"curies":[{"name":"wp","href":"https:\/\/api.w.org\/{rel}","templated":true}]}}