{"id":7207,"date":"2024-06-18T15:06:00","date_gmt":"2024-06-18T13:06:00","guid":{"rendered":"https:\/\/intercommerce.si\/izdelek\/tesa-6037-halbautomatischer-tischabroller-fuer-klebeband\/"},"modified":"2024-06-18T15:06:00","modified_gmt":"2024-06-18T13:06:00","slug":"tesa-6037-halbautomatischer-tischabroller-fuer-klebeband","status":"publish","type":"product","link":"https:\/\/intercommerce.si\/de\/produkt\/tesa-6037-halbautomatischer-tischabroller-fuer-klebeband\/","title":{"rendered":"tesa\u00ae 6037 \u2013 halbautomatischer Tischabroller f\u00fcr Klebeband"},"content":{"rendered":"<p>Eigenschaften des halbautomatischen Tischabrollers f\u00fcr Klebeband tesa\u00ae 6037:<\/p>\n<ul>\n<li>zum Verschlie\u00dfen kleiner Pakete,<\/li>\n<li>mit Hebel,<\/li>\n<li>bleibt stabil, ohne befestigt werden zu m\u00fcssen.<\/li>\n<\/ul>\n","protected":false},"excerpt":{"rendered":"Der tesa\u00ae 6037 ist ein mechanischer Abroller, bei dem die Bandl\u00e4nge eingestellt und durch Dr\u00fccken eines Hebels geschnitten wird. Die maximal einstellbare Bandl\u00e4nge betr\u00e4gt 10 cm. Die kompakte Gr\u00f6\u00dfe des tesa\u00ae 6037 Abrollers gew\u00e4hrleistet, dass er stabil bleibt, ohne auf der Unterlage befestigt werden zu m\u00fcssen.  ","protected":false},"featured_media":5108,"template":"","meta":{"_acf_changed":false,"inline_featured_image":false},"product_cat":[1813,1823,1846,1847,1883,1884],"product_tag":[],"class_list":{"0":"post-7207","1":"product","2":"type-product","3":"status-publish","4":"has-post-thumbnail","6":"product_cat-artikel","7":"product_cat-verpackungsmaterialien","8":"product_cat-klebebander","9":"product_cat-tesa-de","10":"product_cat-klebebandabroller","11":"product_cat-klebebandabroller-de","12":"pa_aplikacija-handbuch","14":"first","15":"instock","16":"product-type-simple"},"acf":[],"gallery_images":[5110],"_links":{"self":[{"href":"https:\/\/intercommerce.si\/de\/wp-json\/wp\/v2\/product\/7207","targetHints":{"allow":["GET"]}}],"collection":[{"href":"https:\/\/intercommerce.si\/de\/wp-json\/wp\/v2\/product"}],"about":[{"href":"https:\/\/intercommerce.si\/de\/wp-json\/wp\/v2\/types\/product"}],"wp:featuredmedia":[{"embeddable":true,"href":"https:\/\/intercommerce.si\/de\/wp-json\/wp\/v2\/media\/5108"}],"wp:attachment":[{"href":"https:\/\/intercommerce.si\/de\/wp-json\/wp\/v2\/media?parent=7207"}],"wp:term":[{"taxonomy":"product_cat","embeddable":true,"href":"https:\/\/intercommerce.si\/de\/wp-json\/wp\/v2\/product_cat?post=7207"},{"taxonomy":"product_tag","embeddable":true,"href":"https:\/\/intercommerce.si\/de\/wp-json\/wp\/v2\/product_tag?post=7207"}],"curies":[{"name":"wp","href":"https:\/\/api.w.org\/{rel}","templated":true}]}}