{"id":7204,"date":"2024-06-18T15:05:55","date_gmt":"2024-06-18T13:05:55","guid":{"rendered":"https:\/\/intercommerce.si\/izdelek\/tesa-4288-spezialklebeband-auf-polypropylenbasis-mit-hoher-zugfestigkeit\/"},"modified":"2024-06-18T15:05:55","modified_gmt":"2024-06-18T13:05:55","slug":"tesa-4288-spezialklebeband-auf-polypropylenbasis-mit-hoher-zugfestigkeit","status":"publish","type":"product","link":"https:\/\/intercommerce.si\/de\/produkt\/tesa-4288-spezialklebeband-auf-polypropylenbasis-mit-hoher-zugfestigkeit\/","title":{"rendered":"tesa\u00ae 4288 \u2013 Spezialklebeband auf Polypropylenbasis mit hoher Zugfestigkeit"},"content":{"rendered":"<p>Eigenschaften des tesa\u00ae 4288 Klebebands:<\/p>\n<p>Tesa\u00ae 4288 \u2013 Spezialklebeband wird am h\u00e4ufigsten zum Verbinden von Metall-, Kupfer-, Kunststoff- und Aluminiumprofilen, St\u00e4ben und Spulen verwendet. Es ist best\u00e4ndig gegen hohe Temperaturen und UV-Strahlen. Bei der Entfernung hinterl\u00e4sst es keine R\u00fcckst\u00e4nde.  <\/p>\n","protected":false},"excerpt":{"rendered":"tesa\u00ae 4288 ist ein zugfestes Klebeband f\u00fcr mittlere Beanspruchungen. Es zeichnet sich durch eine hohe Festigkeit und gleichzeitig eine geringe Dehnung aus. Es ist best\u00e4ndig gegen Hitze und K\u00e4lte, durch den schwarzen Tr\u00e4ger auch gegen UV-Licht. Der Klebstoff ist aus Naturkautschuk und hat eine ausgezeichnete Haftung auf verschiedenen Untergr\u00fcnden. Bei der Entfernung hinterl\u00e4sst es keine R\u00fcckst\u00e4nde.    ","protected":false},"featured_media":1847,"template":"","meta":{"_acf_changed":false,"inline_featured_image":false},"product_cat":[1813,1823,1846,1847,1848],"product_tag":[],"class_list":{"0":"post-7204","1":"product","2":"type-product","3":"status-publish","4":"has-post-thumbnail","6":"product_cat-artikel","7":"product_cat-verpackungsmaterialien","8":"product_cat-klebebander","9":"product_cat-tesa-de","10":"product_cat-tesa-klebebander","11":"pa_aplikacija-handbuch","12":"pa_barva-schwarz","13":"pa_navitje-na-roli-m-66-de","14":"pa_nosilec-mopp-monoorientiertes-polypropylen-de","15":"pa_sirina-mm-25-de","16":"pa_st-izdelkov-v-skatli-72-de","17":"pa_vrsta-lepila-naturkautschuk-losungsmittel","19":"first","20":"instock","21":"product-type-simple"},"acf":[],"gallery_images":[1848],"_links":{"self":[{"href":"https:\/\/intercommerce.si\/de\/wp-json\/wp\/v2\/product\/7204","targetHints":{"allow":["GET"]}}],"collection":[{"href":"https:\/\/intercommerce.si\/de\/wp-json\/wp\/v2\/product"}],"about":[{"href":"https:\/\/intercommerce.si\/de\/wp-json\/wp\/v2\/types\/product"}],"wp:featuredmedia":[{"embeddable":true,"href":"https:\/\/intercommerce.si\/de\/wp-json\/wp\/v2\/media\/1847"}],"wp:attachment":[{"href":"https:\/\/intercommerce.si\/de\/wp-json\/wp\/v2\/media?parent=7204"}],"wp:term":[{"taxonomy":"product_cat","embeddable":true,"href":"https:\/\/intercommerce.si\/de\/wp-json\/wp\/v2\/product_cat?post=7204"},{"taxonomy":"product_tag","embeddable":true,"href":"https:\/\/intercommerce.si\/de\/wp-json\/wp\/v2\/product_tag?post=7204"}],"curies":[{"name":"wp","href":"https:\/\/api.w.org\/{rel}","templated":true}]}}