{"id":7203,"date":"2024-06-18T15:05:55","date_gmt":"2024-06-18T13:05:55","guid":{"rendered":"https:\/\/intercommerce.si\/izdelek\/tesa-60408-papier-packband-mit-hochwertigem-papiertraeger\/"},"modified":"2024-06-18T15:05:55","modified_gmt":"2024-06-18T13:05:55","slug":"tesa-60408-papier-packband-mit-hochwertigem-papiertraeger","status":"publish","type":"product","link":"https:\/\/intercommerce.si\/de\/produkt\/tesa-60408-papier-packband-mit-hochwertigem-papiertraeger\/","title":{"rendered":"tesa\u00ae 60408 \u2013 Papier-Packband mit hochwertigem Papiertr\u00e4ger"},"content":{"rendered":"<p>Eigenschaften des tesa\u00ae 60400 Klebebands:<\/p>\n<ul>\n<li>Papiertr\u00e4ger aus Papier aus nachhaltig bewirtschafteten W\u00e4ldern,<\/li>\n<li>rei\u00dffest,<\/li>\n<li>starke Haftung auf verschiedenen Kartons.<\/li>\n<\/ul>\n","protected":false},"excerpt":{"rendered":"tesa\u00ae 60408 ist ein Papier-Packband mit einem hochwertigen Papiertr\u00e4ger und einer leistungsstarken wasserbasierten Klebemasse aus Naturkautschuk. Der Papiertr\u00e4ger von tesa\u00ae 60408 wird aus Papier aus nachhaltig bewirtschafteten W\u00e4ldern und anderen kontrollierten Quellen hergestellt. Dieser hochwertige Papiertr\u00e4ger ist rei\u00dffest und hat eine hohe Zugfestigkeit. Das leistungsstarke Klebesystem aus Naturkautschuk sorgt f\u00fcr eine starke Haftung und eine gute Anfangshaftung auf verschiedenen hochwertigen Kartons.\ntesa\u00ae 60408 ist die perfekte L\u00f6sung f\u00fcr leichte und mittelschwere Verpackungsanwendungen (bis maximal 20 kg).   ","protected":false},"featured_media":1907,"template":"","meta":{"_acf_changed":false,"inline_featured_image":false},"product_cat":[1813,1823,1846,1847,1848,1836,1858,1859],"product_tag":[],"class_list":{"0":"post-7203","1":"product","2":"type-product","3":"status-publish","4":"has-post-thumbnail","6":"product_cat-artikel","7":"product_cat-verpackungsmaterialien","8":"product_cat-klebebander","9":"product_cat-tesa-de","10":"product_cat-tesa-klebebander","11":"product_cat-nachhaltige-verpackung","12":"product_cat-nachhaltige-klebebander","13":"product_cat-verpackungsklebebander","14":"pa_aplikacija-handbuch","15":"pa_barva-braun","16":"pa_navitje-na-roli-m-50-de","17":"pa_nosilec-papier","18":"pa_sirina-mm-50-de","19":"pa_sirina-mm-75-de","20":"pa_st-izdelkov-v-skatli-36-de","21":"pa_vrsta-lepila-naturkautschuk","23":"first","24":"instock","25":"product-type-simple"},"acf":[],"gallery_images":[1908],"_links":{"self":[{"href":"https:\/\/intercommerce.si\/de\/wp-json\/wp\/v2\/product\/7203","targetHints":{"allow":["GET"]}}],"collection":[{"href":"https:\/\/intercommerce.si\/de\/wp-json\/wp\/v2\/product"}],"about":[{"href":"https:\/\/intercommerce.si\/de\/wp-json\/wp\/v2\/types\/product"}],"wp:featuredmedia":[{"embeddable":true,"href":"https:\/\/intercommerce.si\/de\/wp-json\/wp\/v2\/media\/1907"}],"wp:attachment":[{"href":"https:\/\/intercommerce.si\/de\/wp-json\/wp\/v2\/media?parent=7203"}],"wp:term":[{"taxonomy":"product_cat","embeddable":true,"href":"https:\/\/intercommerce.si\/de\/wp-json\/wp\/v2\/product_cat?post=7203"},{"taxonomy":"product_tag","embeddable":true,"href":"https:\/\/intercommerce.si\/de\/wp-json\/wp\/v2\/product_tag?post=7203"}],"curies":[{"name":"wp","href":"https:\/\/api.w.org\/{rel}","templated":true}]}}