{"id":7202,"date":"2024-06-18T15:05:55","date_gmt":"2024-06-18T13:05:55","guid":{"rendered":"https:\/\/intercommerce.si\/izdelek\/tesa-60418-nachhaltiges-klebeband\/"},"modified":"2024-06-18T15:05:55","modified_gmt":"2024-06-18T13:05:55","slug":"tesa-60418-nachhaltiges-klebeband","status":"publish","type":"product","link":"https:\/\/intercommerce.si\/de\/produkt\/tesa-60418-nachhaltiges-klebeband\/","title":{"rendered":"tesa\u00ae 60418 \u2013 nachhaltiges Klebeband"},"content":{"rendered":"<p>Eigenschaften des tesa\u00ae 60418 Klebebands:<\/p>\n<ul>\n<li>d\u00fcnner Tr\u00e4ger, aber rei\u00dffest,<\/li>\n<li>hergestellt aus 85 % recyceltem Kunststoff (Post-Consumer-Abfall), was zur Abfallreduzierung beitr\u00e4gt.<\/li>\n<li>mit geringer Abrollkraft und sofortigem Verschluss ist es perfekt f\u00fcr automatisierte Verpackungslinien.<\/li>\n<\/ul>\n","protected":false},"excerpt":{"rendered":"tesa\u00ae 60418 ist ein nachhaltiges Verschlussband f\u00fcr leichte bis mittelschwere Kartons mit einem Gesamtanteil an recycelten Materialien von 60 %. tesa\u00ae 60418 besteht aus synthetischem Kautschuk und einem sehr d\u00fcnnen Polyestertr\u00e4ger, der zu \u00fcber 85 % aus recyceltem Kunststoffabfall hergestellt wird. Aufgrund der hervorragenden Eigenschaften des Tr\u00e4germaterials ist tesa\u00ae 60418 gleichzeitig d\u00fcnn und flexibel, aber rei\u00dffest.\ntesa 60418 ist eine ausgezeichnete Wahl f\u00fcr das Verpacken gro\u00dfer Mengen, wo Effizienz und Nachhaltigkeit Schl\u00fcsselfaktoren sind.  ","protected":false},"featured_media":1913,"template":"","meta":{"_acf_changed":false,"inline_featured_image":false},"product_cat":[1813,1823,1846,1847,1848,1836,1858,1859],"product_tag":[],"class_list":{"0":"post-7202","1":"product","2":"type-product","3":"status-publish","4":"has-post-thumbnail","6":"product_cat-artikel","7":"product_cat-verpackungsmaterialien","8":"product_cat-klebebander","9":"product_cat-tesa-de","10":"product_cat-tesa-klebebander","11":"product_cat-nachhaltige-verpackung","12":"product_cat-nachhaltige-klebebander","13":"product_cat-verpackungsklebebander","14":"pa_aplikacija-handbuch","15":"pa_aplikacija-hardware","16":"pa_barva-weiss-de","17":"pa_barva-braun","18":"pa_barva-transparent-de","19":"pa_navitje-na-roli-m-132-de","20":"pa_navitje-na-roli-m-1500-de","21":"pa_nosilec-pet-85-recyceltes-mateiral","22":"pa_sirina-mm-50-de","23":"pa_st-izdelkov-v-skatli-24-de","24":"pa_st-izdelkov-v-skatli-6-de","25":"pa_vrsta-lepila-synthetischer-kautschuk","27":"first","28":"instock","29":"product-type-simple"},"acf":[],"gallery_images":[1914],"_links":{"self":[{"href":"https:\/\/intercommerce.si\/de\/wp-json\/wp\/v2\/product\/7202","targetHints":{"allow":["GET"]}}],"collection":[{"href":"https:\/\/intercommerce.si\/de\/wp-json\/wp\/v2\/product"}],"about":[{"href":"https:\/\/intercommerce.si\/de\/wp-json\/wp\/v2\/types\/product"}],"wp:featuredmedia":[{"embeddable":true,"href":"https:\/\/intercommerce.si\/de\/wp-json\/wp\/v2\/media\/1913"}],"wp:attachment":[{"href":"https:\/\/intercommerce.si\/de\/wp-json\/wp\/v2\/media?parent=7202"}],"wp:term":[{"taxonomy":"product_cat","embeddable":true,"href":"https:\/\/intercommerce.si\/de\/wp-json\/wp\/v2\/product_cat?post=7202"},{"taxonomy":"product_tag","embeddable":true,"href":"https:\/\/intercommerce.si\/de\/wp-json\/wp\/v2\/product_tag?post=7202"}],"curies":[{"name":"wp","href":"https:\/\/api.w.org\/{rel}","templated":true}]}}