{"id":7200,"date":"2024-06-18T15:05:51","date_gmt":"2024-06-18T13:05:51","guid":{"rendered":"https:\/\/intercommerce.si\/izdelek\/bedruckte-klebebaender\/"},"modified":"2024-06-18T15:05:51","modified_gmt":"2024-06-18T13:05:51","slug":"bedruckte-klebebaender","status":"publish","type":"product","link":"https:\/\/intercommerce.si\/de\/produkt\/bedruckte-klebebaender\/","title":{"rendered":"Bedruckte Klebeb\u00e4nder"},"content":{"rendered":"<p><strong>Eigenschaften von bedruckten Klebeb\u00e4ndern<\/strong><\/p>\n<ul>\n<li><strong>Erh\u00f6hen die Markenbekanntheit<\/strong>: Der Aufdruck mit Logo oder Slogan hilft bei der F\u00f6rderung und Festigung der Identit\u00e4t Ihrer Marke.<\/li>\n<li><strong>St\u00e4rken die Wiedererkennung des Unternehmens<\/strong>: Personalisierte B\u00e4nder verbessern die Sichtbarkeit Ihres Unternehmens und erzeugen einen professionellen Eindruck bei den Kunden.<\/li>\n<li><strong>Gew\u00e4hrleisten die Sicherheit der Verpackung<\/strong>: Das bedruckte Band zeigt deutlich, ob die Kartonverpackung ge\u00f6ffnet wurde, was zus\u00e4tzlichen Schutz und Vertrauen bei der Lieferung gew\u00e4hrleistet.<\/li>\n<\/ul>\n","protected":false},"excerpt":{"rendered":"Bedruckte Klebeb\u00e4nder sind eine ausgezeichnete Werbung f\u00fcr das Unternehmen, verleihen der Verpackung ein einzigartiges Aussehen und festigen die Wiedererkennung der Marke oder des Firmennamens. Sie k\u00f6nnen sowohl f\u00fcr die maschinelle als auch f\u00fcr die manuelle Anwendung auf PP- oder PVC-B\u00e4nder gedruckt werden. Da das bedruckte Klebeband einzigartig ist, kann die Verpackung w\u00e4hrend des Transports und der Lagerung nicht unbemerkt ge\u00f6ffnet werden. Der Aufdruck erfolgt nach den W\u00fcnschen des Kunden, z. B. mit Logo, Firmenadresse, Anweisungen, Codes oder Warnhinweisen (z. B. zerbrechlich \u2013 fragile).   \nStandardm\u00e4\u00dfig werden f\u00fcr den Druck 1 bis 3 Farben verwendet. Es besteht auch die M\u00f6glichkeit von mehr Farben und Fotodruck. ","protected":false},"featured_media":1828,"template":"","meta":{"_acf_changed":false,"inline_featured_image":false},"product_cat":[1813,1823,1846,1880],"product_tag":[],"class_list":{"0":"post-7200","1":"product","2":"type-product","3":"status-publish","4":"has-post-thumbnail","6":"product_cat-artikel","7":"product_cat-verpackungsmaterialien","8":"product_cat-klebebander","9":"product_cat-bedruckte-klebebander","10":"pa_aplikacija-handbuch","11":"pa_aplikacija-hardware","12":"pa_barva-weiss-de","13":"pa_barva-braun","14":"pa_barva-transparent-de","15":"pa_navitje-na-roli-m-66-de","16":"pa_navitje-na-roli-m-132-de","17":"pa_navitje-na-roli-m-400-de","18":"pa_navitje-na-roli-m-660-de","19":"pa_navitje-na-roli-m-990-de","20":"pa_nosilec-bopp-pvc-papier","21":"pa_sirina-mm-12-de","22":"pa_sirina-mm-15-de","23":"pa_sirina-mm-19-de","24":"pa_sirina-mm-25-de","25":"pa_sirina-mm-50-de","26":"pa_sirina-mm-75-de","27":"pa_sirina-mm-100-de","28":"pa_sirina-mm-150-de","29":"pa_st-izdelkov-v-skatli-12-de","30":"pa_st-izdelkov-v-skatli-24-de","31":"pa_st-izdelkov-v-skatli-36-de","32":"pa_st-izdelkov-v-skatli-4-de","33":"pa_st-izdelkov-v-skatli-6-de","34":"pa_st-izdelkov-v-skatli-72-de","35":"pa_vrsta-lepila-naturkautschuk-losungsmittel","36":"pa_vrsta-lepila-synthetischer-kautschuk-heiskleber","37":"pa_vrsta-lepila-wasser-acrylat-bio-losungsmittel","39":"first","40":"instock","41":"product-type-simple"},"acf":[],"gallery_images":[],"_links":{"self":[{"href":"https:\/\/intercommerce.si\/de\/wp-json\/wp\/v2\/product\/7200","targetHints":{"allow":["GET"]}}],"collection":[{"href":"https:\/\/intercommerce.si\/de\/wp-json\/wp\/v2\/product"}],"about":[{"href":"https:\/\/intercommerce.si\/de\/wp-json\/wp\/v2\/types\/product"}],"wp:featuredmedia":[{"embeddable":true,"href":"https:\/\/intercommerce.si\/de\/wp-json\/wp\/v2\/media\/1828"}],"wp:attachment":[{"href":"https:\/\/intercommerce.si\/de\/wp-json\/wp\/v2\/media?parent=7200"}],"wp:term":[{"taxonomy":"product_cat","embeddable":true,"href":"https:\/\/intercommerce.si\/de\/wp-json\/wp\/v2\/product_cat?post=7200"},{"taxonomy":"product_tag","embeddable":true,"href":"https:\/\/intercommerce.si\/de\/wp-json\/wp\/v2\/product_tag?post=7200"}],"curies":[{"name":"wp","href":"https:\/\/api.w.org\/{rel}","templated":true}]}}