{"id":7199,"date":"2024-06-18T15:05:47","date_gmt":"2024-06-18T13:05:47","guid":{"rendered":"https:\/\/intercommerce.si\/izdelek\/standard-maschinenfolie\/"},"modified":"2024-06-18T15:05:47","modified_gmt":"2024-06-18T13:05:47","slug":"standard-maschinenfolie","status":"publish","type":"product","link":"https:\/\/intercommerce.si\/de\/produkt\/standard-maschinenfolie\/","title":{"rendered":"Standard-Maschinenfolie"},"content":{"rendered":"<p><strong>Eigenschaften von Standardfolien<\/strong><\/p>\n<ul>\n<li><strong>Dehnung:<\/strong> Standardfolien erm\u00f6glichen eine Dehnung von bis zu 150 %.<\/li>\n<li><strong>UV-Best\u00e4ndigkeit:<\/strong> Sie bieten hervorragenden Schutz vor UV-Strahlen f\u00fcr einen Zeitraum von 6 oder 12 Monaten.<\/li>\n<li><strong>Widerstandsf\u00e4higkeit:<\/strong> Sie sind sehr widerstandsf\u00e4hig gegen\u00fcber \u00e4u\u00dferen Einfl\u00fcssen und halten verschiedenen Besch\u00e4digungen, die beim Verladen oder Transport von Paletten entstehen k\u00f6nnen, effektiv stand.<\/li>\n<\/ul>\n<p>&nbsp;<\/p>\n","protected":false},"excerpt":{"rendered":"Standardfolien werden auf Wickelmaschinen mit elektromagnetischer oder manueller Bremse verwendet. Die Standardbreite der Folie betr\u00e4gt 500 mm, auch in Breiten von 750 mm oder 1000 mm erh\u00e4ltlich. ","protected":false},"featured_media":6693,"template":"","meta":{"_acf_changed":false,"inline_featured_image":false},"product_cat":[1813,1823,1814,1825,1857],"product_tag":[],"class_list":{"0":"post-7199","1":"product","2":"type-product","3":"status-publish","4":"has-post-thumbnail","6":"product_cat-artikel","7":"product_cat-verpackungsmaterialien","8":"product_cat-folien","9":"product_cat-dehnfahige-stretch-folien","10":"product_cat-maschinenfolien","11":"pa_aplikacija-hardware","12":"pa_barva-weis","13":"pa_barva-schwarz","14":"pa_barva-trasparent-de","15":"pa_debelina-mm-10-de","16":"pa_debelina-mm-12-de","17":"pa_debelina-mm-15-de","18":"pa_debelina-mm-17-de","19":"pa_debelina-mm-20-de","20":"pa_debelina-mm-23-de","21":"pa_premer-tulca-mm-76-de","22":"pa_premer-tulca-mm-ohne-hulse","23":"pa_raztezek-150-de","24":"pa_sirina-mm-500-de","25":"pa_sirina-mm-1000-de","26":"pa_sirina-mm-1750-de","27":"pa_specificne-lastnosti-auf-der-epal-palette","28":"pa_specificne-lastnosti-auserlich-extra-rutschig","29":"pa_specificne-lastnosti-uv12-de","30":"pa_st-rol-na-paleti-30-de","31":"pa_st-rol-na-paleti-45-de","32":"pa_st-rol-na-paleti-46-de","33":"pa_teza-kg-16-de","34":"pa_teza-tulca-kg-1-6-de","36":"first","37":"instock","38":"product-type-simple"},"acf":[],"gallery_images":[],"_links":{"self":[{"href":"https:\/\/intercommerce.si\/de\/wp-json\/wp\/v2\/product\/7199","targetHints":{"allow":["GET"]}}],"collection":[{"href":"https:\/\/intercommerce.si\/de\/wp-json\/wp\/v2\/product"}],"about":[{"href":"https:\/\/intercommerce.si\/de\/wp-json\/wp\/v2\/types\/product"}],"wp:featuredmedia":[{"embeddable":true,"href":"https:\/\/intercommerce.si\/de\/wp-json\/wp\/v2\/media\/6693"}],"wp:attachment":[{"href":"https:\/\/intercommerce.si\/de\/wp-json\/wp\/v2\/media?parent=7199"}],"wp:term":[{"taxonomy":"product_cat","embeddable":true,"href":"https:\/\/intercommerce.si\/de\/wp-json\/wp\/v2\/product_cat?post=7199"},{"taxonomy":"product_tag","embeddable":true,"href":"https:\/\/intercommerce.si\/de\/wp-json\/wp\/v2\/product_tag?post=7199"}],"curies":[{"name":"wp","href":"https:\/\/api.w.org\/{rel}","templated":true}]}}