{"id":7197,"date":"2024-06-18T15:05:47","date_gmt":"2024-06-18T13:05:47","guid":{"rendered":"https:\/\/intercommerce.si\/izdelek\/pcr-maschinenstretchfolie\/"},"modified":"2024-06-18T15:05:47","modified_gmt":"2024-06-18T13:05:47","slug":"pcr-maschinenstretchfolie","status":"publish","type":"product","link":"https:\/\/intercommerce.si\/de\/produkt\/pcr-maschinenstretchfolie\/","title":{"rendered":"PCR-Maschinenstretchfolie"},"content":{"rendered":"<p><strong>Eigenschaften von PCR (Post-Consumer Recycled) Maschinenstretchfolien<\/strong><\/p>\n<ul>\n<li><strong>Nachhaltige L\u00f6sung:<\/strong> Hergestellt aus 30 % bis 60 % recyceltem Material, was zur Reduzierung des \u00f6kologischen Fu\u00dfabdrucks beitr\u00e4gt.<\/li>\n<li><strong>Vergleichbare Leistung:<\/strong> Die Folien erreichen die Eigenschaften von Standard-Maschinenstretchfolien, was eine zuverl\u00e4ssige Anwendung gew\u00e4hrleistet.<\/li>\n<li><strong>Dicken und Dehnbarkeit:<\/strong> Erh\u00e4ltlich in Dicken von 15 bis 23 \u00b5m und mit einer Dehnung von bis zu 250 %.<\/li>\n<li><strong>Umweltfreundliche Verpackung:<\/strong> Entspricht den steigenden Anforderungen an nachhaltiges Verpackungsmaterial.<\/li>\n<li><strong>Breite Anwendung:<\/strong> Geeignet f\u00fcr Unternehmen, die ihren Einfluss auf die Umwelt reduzieren m\u00f6chten, ohne Kompromisse bei der Qualit\u00e4t der Palettenverpackung einzugehen.<\/li>\n<li><strong>Entwicklung und Innovationen:<\/strong> Entwickelt f\u00fcr nachhaltige Verpackungen mit Schwerpunkt auf Effizienz und Umweltverantwortung.<\/li>\n<\/ul>\n","protected":false},"excerpt":{"rendered":"Das nachhaltige Verpacken von Paletten mit PCR (Post-Consumer Recycled) Maschinenstretchfolien nimmt immer mehr zu. Aufgrund der steigenden Anforderungen an die Verwendung von nachhaltigem Verpackungsmaterial ist es bestimmten Herstellern bereits gelungen, eine Folie herzustellen, die vergleichbare Eigenschaften wie Standard-Maschinenfolien erreicht. Die Folien enthalten 30 % bis 60 % recyceltes Material. Derzeit haben wir Folien mit einer Dicke von 15 -23my und bis zu 250 % Vordehnung im Angebot.  ","protected":false},"featured_media":6555,"template":"","meta":{"_acf_changed":false,"inline_featured_image":false},"product_cat":[1813,1857,1836,1865],"product_tag":[],"class_list":{"0":"post-7197","1":"product","2":"type-product","3":"status-publish","4":"has-post-thumbnail","6":"product_cat-artikel","7":"product_cat-maschinenfolien","8":"product_cat-nachhaltige-verpackung","9":"product_cat-nachhaltige-stretch-und-ldpe-folien","11":"first","12":"instock","13":"product-type-simple"},"acf":[],"gallery_images":[],"_links":{"self":[{"href":"https:\/\/intercommerce.si\/de\/wp-json\/wp\/v2\/product\/7197","targetHints":{"allow":["GET"]}}],"collection":[{"href":"https:\/\/intercommerce.si\/de\/wp-json\/wp\/v2\/product"}],"about":[{"href":"https:\/\/intercommerce.si\/de\/wp-json\/wp\/v2\/types\/product"}],"wp:featuredmedia":[{"embeddable":true,"href":"https:\/\/intercommerce.si\/de\/wp-json\/wp\/v2\/media\/6555"}],"wp:attachment":[{"href":"https:\/\/intercommerce.si\/de\/wp-json\/wp\/v2\/media?parent=7197"}],"wp:term":[{"taxonomy":"product_cat","embeddable":true,"href":"https:\/\/intercommerce.si\/de\/wp-json\/wp\/v2\/product_cat?post=7197"},{"taxonomy":"product_tag","embeddable":true,"href":"https:\/\/intercommerce.si\/de\/wp-json\/wp\/v2\/product_tag?post=7197"}],"curies":[{"name":"wp","href":"https:\/\/api.w.org\/{rel}","templated":true}]}}