{"id":7191,"date":"2024-06-18T15:06:15","date_gmt":"2024-06-18T13:06:15","guid":{"rendered":"https:\/\/intercommerce.si\/izdelek\/kartonschachteln-mit-automatikboden\/"},"modified":"2024-06-18T15:06:15","modified_gmt":"2024-06-18T13:06:15","slug":"kartonschachteln-mit-automatikboden","status":"publish","type":"product","link":"https:\/\/intercommerce.si\/de\/produkt\/kartonschachteln-mit-automatikboden\/","title":{"rendered":"Kartonschachteln mit Automatikboden"},"content":{"rendered":"<p><strong>Eigenschaften von Schachteln mit Automatikboden<\/strong><\/p>\n<ul>\n<li>Der automatisch zusammensetzbare Boden erm\u00f6glicht ein schnelles und einfaches Zusammensetzen der Kartonverpackung.<\/li>\n<li>Das Selbstklebeband erm\u00f6glicht das Zusammensetzen ohne Klebeband.<\/li>\n<li>Einfaches \u00d6ffnen mit Zugschnur.<\/li>\n<li>M\u00f6glichkeit des Recyclings.<\/li>\n<li>M\u00f6glichkeit des Drucks.<\/li>\n<\/ul>\n","protected":false},"excerpt":{"rendered":"Kartonschachteln mit Automatikboden werden aus dreilagiger Wellpappe hergestellt. Sie sind f\u00fcr den Versand verschiedener leichter bis mittelschwerer Produkte bestimmt. Das Falten der Schachteln ist aufgrund des automatisch faltbaren Bodens schnell und einfach. Optional kann ein Selbstklebeband am Deckel angebracht werden, das ein schnelles Verschlie\u00dfen der Schachtel ohne zus\u00e4tzliche Verwendung von Klebeband erm\u00f6glicht. Die Schachtel ist kundenfreundlich, da sie ein schnelles \u00d6ffnen mit einer Zugschnur erm\u00f6glicht.    ","protected":false},"featured_media":2158,"template":"","meta":{"_acf_changed":false,"inline_featured_image":false},"product_cat":[1813,1823,1841,1877,1836,1842],"product_tag":[],"class_list":{"0":"post-7191","1":"product","2":"type-product","3":"status-publish","4":"has-post-thumbnail","6":"product_cat-artikel","7":"product_cat-verpackungsmaterialien","8":"product_cat-papier-und-kartonprodukte","9":"product_cat-kartonschachteln-mit-automatikboden","10":"product_cat-nachhaltige-verpackung","11":"product_cat-papier-und-kartonprodukte-de","13":"first","14":"instock","15":"product-type-simple"},"acf":[],"gallery_images":[],"_links":{"self":[{"href":"https:\/\/intercommerce.si\/de\/wp-json\/wp\/v2\/product\/7191","targetHints":{"allow":["GET"]}}],"collection":[{"href":"https:\/\/intercommerce.si\/de\/wp-json\/wp\/v2\/product"}],"about":[{"href":"https:\/\/intercommerce.si\/de\/wp-json\/wp\/v2\/types\/product"}],"wp:featuredmedia":[{"embeddable":true,"href":"https:\/\/intercommerce.si\/de\/wp-json\/wp\/v2\/media\/2158"}],"wp:attachment":[{"href":"https:\/\/intercommerce.si\/de\/wp-json\/wp\/v2\/media?parent=7191"}],"wp:term":[{"taxonomy":"product_cat","embeddable":true,"href":"https:\/\/intercommerce.si\/de\/wp-json\/wp\/v2\/product_cat?post=7191"},{"taxonomy":"product_tag","embeddable":true,"href":"https:\/\/intercommerce.si\/de\/wp-json\/wp\/v2\/product_tag?post=7191"}],"curies":[{"name":"wp","href":"https:\/\/api.w.org\/{rel}","templated":true}]}}