{"id":7190,"date":"2024-06-18T15:06:09","date_gmt":"2024-06-18T13:06:09","guid":{"rendered":"https:\/\/intercommerce.si\/izdelek\/paperjet-papierpolster-spender\/"},"modified":"2024-06-18T15:06:09","modified_gmt":"2024-06-18T13:06:09","slug":"paperjet-papierpolster-spender","status":"publish","type":"product","link":"https:\/\/intercommerce.si\/de\/produkt\/paperjet-papierpolster-spender\/","title":{"rendered":"PAPERJET\u00ae \u2013 Papierpolster-Spender"},"content":{"rendered":"<p><strong>Eigenschaften des PAPERJET\u00ae Papierpolster-Spenders<\/strong><\/p>\n<ul>\n<li><strong>H\u00f6here Geschwindigkeit<\/strong> \u2013 Beschleunigung des Verpackungsprozesses.<\/li>\n<li><strong>Geringer Platzbedarf<\/strong> \u2013 spart Lagerplatz und Verpackungskosten.<\/li>\n<li><strong>Umweltfreundliche Verpackung<\/strong> \u2013 f\u00fcr die Verwendung von umweltfreundlichem Recyclingpapier.<\/li>\n<\/ul>\n","protected":false},"excerpt":{"rendered":"PAPERJET\u00ae \u2013 schnelles und automatisches Ger\u00e4t, Einstellung von Geschwindigkeit und Schnittl\u00e4nge, M\u00f6glichkeit zur Herstellung von Polstern aus doppellagigem Papier.","protected":false},"featured_media":5190,"template":"","meta":{"_acf_changed":false,"inline_featured_image":false},"product_cat":[1813,1823,1824,1834,1835,1838,1836,1837],"product_tag":[],"class_list":{"0":"post-7190","1":"product","2":"type-product","3":"status-publish","4":"has-post-thumbnail","6":"product_cat-artikel","7":"product_cat-verpackungsmaterialien","8":"product_cat-schutz-von-produkten-und-fullmaterial","9":"product_cat-verpackungsfullung","10":"product_cat-papier-als-fullmaterial","11":"product_cat-gerate-zur-hohlraumfullung-und-zum-schutz-von-produkten","12":"product_cat-nachhaltige-verpackung","13":"product_cat-nachhaltige-fullmaterialien-und-produktschutz","15":"first","16":"instock","17":"product-type-simple"},"acf":[],"gallery_images":[5192,5194],"_links":{"self":[{"href":"https:\/\/intercommerce.si\/de\/wp-json\/wp\/v2\/product\/7190","targetHints":{"allow":["GET"]}}],"collection":[{"href":"https:\/\/intercommerce.si\/de\/wp-json\/wp\/v2\/product"}],"about":[{"href":"https:\/\/intercommerce.si\/de\/wp-json\/wp\/v2\/types\/product"}],"wp:featuredmedia":[{"embeddable":true,"href":"https:\/\/intercommerce.si\/de\/wp-json\/wp\/v2\/media\/5190"}],"wp:attachment":[{"href":"https:\/\/intercommerce.si\/de\/wp-json\/wp\/v2\/media?parent=7190"}],"wp:term":[{"taxonomy":"product_cat","embeddable":true,"href":"https:\/\/intercommerce.si\/de\/wp-json\/wp\/v2\/product_cat?post=7190"},{"taxonomy":"product_tag","embeddable":true,"href":"https:\/\/intercommerce.si\/de\/wp-json\/wp\/v2\/product_tag?post=7190"}],"curies":[{"name":"wp","href":"https:\/\/api.w.org\/{rel}","templated":true}]}}