{"id":7189,"date":"2024-06-18T15:06:09","date_gmt":"2024-06-18T13:06:09","guid":{"rendered":"https:\/\/intercommerce.si\/izdelek\/speedman-box-karton-fuer-die-papierausgabe\/"},"modified":"2024-06-18T15:06:09","modified_gmt":"2024-06-18T13:06:09","slug":"speedman-box-karton-fuer-die-papierausgabe","status":"publish","type":"product","link":"https:\/\/intercommerce.si\/de\/produkt\/speedman-box-karton-fuer-die-papierausgabe\/","title":{"rendered":"SPEEDMAN\u00ae BOX \u2013 Karton f\u00fcr die Papierausgabe"},"content":{"rendered":"<p><strong>Eigenschaften der SPEEDMAN\u00ae BOX Karton f\u00fcr die Papierausgabe<\/strong><\/p>\n<ul>\n<li>Sofort einsatzbereit \u2013 ohne zus\u00e4tzliches Zubeh\u00f6r.<\/li>\n<li>In einem SpeedMan BOX\u00ae Karton ist ein F\u00fcllvolumen von 1,5 m\u00b3 gew\u00e4hrleistet.<\/li>\n<li>\u00d6kologisches F\u00fcllmaterial aus 100 % Recyclingpapier.<\/li>\n<\/ul>\n","protected":false},"excerpt":{"rendered":"SPEEDMAN\u00ae BOX Karton mit Papierspender und F\u00fcllpapier, wenn die t\u00e4gliche Versandmenge relativ gering ist oder wenig Platz am Packplatz vorhanden ist. Die L\u00e4nge wird von Hand abgerissen. ","protected":false},"featured_media":5210,"template":"","meta":{"_acf_changed":false,"inline_featured_image":false},"product_cat":[1813,1823,1824,1834,1835,1838,1836,1837],"product_tag":[],"class_list":{"0":"post-7189","1":"product","2":"type-product","3":"status-publish","4":"has-post-thumbnail","6":"product_cat-artikel","7":"product_cat-verpackungsmaterialien","8":"product_cat-schutz-von-produkten-und-fullmaterial","9":"product_cat-verpackungsfullung","10":"product_cat-papier-als-fullmaterial","11":"product_cat-gerate-zur-hohlraumfullung-und-zum-schutz-von-produkten","12":"product_cat-nachhaltige-verpackung","13":"product_cat-nachhaltige-fullmaterialien-und-produktschutz","15":"first","16":"instock","17":"product-type-simple"},"acf":[],"gallery_images":[5212,5214,5216],"_links":{"self":[{"href":"https:\/\/intercommerce.si\/de\/wp-json\/wp\/v2\/product\/7189","targetHints":{"allow":["GET"]}}],"collection":[{"href":"https:\/\/intercommerce.si\/de\/wp-json\/wp\/v2\/product"}],"about":[{"href":"https:\/\/intercommerce.si\/de\/wp-json\/wp\/v2\/types\/product"}],"wp:featuredmedia":[{"embeddable":true,"href":"https:\/\/intercommerce.si\/de\/wp-json\/wp\/v2\/media\/5210"}],"wp:attachment":[{"href":"https:\/\/intercommerce.si\/de\/wp-json\/wp\/v2\/media?parent=7189"}],"wp:term":[{"taxonomy":"product_cat","embeddable":true,"href":"https:\/\/intercommerce.si\/de\/wp-json\/wp\/v2\/product_cat?post=7189"},{"taxonomy":"product_tag","embeddable":true,"href":"https:\/\/intercommerce.si\/de\/wp-json\/wp\/v2\/product_tag?post=7189"}],"curies":[{"name":"wp","href":"https:\/\/api.w.org\/{rel}","templated":true}]}}