{"id":7185,"date":"2024-06-18T15:05:51","date_gmt":"2024-06-18T13:05:51","guid":{"rendered":"https:\/\/intercommerce.si\/izdelek\/epe-profile\/"},"modified":"2024-06-18T15:05:51","modified_gmt":"2024-06-18T13:05:51","slug":"epe-profile","status":"publish","type":"product","link":"https:\/\/intercommerce.si\/de\/produkt\/epe-profile\/","title":{"rendered":"EPE-Profile"},"content":{"rendered":"<p><strong>Eigenschaften von EPE-Profilen, Kantenschutz und Ecksch\u00fctzern<\/strong><\/p>\n<p>EPE-Profile, Kantenschutz und Ecksch\u00fctzer bieten zahlreiche Vorteile, die einen effektiven Produktschutz gew\u00e4hrleisten. Zu den Haupteigenschaften geh\u00f6ren: <\/p>\n<ul>\n<li><strong>Einfache Montage und Handhabung<\/strong> \u2013 die einfache Installation erm\u00f6glicht schnelles und unkompliziertes Verpacken.<\/li>\n<li><strong>Geringes Gewicht<\/strong> \u2013 leichte Materialien erm\u00f6glichen eine einfache Handhabung und reduzieren die Transportkosten.<\/li>\n<li><strong>M\u00f6glichkeit zur Herstellung verschiedener Formen<\/strong> \u2013 sie k\u00f6nnen an die spezifischen Bed\u00fcrfnisse und Anforderungen der Kunden angepasst werden.<\/li>\n<li><strong>Guter Schutz vor mechanischen Besch\u00e4digungen<\/strong> \u2013 sie sch\u00fctzen Produkte effektiv vor St\u00f6\u00dfen, Kratzern und anderen Besch\u00e4digungen w\u00e4hrend des Transports und der Lagerung.<\/li>\n<\/ul>\n","protected":false},"excerpt":{"rendered":"EPE-Verpackungsprofile werden aus geschlossenzelligem gesch\u00e4umtem Polyethylen hergestellt, das hervorragenden Schutz und vielseitige Anwendbarkeit beim Verpacken verschiedener Produkte gew\u00e4hrleistet. Sie sind in verschiedenen Formen erh\u00e4ltlich, was Flexibilit\u00e4t und effektiven Schutz in verschiedenen Industrien erm\u00f6glicht. \n\nIn unserem Sortiment bieten wir Standardprofilformen, dazu geh\u00f6ren:\n<ul>\n \t<li>L- und U-Profile<\/li>\n \t<li>Glasprofile<\/li>\n \t<li>Kantenschutz<\/li>\n \t<li>Ecksch\u00fctzer<\/li>\n \t<li>weitere Spezialprofile.<\/li>\n<\/ul>\nEine Auswahl m\u00f6glicher Profile finden Sie unten im .pdf-Dokument.","protected":false},"featured_media":3037,"template":"","meta":{"_acf_changed":false,"inline_featured_image":false},"product_cat":[1813,1823,1814,1875],"product_tag":[],"class_list":{"0":"post-7185","1":"product","2":"type-product","3":"status-publish","4":"has-post-thumbnail","6":"product_cat-artikel","7":"product_cat-verpackungsmaterialien","8":"product_cat-folien","9":"product_cat-epe-folien-und-profile","11":"first","12":"instock","13":"product-type-simple"},"acf":[],"gallery_images":[],"_links":{"self":[{"href":"https:\/\/intercommerce.si\/de\/wp-json\/wp\/v2\/product\/7185","targetHints":{"allow":["GET"]}}],"collection":[{"href":"https:\/\/intercommerce.si\/de\/wp-json\/wp\/v2\/product"}],"about":[{"href":"https:\/\/intercommerce.si\/de\/wp-json\/wp\/v2\/types\/product"}],"wp:featuredmedia":[{"embeddable":true,"href":"https:\/\/intercommerce.si\/de\/wp-json\/wp\/v2\/media\/3037"}],"wp:attachment":[{"href":"https:\/\/intercommerce.si\/de\/wp-json\/wp\/v2\/media?parent=7185"}],"wp:term":[{"taxonomy":"product_cat","embeddable":true,"href":"https:\/\/intercommerce.si\/de\/wp-json\/wp\/v2\/product_cat?post=7185"},{"taxonomy":"product_tag","embeddable":true,"href":"https:\/\/intercommerce.si\/de\/wp-json\/wp\/v2\/product_tag?post=7185"}],"curies":[{"name":"wp","href":"https:\/\/api.w.org\/{rel}","templated":true}]}}