{"id":7184,"date":"2024-06-18T15:05:51","date_gmt":"2024-06-18T13:05:51","guid":{"rendered":"https:\/\/intercommerce.si\/izdelek\/papier-klebebaender\/"},"modified":"2024-06-18T15:05:51","modified_gmt":"2024-06-18T13:05:51","slug":"papier-klebebaender","status":"publish","type":"product","link":"https:\/\/intercommerce.si\/de\/produkt\/papier-klebebaender\/","title":{"rendered":"Papier-Klebeb\u00e4nder"},"content":{"rendered":"<p><strong>Eigenschaften von Papierklebeb\u00e4ndern<\/strong><\/p>\n<ul>\n<li><strong>Aus Papier gefertigt<\/strong>: Nachhaltige Materialien erm\u00f6glichen eine einfache Handhabung und ein nat\u00fcrliches Aussehen.<\/li>\n<li><strong>Umweltfreundlich<\/strong>: Sie sind eine nachhaltige Alternative zu Kunststoffklebeb\u00e4ndern.<\/li>\n<li><strong>Recycelbar<\/strong>: Sie k\u00f6nnen zusammen mit der Kartonverpackung recycelt werden, was eine einfache und \u00f6kologische Entsorgung erm\u00f6glicht.<\/li>\n<\/ul>\n","protected":false},"excerpt":{"rendered":"Papierklebeb\u00e4nder werden aus braunem Papier hergestellt und sind auf der Innenseite mit Naturkautschuk beschichtet, der einen starken Halt gew\u00e4hrleistet. Sie eignen sich zum Verschlie\u00dfen von Kartons, sowohl f\u00fcr die manuelle als auch f\u00fcr die maschinelle Anwendung. Bei Bedarf k\u00f6nnen die B\u00e4nder mit Logos oder anderen Elementen zur Personalisierung bedruckt werden.  ","protected":false},"featured_media":1835,"template":"","meta":{"_acf_changed":false,"inline_featured_image":false},"product_cat":[1813,1846,1858,1874,1836,1873,1823],"product_tag":[],"class_list":{"0":"post-7184","1":"product","2":"type-product","3":"status-publish","4":"has-post-thumbnail","6":"product_cat-artikel","7":"product_cat-klebebander","8":"product_cat-nachhaltige-klebebander","9":"product_cat-nachhaltige-papierklebebander","10":"product_cat-nachhaltige-verpackung","11":"product_cat-papier-klebebander","12":"product_cat-verpackungsmaterialien","13":"pa_aplikacija-handbuch","14":"pa_aplikacija-hardware","15":"pa_barva-braun","16":"pa_navitje-na-roli-m-330-de","17":"pa_navitje-na-roli-m-50-de","18":"pa_navitje-na-roli-m-660-de","19":"pa_nosilec-papier","20":"pa_sirina-mm-25-de","21":"pa_sirina-mm-50-de","22":"pa_sirina-mm-75-de","23":"pa_specificne-lastnosti-fsc-de","24":"pa_specificne-lastnosti-option-drucken","25":"pa_st-izdelkov-v-skatli-18-de","26":"pa_st-izdelkov-v-skatli-24-de","27":"pa_st-izdelkov-v-skatli-36-de","28":"pa_st-izdelkov-v-skatli-4-de","29":"pa_st-izdelkov-v-skatli-6-de","30":"pa_st-izdelkov-v-skatli-72-de","31":"pa_vrsta-lepila-wasser-acrylat-bio-losungsmittel","33":"first","34":"instock","35":"product-type-simple"},"acf":[],"gallery_images":[],"_links":{"self":[{"href":"https:\/\/intercommerce.si\/de\/wp-json\/wp\/v2\/product\/7184","targetHints":{"allow":["GET"]}}],"collection":[{"href":"https:\/\/intercommerce.si\/de\/wp-json\/wp\/v2\/product"}],"about":[{"href":"https:\/\/intercommerce.si\/de\/wp-json\/wp\/v2\/types\/product"}],"wp:featuredmedia":[{"embeddable":true,"href":"https:\/\/intercommerce.si\/de\/wp-json\/wp\/v2\/media\/1835"}],"wp:attachment":[{"href":"https:\/\/intercommerce.si\/de\/wp-json\/wp\/v2\/media?parent=7184"}],"wp:term":[{"taxonomy":"product_cat","embeddable":true,"href":"https:\/\/intercommerce.si\/de\/wp-json\/wp\/v2\/product_cat?post=7184"},{"taxonomy":"product_tag","embeddable":true,"href":"https:\/\/intercommerce.si\/de\/wp-json\/wp\/v2\/product_tag?post=7184"}],"curies":[{"name":"wp","href":"https:\/\/api.w.org\/{rel}","templated":true}]}}