{"id":7183,"date":"2024-06-18T15:05:51","date_gmt":"2024-06-18T13:05:51","guid":{"rendered":"https:\/\/intercommerce.si\/izdelek\/pp-klebeband-tesa-4205\/"},"modified":"2024-06-18T15:05:51","modified_gmt":"2024-06-18T13:05:51","slug":"pp-klebeband-tesa-4205","status":"publish","type":"product","link":"https:\/\/intercommerce.si\/de\/produkt\/pp-klebeband-tesa-4205\/","title":{"rendered":"PP-Klebeband tesa\u00ae 4205"},"content":{"rendered":"<p>Eigenschaften des tesa\u00ae 4205 Klebebands:<\/p>\n<p>Sein Nutzwert zeigt sich vor allem beim Verschlie\u00dfen kleiner Schachteln oder Dosen und beim Zusammenf\u00fcgen kleiner Gegenst\u00e4nde. In der Praxis ist es allgemein sehr n\u00fctzlich. <\/p>\n","protected":false},"excerpt":{"rendered":"Das Klebeband tesa\u00ae 4205 ist transparent und eignet sich zum Verpacken kleiner Gegenst\u00e4nde. Es basiert auf einer 28-Mikrometer-PP-Tr\u00e4gerfolie, die mit Naturkautschukkleber beschichtet ist. Dies gew\u00e4hrleistet gute Eigenschaften bei der Verwendung zum Abdichten kleiner Gegenst\u00e4nde. Das Klebeband tesa\u00ae 4205 kann auf allen g\u00e4ngigen Tischabrollern verwendet werden.   ","protected":false},"featured_media":1843,"template":"","meta":{"_acf_changed":false,"inline_featured_image":false},"product_cat":[1813,1823,1846,1847,1848],"product_tag":[],"class_list":{"0":"post-7183","1":"product","2":"type-product","3":"status-publish","4":"has-post-thumbnail","6":"product_cat-artikel","7":"product_cat-verpackungsmaterialien","8":"product_cat-klebebander","9":"product_cat-tesa-de","10":"product_cat-tesa-klebebander","11":"pa_aplikacija-handbuch","12":"pa_barva-transparent-de","13":"pa_navitje-na-roli-m-66-de","14":"pa_nosilec-pp-polypropylen","15":"pa_sirina-mm-15-de","16":"pa_st-izdelkov-v-skatli-72-de","17":"pa_vrsta-lepila-naturkautschuk-losungsmittel","19":"first","20":"instock","21":"product-type-simple"},"acf":[],"gallery_images":[],"_links":{"self":[{"href":"https:\/\/intercommerce.si\/de\/wp-json\/wp\/v2\/product\/7183","targetHints":{"allow":["GET"]}}],"collection":[{"href":"https:\/\/intercommerce.si\/de\/wp-json\/wp\/v2\/product"}],"about":[{"href":"https:\/\/intercommerce.si\/de\/wp-json\/wp\/v2\/types\/product"}],"wp:featuredmedia":[{"embeddable":true,"href":"https:\/\/intercommerce.si\/de\/wp-json\/wp\/v2\/media\/1843"}],"wp:attachment":[{"href":"https:\/\/intercommerce.si\/de\/wp-json\/wp\/v2\/media?parent=7183"}],"wp:term":[{"taxonomy":"product_cat","embeddable":true,"href":"https:\/\/intercommerce.si\/de\/wp-json\/wp\/v2\/product_cat?post=7183"},{"taxonomy":"product_tag","embeddable":true,"href":"https:\/\/intercommerce.si\/de\/wp-json\/wp\/v2\/product_tag?post=7183"}],"curies":[{"name":"wp","href":"https:\/\/api.w.org\/{rel}","templated":true}]}}