{"id":7182,"date":"2025-09-05T10:25:18","date_gmt":"2025-09-05T08:25:18","guid":{"rendered":"https:\/\/intercommerce.si\/izdelek\/haltbarkeit-von-lebensmitteln-frisch-halten\/"},"modified":"2025-09-05T10:25:18","modified_gmt":"2025-09-05T08:25:18","slug":"haltbarkeit-von-lebensmitteln-frisch-halten","status":"publish","type":"product","link":"https:\/\/intercommerce.si\/de\/produkt\/haltbarkeit-von-lebensmitteln-frisch-halten\/","title":{"rendered":"Haltbarkeit von Lebensmitteln \u2013 \u201efrisch halten\u201c"},"content":{"rendered":"<h3 data-start=\"588\" data-end=\"633\">Eigenschaften:<\/h3>\n<ul data-start=\"634\" data-end=\"1043\">\n<li data-start=\"634\" data-end=\"743\">\n<p data-start=\"636\" data-end=\"743\"><strong data-start=\"636\" data-end=\"658\">Verl\u00e4ngerte Frische<\/strong> \u2013 innovative Materialien verlangsamen den Verderb und halten Lebensmittel l\u00e4nger haltbar.<\/p>\n<\/li>\n<li data-start=\"744\" data-end=\"832\">\n<p data-start=\"746\" data-end=\"832\"><strong data-start=\"746\" data-end=\"768\">Weniger Lebensmittelabf\u00e4lle<\/strong> \u2013 bessere Lagerung bedeutet weniger Abfall und mehr Einsparungen.<\/p>\n<\/li>\n<li data-start=\"833\" data-end=\"935\">\n<p data-start=\"835\" data-end=\"935\"><strong data-start=\"835\" data-end=\"857\">Nachhaltige L\u00f6sungen<\/strong> \u2013 wir verwenden umweltfreundliche Materialien, die Lebensmittel und gleichzeitig die Natur sch\u00fctzen.<\/p>\n<\/li>\n<li data-start=\"936\" data-end=\"1043\">\n<p data-start=\"938\" data-end=\"1043\"><strong data-start=\"938\" data-end=\"962\">Zuverl\u00e4ssige Logistik<\/strong> \u2013 vom Hersteller bis zum Gesch\u00e4ft und weiter zum Verbraucher bleiben Lebensmittel qualitativ hochwertig.<\/p>\n<\/li>\n<\/ul>\n","protected":false},"excerpt":{"rendered":"Bei der Lagerung und dem Transport von Obst, Gem\u00fcse und Fleisch ist es entscheidend, deren Qualit\u00e4t zu erhalten und die Haltbarkeit zu verl\u00e4ngern. Mit modernen Verpackungsl\u00f6sungen wie MAP-Beuteln, Gasabsorbern und saugf\u00e4higen Pads l\u00e4sst sich dies effizient und nachhaltig erreichen. MAP-Beutel verf\u00fcgen \u00fcber spezielle Eigenschaften, die die Haltbarkeit von Obst und Gem\u00fcse um <strong>40 % bis 400 %<\/strong> verl\u00e4ngern.  ","protected":false},"featured_media":6786,"template":"","meta":{"_acf_changed":false,"inline_featured_image":false},"product_cat":[1824,1872],"product_tag":[],"class_list":{"0":"post-7182","1":"product","2":"type-product","3":"status-publish","4":"has-post-thumbnail","6":"product_cat-schutz-von-produkten-und-fullmaterial","7":"product_cat-haltbarkeit-von-lebensmitteln-frisch-halten","9":"first","10":"instock","11":"taxable","12":"shipping-taxable","13":"product-type-simple"},"acf":[],"gallery_images":[6787,6790],"_links":{"self":[{"href":"https:\/\/intercommerce.si\/de\/wp-json\/wp\/v2\/product\/7182","targetHints":{"allow":["GET"]}}],"collection":[{"href":"https:\/\/intercommerce.si\/de\/wp-json\/wp\/v2\/product"}],"about":[{"href":"https:\/\/intercommerce.si\/de\/wp-json\/wp\/v2\/types\/product"}],"wp:featuredmedia":[{"embeddable":true,"href":"https:\/\/intercommerce.si\/de\/wp-json\/wp\/v2\/media\/6786"}],"wp:attachment":[{"href":"https:\/\/intercommerce.si\/de\/wp-json\/wp\/v2\/media?parent=7182"}],"wp:term":[{"taxonomy":"product_cat","embeddable":true,"href":"https:\/\/intercommerce.si\/de\/wp-json\/wp\/v2\/product_cat?post=7182"},{"taxonomy":"product_tag","embeddable":true,"href":"https:\/\/intercommerce.si\/de\/wp-json\/wp\/v2\/product_tag?post=7182"}],"curies":[{"name":"wp","href":"https:\/\/api.w.org\/{rel}","templated":true}]}}