{"id":7180,"date":"2024-06-18T15:06:19","date_gmt":"2024-06-18T13:06:19","guid":{"rendered":"https:\/\/intercommerce.si\/izdelek\/wickelroboter-neos\/"},"modified":"2024-06-18T15:06:19","modified_gmt":"2024-06-18T13:06:19","slug":"wickelroboter-neos","status":"publish","type":"product","link":"https:\/\/intercommerce.si\/de\/produkt\/wickelroboter-neos\/","title":{"rendered":"Wickelroboter NEOS"},"content":{"rendered":"<p><strong>Technische Daten der Maschine:<\/strong><\/p>\n<ul>\n<li>Wickelh\u00f6he: 2200 mm (optional: 2700 mm, 3000 mm, 3500 mm, 3700 mm)<\/li>\n<li>M\u00f6glichkeit der Auswahl eines Abwickelsystems:\n<ul>\n<li>\u00bbFM\u00ab \u2013 manuelle Bremse,<\/li>\n<li>\u00bbFE\u00ab \u2013 elektromagnetische Bremse,<\/li>\n<li>\u00bbOPRS\u00ab \u2013 motorisierter Prestretch mit einem Motor (200%),<\/li>\n<li>\u00bbPRS\u00ab \u2013 motorisierter Pre-Stretch mit einem Motor (Pre-Stretch 150, 200 oder 250 %)<\/li>\n<li>\u00bbPS\u00ab \u2013 motorisierter, einstellbarer Pre-Stretch mit zwei Motoren (Pre-Stretch von 120 bis 400 %)<\/li>\n<\/ul>\n<\/li>\n<li>Bedienfeld: 7&#8243;-Zoll-Digitalanzeige<\/li>\n<li>Anzahl der Programme: 99<\/li>\n<li>Verschiedene Wickelzyklen<\/li>\n<li>Automatische H\u00f6henerkennung mit Fotozelle (Option: Fotozelle f\u00fcr schwarze Objekte)<\/li>\n<li>Min. Palettengr\u00f6\u00dfe: 400 x 650 mm<\/li>\n<li>Batterieversorgung mit integriertem Hochfrequenz-Batterieladeger\u00e4t<\/li>\n<li>Maschine mit CE-Zertifikat<\/li>\n<\/ul>\n","protected":false},"excerpt":{"rendered":"Atlanta Stretch wollte unbedingt das Modell Neos in seine Serie von selbstfahrenden Roboterwicklern aufnehmen. Dieses Spitzenmodell ist der einzige Roboter, der mit der ARYA-Technologie ausgestattet werden kann, einer neuen patentierten Technologie, die tats\u00e4chlich einen vollautomatischen Wickelvorgang erm\u00f6glicht. \n\nNeos stellt eine bahnbrechende Innovation in der Panorama der halbautomatischen Wickelmaschinen dar, da sie keine Bedienereingriffe zum Anbringen der Folie an der Palette erfordert, sondern einen vollautomatischen Zyklus ausf\u00fchrt, ohne Druckluft zu verwenden und ohne mechanische M\u00f6glichkeiten, die anf\u00e4llig f\u00fcr Verschlei\u00df sind. Um das patentierte ARYA-System zu entdecken, klicken Sie hier. \n\nNeos hat ein neues Design, das scheinbar vollst\u00e4ndig mit der Vergangenheit bricht: Ansprechende Linien verleihen dem neuen Roboterwickler von Atlanta Stretch einen starken Charakter.\n\nNeos \u00fcbernimmt das gesamte Fachwissen von Atlanta Stretch; dieses Modell verf\u00fcgt \u00fcber alle Funktionen und M\u00f6glichkeiten der Sfera-Serie: Es beinhaltet die M\u00f6glichkeit, zwischen den Schlitten FM, FE, PRS und PS zu w\u00e4hlen und diese auch nach dem Kauf auszutauschen, wenn die Bed\u00fcrfnisse des Kunden ein Upgrade der Maschine erfordern.\n\nDer Doppelmotor des PS-Vorreckwagens erm\u00f6glicht es Neos, den niedrigsten Folienverbrauch und die h\u00f6chste funktionale Zuverl\u00e4ssigkeit auf dem Markt f\u00fcr Wickelmaschinen zu gew\u00e4hrleisten.\n\nIm Vergleich zur Sfera-Serie verf\u00fcgt er \u00fcber eine erh\u00f6hte Batteriekapazit\u00e4t auf 120 A und eine neue Bedienoberfl\u00e4che mit einem 7-Zoll-Touchscreen, der schnell und einfach programmiert werden kann. LEDs zeigen den aktuellen Status der Maschine an. \n\nNeos, ausgestattet mit dem PS-Schlitten und dem ARYA-System, ist ein revolution\u00e4rer Roboter, auf den der Markt schon lange wartet!","protected":false},"featured_media":5230,"template":"","meta":{"_acf_changed":false,"inline_featured_image":false},"product_cat":[1813,1818,1829,1844],"product_tag":[],"class_list":{"0":"post-7180","1":"product","2":"type-product","3":"status-publish","4":"has-post-thumbnail","6":"product_cat-artikel","7":"product_cat-verpackungsmaschinen-und-gerate","8":"product_cat-maschinen","9":"product_cat-wickelmaschinen","11":"first","12":"instock","13":"product-type-simple"},"acf":[],"gallery_images":[5232,5234,5236],"_links":{"self":[{"href":"https:\/\/intercommerce.si\/de\/wp-json\/wp\/v2\/product\/7180","targetHints":{"allow":["GET"]}}],"collection":[{"href":"https:\/\/intercommerce.si\/de\/wp-json\/wp\/v2\/product"}],"about":[{"href":"https:\/\/intercommerce.si\/de\/wp-json\/wp\/v2\/types\/product"}],"wp:featuredmedia":[{"embeddable":true,"href":"https:\/\/intercommerce.si\/de\/wp-json\/wp\/v2\/media\/5230"}],"wp:attachment":[{"href":"https:\/\/intercommerce.si\/de\/wp-json\/wp\/v2\/media?parent=7180"}],"wp:term":[{"taxonomy":"product_cat","embeddable":true,"href":"https:\/\/intercommerce.si\/de\/wp-json\/wp\/v2\/product_cat?post=7180"},{"taxonomy":"product_tag","embeddable":true,"href":"https:\/\/intercommerce.si\/de\/wp-json\/wp\/v2\/product_tag?post=7180"}],"curies":[{"name":"wp","href":"https:\/\/api.w.org\/{rel}","templated":true}]}}