{"id":7176,"date":"2024-06-18T15:05:51","date_gmt":"2024-06-18T13:05:51","guid":{"rendered":"https:\/\/intercommerce.si\/izdelek\/bopp-folien\/"},"modified":"2024-06-18T15:05:51","modified_gmt":"2024-06-18T13:05:51","slug":"bopp-folien","status":"publish","type":"product","link":"https:\/\/intercommerce.si\/de\/produkt\/bopp-folien\/","title":{"rendered":"BOPP-Folien"},"content":{"rendered":"<p><strong>Eigenschaften von BOPP-Folien<\/strong><\/p>\n<ul>\n<li><strong>Hohe Festigkeit und Best\u00e4ndigkeit:<\/strong> Sie zeichnen sich durch hohe Zug- und Schlagfestigkeit aus, die einen hervorragenden Schutz der Verpackungsprodukte gew\u00e4hrleistet.<\/li>\n<li><strong>Einfache und wirtschaftliche Verpackung:<\/strong> Sie erm\u00f6glichen eine schnelle und kosteng\u00fcnstige Anwendung.<\/li>\n<li><strong>Perforation:<\/strong> Erh\u00e4ltlich mit Mikro- oder Makroperforation f\u00fcr zus\u00e4tzliche Funktionalit\u00e4t.<\/li>\n<li><strong>\u00c4sthetik:<\/strong> Die Folien k\u00f6nnen transparent sein, mit metallischem oder perlmuttartigem Effekt, und sind auch in Wei\u00df und matt erh\u00e4ltlich.<\/li>\n<li><strong>Sichtbarkeit der Verpackung:<\/strong> Transparente Folien erm\u00f6glichen, dass Design und Beschriftungen auf der Verpackung sichtbar bleiben.<\/li>\n<li><strong>Anpassungsf\u00e4higkeit:<\/strong> M\u00f6glichkeit der Personalisierung durch individuellen Druck.<\/li>\n<\/ul>\n","protected":false},"excerpt":{"rendered":"BOPP ist eine transparente Polypropylenfolie, die speziell f\u00fcr die Verpackung von Produkten auf horizontalen und vertikalen Maschinen nach dem \u201eFlowpack\u201c-System entwickelt wurde. Die Folie eignet sich zum Verpacken von Backwaren, Obst, Gem\u00fcse, pulverf\u00f6rmigen Produkten, Teeschachteln, Zigaretten, Produkten der Kosmetikindustrie usw.\nBOPP-Folie bietet einen hervorragenden Schutz der Produkte und gew\u00e4hrleistet gleichzeitig deren \u00e4sthetische Pr\u00e4sentation. ","protected":false},"featured_media":1810,"template":"","meta":{"_acf_changed":false,"inline_featured_image":false},"product_cat":[1813,1823,1814,1870],"product_tag":[],"class_list":{"0":"post-7176","1":"product","2":"type-product","3":"status-publish","4":"has-post-thumbnail","6":"product_cat-artikel","7":"product_cat-verpackungsmaterialien","8":"product_cat-folien","9":"product_cat-bopp-folien","10":"pa_aplikacija-hardware","11":"pa_barva-transparent-de","12":"pa_barva-auf-bestellung","13":"pa_debelina-mm-30-de","14":"pa_debelina-mm-40-de","15":"pa_debelina-mm-25-de","16":"pa_debelina-mm-auf-bestellung","17":"pa_premer-tulca-mm-76-de","18":"pa_specificne-lastnosti-makroperforiert","19":"pa_specificne-lastnosti-metallisiert","20":"pa_specificne-lastnosti-mikro-perforiert","21":"pa_specificne-lastnosti-verstarkt","23":"first","24":"instock","25":"product-type-simple"},"acf":[],"gallery_images":[1811],"_links":{"self":[{"href":"https:\/\/intercommerce.si\/de\/wp-json\/wp\/v2\/product\/7176","targetHints":{"allow":["GET"]}}],"collection":[{"href":"https:\/\/intercommerce.si\/de\/wp-json\/wp\/v2\/product"}],"about":[{"href":"https:\/\/intercommerce.si\/de\/wp-json\/wp\/v2\/types\/product"}],"wp:featuredmedia":[{"embeddable":true,"href":"https:\/\/intercommerce.si\/de\/wp-json\/wp\/v2\/media\/1810"}],"wp:attachment":[{"href":"https:\/\/intercommerce.si\/de\/wp-json\/wp\/v2\/media?parent=7176"}],"wp:term":[{"taxonomy":"product_cat","embeddable":true,"href":"https:\/\/intercommerce.si\/de\/wp-json\/wp\/v2\/product_cat?post=7176"},{"taxonomy":"product_tag","embeddable":true,"href":"https:\/\/intercommerce.si\/de\/wp-json\/wp\/v2\/product_tag?post=7176"}],"curies":[{"name":"wp","href":"https:\/\/api.w.org\/{rel}","templated":true}]}}