{"id":7175,"date":"2024-06-18T15:05:51","date_gmt":"2024-06-18T13:05:51","guid":{"rendered":"https:\/\/intercommerce.si\/izdelek\/standard-pcr-luftpolsterfolien\/"},"modified":"2024-06-18T15:05:51","modified_gmt":"2024-06-18T13:05:51","slug":"standard-pcr-luftpolsterfolien","status":"publish","type":"product","link":"https:\/\/intercommerce.si\/de\/produkt\/standard-pcr-luftpolsterfolien\/","title":{"rendered":"Standard-PCR-Luftpolsterfolien"},"content":{"rendered":"<div class=\"flex-shrink-0 flex flex-col relative items-end\">\n<div>\n<div class=\"pt-0\">\n<div class=\"gizmo-bot-avatar flex h-8 w-8 items-center justify-center overflow-hidden rounded-full\"><\/div>\n<\/div>\n<\/div>\n<\/div>\n<div class=\"group\/conversation-turn relative flex w-full min-w-0 flex-col agent-turn\">\n<div class=\"flex-col gap-1 md:gap-3\">\n<div class=\"flex max-w-full flex-col flex-grow\">\n<div class=\"min-h-8 text-message flex w-full flex-col items-end gap-2 whitespace-normal break-words text-start [.text-message+&amp;]:mt-5\" dir=\"auto\" data-message-author-role=\"assistant\" data-message-id=\"6668a959-bb8e-4091-aac8-2cdb3e8a35c5\" data-message-model-slug=\"gpt-4o-mini\">\n<div class=\"flex w-full flex-col gap-1 empty:hidden first:pt-[3px]\">\n<div class=\"markdown prose w-full break-words dark:prose-invert light\">\n<p><strong>Eigenschaften der Luftpolsterfolie:<\/strong><\/p>\n<ul>\n<li><strong>Verschiedene Arten und Abmessungen<\/strong> \u2013 erh\u00e4ltlich in mehreren Arten und Abmessungen. Es sind auch verschiedene geschwei\u00dfte Beutel, Formate, Schl\u00e4uche und Halbschl\u00e4uche aus Luftpolsterfolie erh\u00e4ltlich. <\/li>\n<li><strong>Breite Anwendung<\/strong> \u2013 geeignet f\u00fcr die Verpackung empfindlicher Produkte wie Glas, M\u00f6bel, Elektroger\u00e4te usw., die die Produkte vor m\u00f6glichen Sch\u00e4den und anderen \u00e4u\u00dferen Einfl\u00fcssen sch\u00fctzt.<\/li>\n<li><strong>Versandschutz<\/strong> \u2013 ideal zum Schutz von Postsendungen und Paketen. Die Luftblasen zwischen den beiden Folienschichten sch\u00fctzen die Produkte gut vor St\u00f6\u00dfen oder St\u00fcrzen, die w\u00e4hrend des Transports auftreten k\u00f6nnen. Empfindliche Produkte wie z. B. elektronische Ger\u00e4te, gl\u00e4serne Dekorationsartikel, B\u00fccher, Leuchten und \u00c4hnliches erreichen dank der Schutzschicht der Folie unbesch\u00e4digt ihr Ziel.  <\/li>\n<li><strong>Schadensvermeidung<\/strong> \u2013 verhindert effektiv Sch\u00e4den oder Bruch von Gegenst\u00e4nden w\u00e4hrend des Transports.<\/li>\n<li><strong>Schutz vor Einfl\u00fcssen<\/strong> \u2013 aufgrund ihrer Elastizit\u00e4t, Leichtigkeit und Anpassungsf\u00e4higkeit an die Form der Ware erm\u00f6glicht sie ein einfaches Verpacken aller Arten von Produkten. Diese sch\u00fctzt nicht nur vor Sto\u00dfsch\u00e4den, sondern auch vor Feuchtigkeit, Staub, Wasser, Regen und Schmutz. <\/li>\n<li><strong>Verpackung<\/strong> \u2013 lieferbar auf Rolle (200 Meter Luftpolsterfolie pro Rolle).<\/li>\n<li><strong>Verschiedene Formen<\/strong> \u2013 auch als geschwei\u00dfte und gen\u00e4hte Beutel, Formate, Schl\u00e4uche und Halbschl\u00e4uche aus Luftpolsterfolie erh\u00e4ltlich.<\/li>\n<li><strong>Antistatische Folie<\/strong> \u2013 M\u00f6glichkeit einer antistatischen Luftpolsterfolie.<\/li>\n<li><strong>Kundenspezifische Fertigung m\u00f6glich<\/strong> \u2013 aus Luftpolsterfolie k\u00f6nnen verschiedene Formate und Beutel nach Absprache mit dem Kunden gefertigt werden.<\/li>\n<li><strong>Recyceltes Material<\/strong> \u2013 auch mit 30 % PCR-Material erh\u00e4ltlich.<\/li>\n<\/ul>\n<\/div>\n<\/div>\n<\/div>\n<\/div>\n<\/div>\n<\/div>\n","protected":false},"excerpt":{"rendered":"Die PCR-Luftpolsterfolie besteht aus zwei Schichten Polyethylenfolie niedriger Dichte, mit der M\u00f6glichkeit, eine Schicht hochdichter Folie (HD) oder eine 1 mm dicke Verpackungsfolie hinzuzuf\u00fcgen. Aufgrund ihrer Elastizit\u00e4t, Leichtigkeit und Anpassungsf\u00e4higkeit erm\u00f6glicht sie ein einfaches Verpacken verschiedener Produkttypen. Die Blasen sch\u00fctzen empfindliche Produkte effektiv vor Besch\u00e4digungen und anderen \u00e4u\u00dferen Einfl\u00fcssen w\u00e4hrend der Lagerung oder des Transports.  \n\nAuf Kundenwunsch ist die Luftpolsterfolie auch mit 30 % PCR-Material (Post Consumer Recyclable) erh\u00e4ltlich, was bedeutet, dass sie 30 % recyceltes LDPE-Material enth\u00e4lt, das zuvor auf dem Markt verwendet wurde und nach dem Recycling wieder in den Produktionsprozess zur\u00fcckgef\u00fchrt wurde.\n\n&nbsp;","protected":false},"featured_media":5436,"template":"","meta":{"_acf_changed":false,"inline_featured_image":false},"product_cat":[1813,1823,1814,1815,1868,1824,1869,1860,1836,1865],"product_tag":[],"class_list":{"0":"post-7175","1":"product","2":"type-product","3":"status-publish","4":"has-post-thumbnail","6":"product_cat-artikel","7":"product_cat-verpackungsmaterialien","8":"product_cat-folien","9":"product_cat-luftpolsterfolien","10":"product_cat-standard-luftpolsterfolien","11":"product_cat-schutz-von-produkten-und-fullmaterial","12":"product_cat-schutz-mit-luftpolsterfolie","13":"product_cat-schutz-von-produkten-vor-beschadigungen","14":"product_cat-nachhaltige-verpackung","15":"product_cat-nachhaltige-stretch-und-ldpe-folien","16":"pa_aplikacija-handbuch","17":"pa_izvedba-band","18":"pa_izvedba-ein-halbes-jahr","19":"pa_izvedba-flache-wicklung","20":"pa_izvedba-format-de","21":"pa_izvedba-perforiert-auf-der-rolle","22":"pa_izvedba-tasche","23":"pa_m2-na-roli-150-de","24":"pa_m2-na-roli-200-de","25":"pa_m2-na-roli-250-de","26":"pa_m2-na-roli-300-de","27":"pa_m2-na-roli-400-de","28":"pa_sirina-mm-750-de","29":"pa_sirina-mm-800-de","30":"pa_sirina-mm-1000-de","31":"pa_sirina-mm-1250-de","32":"pa_sirina-mm-1350-de","33":"pa_sirina-mm-1500-de","34":"pa_sirina-mm-2000-de","35":"pa_sirina-mm-auf-bestellung","37":"first","38":"instock","39":"product-type-simple"},"acf":[],"gallery_images":[1814],"_links":{"self":[{"href":"https:\/\/intercommerce.si\/de\/wp-json\/wp\/v2\/product\/7175","targetHints":{"allow":["GET"]}}],"collection":[{"href":"https:\/\/intercommerce.si\/de\/wp-json\/wp\/v2\/product"}],"about":[{"href":"https:\/\/intercommerce.si\/de\/wp-json\/wp\/v2\/types\/product"}],"wp:featuredmedia":[{"embeddable":true,"href":"https:\/\/intercommerce.si\/de\/wp-json\/wp\/v2\/media\/5436"}],"wp:attachment":[{"href":"https:\/\/intercommerce.si\/de\/wp-json\/wp\/v2\/media?parent=7175"}],"wp:term":[{"taxonomy":"product_cat","embeddable":true,"href":"https:\/\/intercommerce.si\/de\/wp-json\/wp\/v2\/product_cat?post=7175"},{"taxonomy":"product_tag","embeddable":true,"href":"https:\/\/intercommerce.si\/de\/wp-json\/wp\/v2\/product_tag?post=7175"}],"curies":[{"name":"wp","href":"https:\/\/api.w.org\/{rel}","templated":true}]}}