{"id":7174,"date":"2024-06-18T15:06:09","date_gmt":"2024-06-18T13:06:09","guid":{"rendered":"https:\/\/intercommerce.si\/izdelek\/activawrap-papierspender\/"},"modified":"2024-06-18T15:06:09","modified_gmt":"2024-06-18T13:06:09","slug":"activawrap-papierspender","status":"publish","type":"product","link":"https:\/\/intercommerce.si\/de\/produkt\/activawrap-papierspender\/","title":{"rendered":"activaWrap\u00ae-Papierspender"},"content":{"rendered":"<p><strong>Eigenschaften des activaWrap\u00ae-Spenders<\/strong><\/p>\n<ul>\n<li><strong>Innovative Technologie:<\/strong> Der Spender verwendet patentierte Verfahren zur Umwandlung von Papier in eine 3D-Struktur.<\/li>\n<li><strong>Umweltfreundliche L\u00f6sung:<\/strong> Wandelt spezielles activaWrap-Papier in eine Wickelverpackung um, ohne Klebeband oder Schneiden zu verwenden.<\/li>\n<li><strong>Vielseitige Verwendung:<\/strong> Geeignet zum Verpacken einzelner Gegenst\u00e4nde, die eine Schutzh\u00fclle ben\u00f6tigen.<\/li>\n<li><strong>Praktisches Design:<\/strong> Der Spender kann einfach an jeder Packstation aufgestellt werden.<\/li>\n<li><strong>Einzigartiger Schutz:<\/strong> Die 3D-Struktur des Papiers erm\u00f6glicht das sichere Verpacken von Gegenst\u00e4nden und bietet zus\u00e4tzlichen Schutz beim Transport oder bei der Lagerung.<\/li>\n<\/ul>\n","protected":false},"excerpt":{"rendered":"Der Schutz von Produkten mit activaWrap\u00ae-Papier ist am ergonomischsten, wenn zur Papierzuf\u00fchrung ein manueller oder automatischer activaWrap\u00ae-Papierspender verwendet wird.","protected":false},"featured_media":4966,"template":"","meta":{"_acf_changed":false,"inline_featured_image":false},"product_cat":[1813,1823,1824,1860,1867,1838,1836,1837],"product_tag":[],"class_list":{"0":"post-7174","1":"product","2":"type-product","3":"status-publish","4":"has-post-thumbnail","6":"product_cat-artikel","7":"product_cat-verpackungsmaterialien","8":"product_cat-schutz-von-produkten-und-fullmaterial","9":"product_cat-schutz-von-produkten-vor-beschadigungen","10":"product_cat-schutz-mit-papier","11":"product_cat-gerate-zur-hohlraumfullung-und-zum-schutz-von-produkten","12":"product_cat-nachhaltige-verpackung","13":"product_cat-nachhaltige-fullmaterialien-und-produktschutz","15":"first","16":"instock","17":"product-type-simple"},"acf":[],"gallery_images":[],"_links":{"self":[{"href":"https:\/\/intercommerce.si\/de\/wp-json\/wp\/v2\/product\/7174","targetHints":{"allow":["GET"]}}],"collection":[{"href":"https:\/\/intercommerce.si\/de\/wp-json\/wp\/v2\/product"}],"about":[{"href":"https:\/\/intercommerce.si\/de\/wp-json\/wp\/v2\/types\/product"}],"wp:featuredmedia":[{"embeddable":true,"href":"https:\/\/intercommerce.si\/de\/wp-json\/wp\/v2\/media\/4966"}],"wp:attachment":[{"href":"https:\/\/intercommerce.si\/de\/wp-json\/wp\/v2\/media?parent=7174"}],"wp:term":[{"taxonomy":"product_cat","embeddable":true,"href":"https:\/\/intercommerce.si\/de\/wp-json\/wp\/v2\/product_cat?post=7174"},{"taxonomy":"product_tag","embeddable":true,"href":"https:\/\/intercommerce.si\/de\/wp-json\/wp\/v2\/product_tag?post=7174"}],"curies":[{"name":"wp","href":"https:\/\/api.w.org\/{rel}","templated":true}]}}