{"id":7173,"date":"2024-06-18T15:05:47","date_gmt":"2024-06-18T13:05:47","guid":{"rendered":"https:\/\/intercommerce.si\/izdelek\/abdeckende-ldpe-folien\/"},"modified":"2024-06-18T15:05:47","modified_gmt":"2024-06-18T13:05:47","slug":"abdeckende-ldpe-folien","status":"publish","type":"product","link":"https:\/\/intercommerce.si\/de\/produkt\/abdeckende-ldpe-folien\/","title":{"rendered":"Abdeckende LDPE-Folien"},"content":{"rendered":"<p>Eigenschaften von LDPE-Abdeckfolien:<\/p>\n<ul>\n<li>Sie k\u00f6nnen in Formate, auf die gew\u00fcnschte Gr\u00f6\u00dfe, perforiert werden.<\/li>\n<li>Ihre Anwendung ist einfach \u2013 sowohl f\u00fcr die Serien- als auch f\u00fcr die Einzelfertigung.<\/li>\n<li>Sie bieten Schutz vor Staub, Regen und anderen \u00e4u\u00dferen Einfl\u00fcssen.<\/li>\n<li>Mit einem Zusatz k\u00f6nnen sie Schutz vor UV-Strahlen der Sonne bieten.<\/li>\n<li>Sie k\u00f6nnen thermoschrumpfbar sein.<\/li>\n<li>Lieferbar in verschiedenen Farben, standardm\u00e4\u00dfig sind sie transparent.<\/li>\n<li>M\u00f6glichkeit der Zugabe von Antistatik und Gleitf\u00e4higkeit.<\/li>\n<li>Breite Auswahl an Folienst\u00e4rken: von 25 bis 200 my.<\/li>\n<li>Im Angebot auch HD-Abdeckfolien.<\/li>\n<\/ul>\n","protected":false},"excerpt":{"rendered":"LDPE-Abdeckfolien werden in der Industrie zum Abdecken von Paletten verwendet. Sie k\u00f6nnen f\u00fcr automatische Linien oder f\u00fcr den manuellen Gebrauch vorbereitet werden. Die Abdeckfolie ist auch ideal zum Abdecken gro\u00dfer Teile bzw. Elemente, z.B. zum Abdecken einer Maschine.    ","protected":false},"featured_media":1795,"template":"","meta":{"_acf_changed":false,"inline_featured_image":false},"product_cat":[1813,1814,1866,1823],"product_tag":[],"class_list":{"0":"post-7173","1":"product","2":"type-product","3":"status-publish","4":"has-post-thumbnail","6":"product_cat-artikel","7":"product_cat-folien","8":"product_cat-pe-folien-ldpe-hdpe","9":"product_cat-verpackungsmaterialien","10":"pa_aplikacija-handbuch","11":"pa_aplikacija-hardware","12":"pa_debelina-mm-120-de","13":"pa_debelina-mm-40-de","14":"pa_debelina-mm-60-de","15":"pa_debelina-mm-70-de","16":"pa_debelina-mm-80-de","17":"pa_debelina-mm-auf-bestellung","18":"pa_dimenzija-mm-1200x1600-de","19":"pa_dimenzija-mm-1200x800-de","20":"pa_dimenzija-mm-1300x1600-de","21":"pa_dimenzija-mm-1600-flache-wicklung","22":"pa_dimenzija-mm-auf-bestellung","23":"pa_izvedba-flache-wicklung","24":"pa_izvedba-perforiert-auf-der-rolle","25":"pa_premer-tulca-mm-76-de","26":"pa_specificne-lastnosti-regenerieren","27":"pa_specificne-lastnosti-uv-12-de","28":"pa_teza-kg-30-de","29":"pa_teza-kg-50-de","30":"pa_teza-kg-auf-bestellung","32":"first","33":"instock","34":"product-type-simple"},"acf":[],"gallery_images":[],"_links":{"self":[{"href":"https:\/\/intercommerce.si\/de\/wp-json\/wp\/v2\/product\/7173","targetHints":{"allow":["GET"]}}],"collection":[{"href":"https:\/\/intercommerce.si\/de\/wp-json\/wp\/v2\/product"}],"about":[{"href":"https:\/\/intercommerce.si\/de\/wp-json\/wp\/v2\/types\/product"}],"wp:featuredmedia":[{"embeddable":true,"href":"https:\/\/intercommerce.si\/de\/wp-json\/wp\/v2\/media\/1795"}],"wp:attachment":[{"href":"https:\/\/intercommerce.si\/de\/wp-json\/wp\/v2\/media?parent=7173"}],"wp:term":[{"taxonomy":"product_cat","embeddable":true,"href":"https:\/\/intercommerce.si\/de\/wp-json\/wp\/v2\/product_cat?post=7173"},{"taxonomy":"product_tag","embeddable":true,"href":"https:\/\/intercommerce.si\/de\/wp-json\/wp\/v2\/product_tag?post=7173"}],"curies":[{"name":"wp","href":"https:\/\/api.w.org\/{rel}","templated":true}]}}