{"id":7170,"date":"2024-06-18T15:05:55","date_gmt":"2024-06-18T13:05:55","guid":{"rendered":"https:\/\/intercommerce.si\/izdelek\/tesa-4831-silikonfreies-abdeckband\/"},"modified":"2024-06-18T15:05:55","modified_gmt":"2024-06-18T13:05:55","slug":"tesa-4831-silikonfreies-abdeckband","status":"publish","type":"product","link":"https:\/\/intercommerce.si\/de\/produkt\/tesa-4831-silikonfreies-abdeckband\/","title":{"rendered":"tesa\u00ae 4831 \u2013 Silikonfreies Abdeckband"},"content":{"rendered":"<p>Eigenschaften des tesa\u00ae 4831 Klebebands:<\/p>\n<ul>\n<li>r\u00fcckstandsfreies Entfernen,<\/li>\n<li>f\u00fcr sehr anspruchsvolle Anwendungen,<\/li>\n<li>f\u00fcr Temperaturen bis zu 180 \u00b0C.<\/li>\n<\/ul>\n","protected":false},"excerpt":{"rendered":"tesa\u00ae 4831 ist ein silikonfreies Abdeckband, das aus einem PET\/Vlies-Tr\u00e4ger und einem Acrylatkleber besteht. Es wurde speziell f\u00fcr sehr anspruchsvolle Anwendungen wie die Herstellung von Verbundwerkstoffen und Metall-Sandwich-Konstruktionen entwickelt.\nDank des robusten Tr\u00e4gers aus PET\/Vlies und des Acrylatklebers h\u00e4lt es hohem Druck und Temperaturen bis zu 180 \u00b0C stand. Es ist silikonfrei, wodurch eine Kontamination von Oberfl\u00e4chen mit Silikonklebstoff verhindert wird. Prozesse wie das Verkleben von Fenstern oder das Beschichten k\u00f6nnen somit mit h\u00f6chster Zuverl\u00e4ssigkeit durchgef\u00fchrt und zeitaufwendige Reinigungen vermieden werden.   ","protected":false},"featured_media":1879,"template":"","meta":{"_acf_changed":false,"inline_featured_image":false},"product_cat":[1813,1846,1847,1848,1823],"product_tag":[],"class_list":{"0":"post-7170","1":"product","2":"type-product","3":"status-publish","4":"has-post-thumbnail","6":"product_cat-artikel","7":"product_cat-klebebander","8":"product_cat-tesa-de","9":"product_cat-tesa-klebebander","10":"product_cat-verpackungsmaterialien","11":"pa_aplikacija-handbuch","12":"pa_barva-weis","13":"pa_navitje-na-roli-m-50-de","14":"pa_nosilec-pet-vliesstoff","15":"pa_sirina-mm-50-de","16":"pa_st-izdelkov-v-skatli-36-de","17":"pa_st-izdelkov-v-skatli-48-de","18":"pa_st-izdelkov-v-skatli-72-de","19":"pa_st-izdelkov-v-skatli-96-de","20":"pa_vrsta-lepila-acryl","22":"first","23":"instock","24":"product-type-simple"},"acf":[],"gallery_images":[1880],"_links":{"self":[{"href":"https:\/\/intercommerce.si\/de\/wp-json\/wp\/v2\/product\/7170","targetHints":{"allow":["GET"]}}],"collection":[{"href":"https:\/\/intercommerce.si\/de\/wp-json\/wp\/v2\/product"}],"about":[{"href":"https:\/\/intercommerce.si\/de\/wp-json\/wp\/v2\/types\/product"}],"wp:featuredmedia":[{"embeddable":true,"href":"https:\/\/intercommerce.si\/de\/wp-json\/wp\/v2\/media\/1879"}],"wp:attachment":[{"href":"https:\/\/intercommerce.si\/de\/wp-json\/wp\/v2\/media?parent=7170"}],"wp:term":[{"taxonomy":"product_cat","embeddable":true,"href":"https:\/\/intercommerce.si\/de\/wp-json\/wp\/v2\/product_cat?post=7170"},{"taxonomy":"product_tag","embeddable":true,"href":"https:\/\/intercommerce.si\/de\/wp-json\/wp\/v2\/product_tag?post=7170"}],"curies":[{"name":"wp","href":"https:\/\/api.w.org\/{rel}","templated":true}]}}