{"id":7169,"date":"2024-06-18T15:05:47","date_gmt":"2024-06-18T13:05:47","guid":{"rendered":"https:\/\/intercommerce.si\/izdelek\/starre-maschinenfolie\/"},"modified":"2024-06-18T15:05:47","modified_gmt":"2024-06-18T13:05:47","slug":"starre-maschinenfolie","status":"publish","type":"product","link":"https:\/\/intercommerce.si\/de\/produkt\/starre-maschinenfolie\/","title":{"rendered":"Starre Maschinenfolie"},"content":{"rendered":"<p><strong>Eigenschaften von starren Folien<\/strong><\/p>\n<ul>\n<li>Starre Folien ersetzen Standardfolien, da sie eine h\u00f6here Palettenstabilit\u00e4t gew\u00e4hrleisten.<\/li>\n<li>Sie haben eine h\u00f6here Durchsto\u00dffestigkeit.<\/li>\n<li>Starre Folie lockert sich w\u00e4hrend des Transports nicht, wodurch Reibung, Scheuern, Produktsch\u00e4den und das Auslaufen der Palette verhindert werden.<\/li>\n<li>Sie gew\u00e4hrleisten eine sehr hohe Palettenstabilit\u00e4t.<\/li>\n<li>Mit einer d\u00fcnneren starren Folie kann eine dickere Standardfolie ersetzt werden, wodurch die verbrauchte Folienmenge reduziert wird.<\/li>\n<\/ul>\n","protected":false},"excerpt":{"rendered":"Starre Folien werden auf Wickelmaschinen mit elektromagnetischer oder manueller Bremse verwendet. Die Standardfolienbreite betr\u00e4gt 500 mm, optional sind auch Breiten von 750 oder 1000 mm erh\u00e4ltlich. ","protected":false},"featured_media":6689,"template":"","meta":{"_acf_changed":false,"inline_featured_image":false},"product_cat":[1813,1825,1814,1857,1823],"product_tag":[],"class_list":{"0":"post-7169","1":"product","2":"type-product","3":"status-publish","4":"has-post-thumbnail","6":"product_cat-artikel","7":"product_cat-dehnfahige-stretch-folien","8":"product_cat-folien","9":"product_cat-maschinenfolien","10":"product_cat-verpackungsmaterialien","11":"pa_aplikacija-hardware","12":"pa_barva-trasparent-de","13":"pa_debelina-mm-12-de","14":"pa_debelina-mm-15-de","15":"pa_debelina-mm-17-de","16":"pa_debelina-mm-9-de","17":"pa_premer-tulca-mm-76-de","18":"pa_premer-tulca-mm-ohne-hulse","19":"pa_raztezek-100-de","20":"pa_sirina-mm-500-de","21":"pa_specificne-lastnosti-auf-der-epal-palette","22":"pa_st-rol-na-paleti-45-de","23":"pa_st-rol-na-paleti-46-de","24":"pa_teza-kg-143-de","25":"pa_teza-kg-16-de","26":"pa_teza-kg-173-de","27":"pa_teza-tulca-kg-16-de","28":"pa_teza-tulca-kg-ohne-hulse","30":"first","31":"instock","32":"product-type-simple"},"acf":[],"gallery_images":[],"_links":{"self":[{"href":"https:\/\/intercommerce.si\/de\/wp-json\/wp\/v2\/product\/7169","targetHints":{"allow":["GET"]}}],"collection":[{"href":"https:\/\/intercommerce.si\/de\/wp-json\/wp\/v2\/product"}],"about":[{"href":"https:\/\/intercommerce.si\/de\/wp-json\/wp\/v2\/types\/product"}],"wp:featuredmedia":[{"embeddable":true,"href":"https:\/\/intercommerce.si\/de\/wp-json\/wp\/v2\/media\/6689"}],"wp:attachment":[{"href":"https:\/\/intercommerce.si\/de\/wp-json\/wp\/v2\/media?parent=7169"}],"wp:term":[{"taxonomy":"product_cat","embeddable":true,"href":"https:\/\/intercommerce.si\/de\/wp-json\/wp\/v2\/product_cat?post=7169"},{"taxonomy":"product_tag","embeddable":true,"href":"https:\/\/intercommerce.si\/de\/wp-json\/wp\/v2\/product_tag?post=7169"}],"curies":[{"name":"wp","href":"https:\/\/api.w.org\/{rel}","templated":true}]}}