{"id":7167,"date":"2024-06-18T15:06:05","date_gmt":"2024-06-18T13:06:05","guid":{"rendered":"https:\/\/intercommerce.si\/izdelek\/abroller-fuer-komposit-umreifungsbaender\/"},"modified":"2024-06-18T15:06:05","modified_gmt":"2024-06-18T13:06:05","slug":"abroller-fuer-komposit-umreifungsbaender","status":"publish","type":"product","link":"https:\/\/intercommerce.si\/de\/produkt\/abroller-fuer-komposit-umreifungsbaender\/","title":{"rendered":"Abroller f\u00fcr Komposit-Umreifungsb\u00e4nder"},"content":{"rendered":"<p><strong>Eigenschaften von Abrollern f\u00fcr Komposit-Umreifungsb\u00e4nder<\/strong><\/p>\n<ul>\n<li><strong>Reibungsloses Abrollen des Bandes<\/strong>: Sorgen f\u00fcr ein reibungsloses Abrollen von Kompositb\u00e4ndern ohne Verwicklungen.<\/li>\n<li><strong>Stabile und robuste Bauweise<\/strong>: Sie sind aus hochwertigen Materialien gefertigt, die eine lange Lebensdauer und Verschlei\u00dffestigkeit gew\u00e4hrleisten.<\/li>\n<li><strong>Geeignet f\u00fcr verschiedene Bandbreiten<\/strong>: Kompatibel mit verschiedenen Abmessungen von Kompositb\u00e4ndern.<\/li>\n<li><strong>Geeignet f\u00fcr einen Innendurchmesser der Spule von D 200 mm.<\/strong><\/li>\n<li><strong>Leichte Transportierbarkeit<\/strong>: Dank der kompakten Bauweise lassen sie sich einfach bewegen und an verschiedenen Arbeitspl\u00e4tzen einsetzen.<\/li>\n<\/ul>\n<div class=\"product_meta\"><\/div>\n","protected":false},"excerpt":{"rendered":"Abroller f\u00fcr Kompositb\u00e4nder sind f\u00fcr ein einfaches und reibungsloses Abrollen von B\u00e4ndern konzipiert, die zum Verbinden von Ladungen unterschiedlicher Form verwendet werden. Sie werden in verschiedenen Industriezweigen wie Logistik, Holzindustrie und Bauwesen eingesetzt. ","protected":false},"featured_media":6995,"template":"","meta":{"_acf_changed":false,"inline_featured_image":false},"product_cat":[1813,1823,1831,1832,1854,1855],"product_tag":[],"class_list":{"0":"post-7167","1":"product","2":"type-product","3":"status-publish","4":"has-post-thumbnail","6":"product_cat-artikel","7":"product_cat-verpackungsmaterialien","8":"product_cat-umreifungsbander","9":"product_cat-werkzeuge-und-zubehor-fur-umreifungsbander","10":"product_cat-abroller","11":"product_cat-wagen-fur-umreifungsbander","13":"first","14":"instock","15":"product-type-simple"},"acf":[],"gallery_images":[5136],"_links":{"self":[{"href":"https:\/\/intercommerce.si\/de\/wp-json\/wp\/v2\/product\/7167","targetHints":{"allow":["GET"]}}],"collection":[{"href":"https:\/\/intercommerce.si\/de\/wp-json\/wp\/v2\/product"}],"about":[{"href":"https:\/\/intercommerce.si\/de\/wp-json\/wp\/v2\/types\/product"}],"wp:featuredmedia":[{"embeddable":true,"href":"https:\/\/intercommerce.si\/de\/wp-json\/wp\/v2\/media\/6995"}],"wp:attachment":[{"href":"https:\/\/intercommerce.si\/de\/wp-json\/wp\/v2\/media?parent=7167"}],"wp:term":[{"taxonomy":"product_cat","embeddable":true,"href":"https:\/\/intercommerce.si\/de\/wp-json\/wp\/v2\/product_cat?post=7167"},{"taxonomy":"product_tag","embeddable":true,"href":"https:\/\/intercommerce.si\/de\/wp-json\/wp\/v2\/product_tag?post=7167"}],"curies":[{"name":"wp","href":"https:\/\/api.w.org\/{rel}","templated":true}]}}