{"id":7166,"date":"2024-06-18T15:05:51","date_gmt":"2024-06-18T13:05:51","guid":{"rendered":"https:\/\/intercommerce.si\/izdelek\/spezial-klebebaender\/"},"modified":"2024-06-18T15:05:51","modified_gmt":"2024-06-18T13:05:51","slug":"spezial-klebebaender","status":"publish","type":"product","link":"https:\/\/intercommerce.si\/de\/produkt\/spezial-klebebaender\/","title":{"rendered":"Spezial-Klebeb\u00e4nder"},"content":{"rendered":"<p><strong>Arten von Spezialklebeb\u00e4ndern<\/strong><\/p>\n<p>Spezialklebeb\u00e4nder sind in verschiedenen Ausf\u00fchrungen erh\u00e4ltlich, die auf spezifische industrielle und handwerkliche Anforderungen zugeschnitten sind. Zu den am h\u00e4ufigsten verwendeten Arten geh\u00f6ren: <\/p>\n<ul>\n<li><strong>Markierungsb\u00e4nder<\/strong>: Sie werden zur Kennzeichnung und Markierung von Wegen in verschiedenen Umgebungen wie Lagerhallen oder Produktionsst\u00e4tten verwendet.<\/li>\n<li><strong>Aluminiumklebeb\u00e4nder<\/strong>: Sie sind f\u00fcr den Schutz vor Hitze und zum Abdichten konzipiert und werden h\u00e4ufig in der HLK-Industrie eingesetzt.<\/li>\n<li><strong>Filamentklebeb\u00e4nder<\/strong>: Sie haben verst\u00e4rkte F\u00e4den, die eine au\u00dfergew\u00f6hnliche Festigkeit gew\u00e4hrleisten, und eignen sich f\u00fcr anspruchsvolle Verpackungen und den Schutz schwerer Gegenst\u00e4nde.<\/li>\n<li><strong>Antirutschb\u00e4nder<\/strong>: Sie gew\u00e4hrleisten die Sicherheit auf rutschigen Oberfl\u00e4chen wie Treppen, Gehwegen oder Arbeitsbereichen.<\/li>\n<li><strong>Duct Tapes<\/strong>: Extrem strapazierf\u00e4hige B\u00e4nder, die f\u00fcr allgemeine Reparaturen und Abdichtungen in verschiedenen Branchen verwendet werden.<\/li>\n<li><strong>Splei\u00dfb\u00e4nder<\/strong>: Sie werden zum Verbinden von B\u00e4ndern oder anderen Materialien verwendet, wo eine starke und zuverl\u00e4ssige Verbindung erforderlich ist.<\/li>\n<li><strong>Handylift-Klebeb\u00e4nder<\/strong>: Sie sind f\u00fcr die einfache Verwendung beim Heben und Tragen von Gegenst\u00e4nden konzipiert, wo manuelle Anwendungen erforderlich sind.<\/li>\n<li><strong>Thermoschrumpf-Klebeb\u00e4nder<\/strong>: Sie werden zum Schutz und zur Abdichtung von Kabeln, Dr\u00e4hten und anderen Elementen verwendet, wobei sich das Band beim Erhitzen zusammenzieht, um eine feste und sichere Verbindung zu gew\u00e4hrleisten.<\/li>\n<\/ul>\n<p>Jede Art von Klebeband ist speziell f\u00fcr bestimmte Aufgaben konzipiert, was die Optimierung von Effizienz und Qualit\u00e4t in verschiedenen Industriezweigen erm\u00f6glicht.<\/p>\n","protected":false},"excerpt":{"rendered":"Spezialklebeb\u00e4nder werden f\u00fcr spezielle Zwecke verwendet. Sie finden Anwendung im Bauwesen, in der Glas- und Metallindustrie sowie im handwerklichen Automobilbau.\nDank ihrer Anpassungsf\u00e4higkeit und Widerstandsf\u00e4higkeit gegen verschiedene Bedingungen sind sie ideal f\u00fcr spezielle Aufgaben, die hohe Qualit\u00e4t und Zuverl\u00e4ssigkeit erfordern. ","protected":false},"featured_media":1837,"template":"","meta":{"_acf_changed":false,"inline_featured_image":false},"product_cat":[1813,1823,1846,1864],"product_tag":[],"class_list":{"0":"post-7166","1":"product","2":"type-product","3":"status-publish","4":"has-post-thumbnail","6":"product_cat-artikel","7":"product_cat-verpackungsmaterialien","8":"product_cat-klebebander","9":"product_cat-spezial-klebebander","10":"pa_aplikacija-handbuch","11":"pa_aplikacija-hardware","12":"pa_specificne-lastnosti-die-eigenschaften-und-abmessungen-der-spezialklebebander-werden-mit-dem-kunden-vereinbart","14":"first","15":"instock","16":"product-type-simple"},"acf":[],"gallery_images":[1838],"_links":{"self":[{"href":"https:\/\/intercommerce.si\/de\/wp-json\/wp\/v2\/product\/7166","targetHints":{"allow":["GET"]}}],"collection":[{"href":"https:\/\/intercommerce.si\/de\/wp-json\/wp\/v2\/product"}],"about":[{"href":"https:\/\/intercommerce.si\/de\/wp-json\/wp\/v2\/types\/product"}],"wp:featuredmedia":[{"embeddable":true,"href":"https:\/\/intercommerce.si\/de\/wp-json\/wp\/v2\/media\/1837"}],"wp:attachment":[{"href":"https:\/\/intercommerce.si\/de\/wp-json\/wp\/v2\/media?parent=7166"}],"wp:term":[{"taxonomy":"product_cat","embeddable":true,"href":"https:\/\/intercommerce.si\/de\/wp-json\/wp\/v2\/product_cat?post=7166"},{"taxonomy":"product_tag","embeddable":true,"href":"https:\/\/intercommerce.si\/de\/wp-json\/wp\/v2\/product_tag?post=7166"}],"curies":[{"name":"wp","href":"https:\/\/api.w.org\/{rel}","templated":true}]}}