{"id":7165,"date":"2024-06-18T15:06:15","date_gmt":"2024-06-18T13:06:15","guid":{"rendered":"https:\/\/intercommerce.si\/izdelek\/flo-pak-green-fuellmaterial\/"},"modified":"2024-06-18T15:06:15","modified_gmt":"2024-06-18T13:06:15","slug":"flo-pak-green-fuellmaterial","status":"publish","type":"product","link":"https:\/\/intercommerce.si\/de\/produkt\/flo-pak-green-fuellmaterial\/","title":{"rendered":"FLO-PAK green F\u00fcllmaterial"},"content":{"rendered":"<p><strong>Eigenschaften des FLO-PAK green F\u00fcllmaterials<\/strong><\/p>\n<ul>\n<li>Es wird aus 100 % recyceltem EPS-Material hergestellt.<\/li>\n<li>Es ist f\u00fcr den Mehrfachgebrauch geeignet.<\/li>\n<li>Es ist sehr leicht, antistatisch und geruchsneutral.<\/li>\n<li>Es ist f\u00fcr den Schutz von Produkten mit unregelm\u00e4\u00dfiger Form geeignet.<\/li>\n<li>Seine Besonderheit ist, dass es keinen Staub abgibt.<\/li>\n<\/ul>\n","protected":false},"excerpt":{"rendered":"Flo-Pak Green F\u00fcllmaterial ist ein umweltfreundliches und effektives F\u00fcllmaterial f\u00fcr Verpackungen, das den Schutz Ihrer Produkte w\u00e4hrend des Transports gew\u00e4hrleistet. Dieses aus recycelten Materialien hergestellte F\u00fcllmaterial ist eine leichte, aber dennoch robuste L\u00f6sung, die das Verrutschen von Produkten in Kartons verhindert und Schutz vor Besch\u00e4digungen bietet. Flo-Pak Green ist biologisch abbaubar, wodurch es nach Gebrauch einfach recycelt werden kann und die Umwelt nicht belastet.  ","protected":false},"featured_media":2123,"template":"","meta":{"_acf_changed":false,"inline_featured_image":false},"product_cat":[1813,1823,1824,1834,1863,1836,1837],"product_tag":[],"class_list":{"0":"post-7165","1":"product","2":"type-product","3":"status-publish","4":"has-post-thumbnail","6":"product_cat-artikel","7":"product_cat-verpackungsmaterialien","8":"product_cat-schutz-von-produkten-und-fullmaterial","9":"product_cat-verpackungsfullung","10":"product_cat-flo-pak-green-fullmaterial","11":"product_cat-nachhaltige-verpackung","12":"product_cat-nachhaltige-fullmaterialien-und-produktschutz","14":"first","15":"instock","16":"product-type-simple"},"acf":[],"gallery_images":[],"_links":{"self":[{"href":"https:\/\/intercommerce.si\/de\/wp-json\/wp\/v2\/product\/7165","targetHints":{"allow":["GET"]}}],"collection":[{"href":"https:\/\/intercommerce.si\/de\/wp-json\/wp\/v2\/product"}],"about":[{"href":"https:\/\/intercommerce.si\/de\/wp-json\/wp\/v2\/types\/product"}],"wp:featuredmedia":[{"embeddable":true,"href":"https:\/\/intercommerce.si\/de\/wp-json\/wp\/v2\/media\/2123"}],"wp:attachment":[{"href":"https:\/\/intercommerce.si\/de\/wp-json\/wp\/v2\/media?parent=7165"}],"wp:term":[{"taxonomy":"product_cat","embeddable":true,"href":"https:\/\/intercommerce.si\/de\/wp-json\/wp\/v2\/product_cat?post=7165"},{"taxonomy":"product_tag","embeddable":true,"href":"https:\/\/intercommerce.si\/de\/wp-json\/wp\/v2\/product_tag?post=7165"}],"curies":[{"name":"wp","href":"https:\/\/api.w.org\/{rel}","templated":true}]}}