{"id":7164,"date":"2024-06-18T15:05:51","date_gmt":"2024-06-18T13:05:51","guid":{"rendered":"https:\/\/intercommerce.si\/izdelek\/pp-klebebaender\/"},"modified":"2024-06-18T15:05:51","modified_gmt":"2024-06-18T13:05:51","slug":"pp-klebebaender","status":"publish","type":"product","link":"https:\/\/intercommerce.si\/de\/produkt\/pp-klebebaender\/","title":{"rendered":"PP-Klebeb\u00e4nder"},"content":{"rendered":"<p><strong>Eigenschaften von PP-Klebeb\u00e4ndern<\/strong><\/p>\n<ul>\n<li>Ideal zum Verkleben von Kartons und Verpacken von Schachteln<\/li>\n<li>Bedruckung nach Wunsch m\u00f6glich<\/li>\n<li>Erh\u00e4ltlich in verschiedenen Abmessungen und Farben<\/li>\n<\/ul>\n","protected":false},"excerpt":{"rendered":"PP-Klebeb\u00e4nder sind \u00f6kologisch abbaubar und zeichnen sich gleichzeitig durch ihre Festigkeit aus, da sie nicht rei\u00dfen. Sie werden zum Verkleben von Kartons und Verpacken von Schachteln verwendet. Aufgrund des starken Klebstoffs erm\u00f6glichen die Klebeb\u00e4nder ein sehr effizientes, hochwertiges und dauerhaftes Verkleben aller Arten von Materialien. Der Grundtr\u00e4ger ist BOPP mit drei verschiedenen Klebstofftypen, erh\u00e4ltlich in verschiedenen Abmessungen und Farben. Sie k\u00f6nnen manuell oder maschinell appliziert werden.    ","protected":false},"featured_media":1820,"template":"","meta":{"_acf_changed":false,"inline_featured_image":false},"product_cat":[1813,1846,1862,1823],"product_tag":[],"class_list":{"0":"post-7164","1":"product","2":"type-product","3":"status-publish","4":"has-post-thumbnail","6":"product_cat-artikel","7":"product_cat-klebebander","8":"product_cat-pp-klebebander","9":"product_cat-verpackungsmaterialien","10":"pa_aplikacija-handbuch","11":"pa_aplikacija-hardware","12":"pa_barva-braun","13":"pa_barva-transparent-de","14":"pa_barva-weiss-de","15":"pa_navitje-na-roli-m-132-de","16":"pa_navitje-na-roli-m-400-de","17":"pa_navitje-na-roli-m-66-de","18":"pa_navitje-na-roli-m-660-de","19":"pa_navitje-na-roli-m-990-de","20":"pa_nosilec-bopp-de","21":"pa_sirina-mm-100-de","22":"pa_sirina-mm-12-de","23":"pa_sirina-mm-15-de","24":"pa_sirina-mm-150-de","25":"pa_sirina-mm-19-de","26":"pa_sirina-mm-25-de","27":"pa_sirina-mm-50-de","28":"pa_sirina-mm-75-de","29":"pa_st-izdelkov-v-skatli-18-de","30":"pa_st-izdelkov-v-skatli-24-de","31":"pa_st-izdelkov-v-skatli-36-de","32":"pa_st-izdelkov-v-skatli-4-de","33":"pa_st-izdelkov-v-skatli-6-de","34":"pa_st-izdelkov-v-skatli-72-de","35":"pa_vrsta-lepila-naturkautschuk-losungsmittel","36":"pa_vrsta-lepila-synthetischer-kautschuk-heiskleber","37":"pa_vrsta-lepila-wasser-acrylat-bio-losungsmittel","39":"first","40":"instock","41":"product-type-simple"},"acf":[],"gallery_images":[1821,1822],"_links":{"self":[{"href":"https:\/\/intercommerce.si\/de\/wp-json\/wp\/v2\/product\/7164","targetHints":{"allow":["GET"]}}],"collection":[{"href":"https:\/\/intercommerce.si\/de\/wp-json\/wp\/v2\/product"}],"about":[{"href":"https:\/\/intercommerce.si\/de\/wp-json\/wp\/v2\/types\/product"}],"wp:featuredmedia":[{"embeddable":true,"href":"https:\/\/intercommerce.si\/de\/wp-json\/wp\/v2\/media\/1820"}],"wp:attachment":[{"href":"https:\/\/intercommerce.si\/de\/wp-json\/wp\/v2\/media?parent=7164"}],"wp:term":[{"taxonomy":"product_cat","embeddable":true,"href":"https:\/\/intercommerce.si\/de\/wp-json\/wp\/v2\/product_cat?post=7164"},{"taxonomy":"product_tag","embeddable":true,"href":"https:\/\/intercommerce.si\/de\/wp-json\/wp\/v2\/product_tag?post=7164"}],"curies":[{"name":"wp","href":"https:\/\/api.w.org\/{rel}","templated":true}]}}