{"id":7162,"date":"2024-06-18T15:05:55","date_gmt":"2024-06-18T13:05:55","guid":{"rendered":"https:\/\/intercommerce.si\/izdelek\/tesa-4688-gewebeband-mit-polyethylenbeschichtung\/"},"modified":"2024-06-18T15:05:55","modified_gmt":"2024-06-18T13:05:55","slug":"tesa-4688-gewebeband-mit-polyethylenbeschichtung","status":"publish","type":"product","link":"https:\/\/intercommerce.si\/de\/produkt\/tesa-4688-gewebeband-mit-polyethylenbeschichtung\/","title":{"rendered":"tesa\u00ae 4688 \u2013 Gewebeband mit Polyethylenbeschichtung"},"content":{"rendered":"<p>Eigenschaften des tesa\u00ae 4688 Klebebands:<\/p>\n<p>Das Polyethylen-beschichtete Gewebeband ist ein typisches Reparaturklebeband mit vielseitigem Einsatzbereich. Es wird verwendet f\u00fcr: Markieren, Abdecken, Verpacken, Sch\u00fctzen, Befestigen, Verschlie\u00dfen von Kartons und Dosen, Verkleben von Baufolien, Befestigen von Kabeln, Verbinden von Folien, Kabelb\u00fcndeln und Kennzeichnen von Teilen bei Wartungsarbeiten in Kernkraftwerken. <\/p>\n","protected":false},"excerpt":{"rendered":"tesa\u00ae 4688, ein Polyethylen-beschichtetes Gewebeband, haftet stark, auch auf rauen Oberfl\u00e4chen. Es ist wasserdicht. Es verf\u00fcgt \u00fcber einen Tr\u00e4ger aus PET\/Rayon-Gewebe (55 Mesh) mit einem druckempfindlichen Naturkautschukkleber. tesa\u00ae 4688 ist ein typisches Reparaturklebeband, das f\u00fcr verschiedene Anforderungen geeignet und einfach zu handhaben ist.   ","protected":false},"featured_media":1871,"template":"","meta":{"_acf_changed":false,"inline_featured_image":false},"product_cat":[1813,1823,1846,1847,1848],"product_tag":[],"class_list":{"0":"post-7162","1":"product","2":"type-product","3":"status-publish","4":"has-post-thumbnail","6":"product_cat-artikel","7":"product_cat-verpackungsmaterialien","8":"product_cat-klebebander","9":"product_cat-tesa-de","10":"product_cat-tesa-klebebander","11":"pa_aplikacija-handbuch","12":"pa_barva-weiss-de","13":"pa_barva-schwarz-de","14":"pa_barva-silber","15":"pa_navitje-na-roli-m-50-de","16":"pa_nosilec-pet-gewebe","17":"pa_sirina-mm-50-de","18":"pa_st-izdelkov-v-skatli-36-de","19":"pa_vrsta-lepila-naturkautschuk-losungsmittel","21":"first","22":"instock","23":"product-type-simple"},"acf":[],"gallery_images":[1872,1873],"_links":{"self":[{"href":"https:\/\/intercommerce.si\/de\/wp-json\/wp\/v2\/product\/7162","targetHints":{"allow":["GET"]}}],"collection":[{"href":"https:\/\/intercommerce.si\/de\/wp-json\/wp\/v2\/product"}],"about":[{"href":"https:\/\/intercommerce.si\/de\/wp-json\/wp\/v2\/types\/product"}],"wp:featuredmedia":[{"embeddable":true,"href":"https:\/\/intercommerce.si\/de\/wp-json\/wp\/v2\/media\/1871"}],"wp:attachment":[{"href":"https:\/\/intercommerce.si\/de\/wp-json\/wp\/v2\/media?parent=7162"}],"wp:term":[{"taxonomy":"product_cat","embeddable":true,"href":"https:\/\/intercommerce.si\/de\/wp-json\/wp\/v2\/product_cat?post=7162"},{"taxonomy":"product_tag","embeddable":true,"href":"https:\/\/intercommerce.si\/de\/wp-json\/wp\/v2\/product_tag?post=7162"}],"curies":[{"name":"wp","href":"https:\/\/api.w.org\/{rel}","templated":true}]}}