{"id":7161,"date":"2024-06-18T15:05:55","date_gmt":"2024-06-18T13:05:55","guid":{"rendered":"https:\/\/intercommerce.si\/izdelek\/tesa-4934-doppelseitiges-klebeband\/"},"modified":"2024-06-18T15:05:55","modified_gmt":"2024-06-18T13:05:55","slug":"tesa-4934-doppelseitiges-klebeband","status":"publish","type":"product","link":"https:\/\/intercommerce.si\/de\/produkt\/tesa-4934-doppelseitiges-klebeband\/","title":{"rendered":"tesa\u00ae 4934 \u2013 doppelseitiges Klebeband"},"content":{"rendered":"<p>Eigenschaften des tesa\u00ae 4934 Klebebands:<\/p>\n<p>Tesa\u00ae 4934, ein doppelseitiges Klebeband, ist ein Montageband. Es ist vielseitig auf rauen und faserigen Oberfl\u00e4chen einsetzbar. Dank des flexiblen Gewebes und des hohen Beschichtungsgewichts eignet es sich besonders gut f\u00fcr die Montage auf groben, faserigen Oberfl\u00e4chen, wie zum Beispiel zum Verlegen von Teppichen.  <\/p>\n","protected":false},"excerpt":{"rendered":"tesa\u00ae 4934, ein doppelseitiges Klebeband, besteht aus einem Gewebe mit einer dicken, klebrigen Beschichtung. Der Klebstoff ist aus synthetischem Kautschuk und l\u00f6sungsmittelfrei. Das beschriebene doppelseitige Klebeband l\u00e4sst sich leicht von Hand rei\u00dfen.  ","protected":false},"featured_media":1882,"template":"","meta":{"_acf_changed":false,"inline_featured_image":false},"product_cat":[1813,1823,1846,1847,1848],"product_tag":[],"class_list":{"0":"post-7161","1":"product","2":"type-product","3":"status-publish","4":"has-post-thumbnail","6":"product_cat-artikel","7":"product_cat-verpackungsmaterialien","8":"product_cat-klebebander","9":"product_cat-tesa-de","10":"product_cat-tesa-klebebander","11":"pa_aplikacija-handbuch","12":"pa_barva-transparent-de","13":"pa_navitje-na-roli-m-25-de","14":"pa_nosilec-textiltrager","15":"pa_sirina-mm-25-de","16":"pa_sirina-mm-50-de","17":"pa_st-izdelkov-v-skatli-36-de","18":"pa_st-izdelkov-v-skatli-72-de","19":"pa_vrsta-lepila-losemittelfreier-synthetischer-kautschuk","21":"first","22":"instock","23":"product-type-simple"},"acf":[],"gallery_images":[1883,1884],"_links":{"self":[{"href":"https:\/\/intercommerce.si\/de\/wp-json\/wp\/v2\/product\/7161","targetHints":{"allow":["GET"]}}],"collection":[{"href":"https:\/\/intercommerce.si\/de\/wp-json\/wp\/v2\/product"}],"about":[{"href":"https:\/\/intercommerce.si\/de\/wp-json\/wp\/v2\/types\/product"}],"wp:featuredmedia":[{"embeddable":true,"href":"https:\/\/intercommerce.si\/de\/wp-json\/wp\/v2\/media\/1882"}],"wp:attachment":[{"href":"https:\/\/intercommerce.si\/de\/wp-json\/wp\/v2\/media?parent=7161"}],"wp:term":[{"taxonomy":"product_cat","embeddable":true,"href":"https:\/\/intercommerce.si\/de\/wp-json\/wp\/v2\/product_cat?post=7161"},{"taxonomy":"product_tag","embeddable":true,"href":"https:\/\/intercommerce.si\/de\/wp-json\/wp\/v2\/product_tag?post=7161"}],"curies":[{"name":"wp","href":"https:\/\/api.w.org\/{rel}","templated":true}]}}