{"id":7159,"date":"2024-06-18T15:05:55","date_gmt":"2024-06-18T13:05:55","guid":{"rendered":"https:\/\/intercommerce.si\/izdelek\/tesa-60412-allzweck-verpackungsband-auf-70-recyceltem-traeger\/"},"modified":"2024-06-18T15:05:55","modified_gmt":"2024-06-18T13:05:55","slug":"tesa-60412-allzweck-verpackungsband-auf-70-recyceltem-traeger","status":"publish","type":"product","link":"https:\/\/intercommerce.si\/de\/produkt\/tesa-60412-allzweck-verpackungsband-auf-70-recyceltem-traeger\/","title":{"rendered":"tesa\u00ae 60412 \u2013 Allzweck-Verpackungsband auf 70 % recyceltem Tr\u00e4ger"},"content":{"rendered":"<p>Eigenschaften des tesa\u00ae 60412 Klebebands:<\/p>\n<ul>\n<li>leises Abrollen,<\/li>\n<li>rei\u00df- und durchsto\u00dffester Tr\u00e4ger.<\/li>\n<\/ul>\n","protected":false},"excerpt":{"rendered":"tesa\u00ae 60412 ist ein Allzweck-Verpackungsband, das auf einem zu 70 % recycelten (PCR) PET-Tr\u00e4ger und einem wasserbasierten Acrylat-Klebstoffsystem basiert. Es enth\u00e4lt einen sehr konsistenten, druckempfindlichen Acrylatklebstoff, was dieses Produkt zur perfekten L\u00f6sung f\u00fcr die Verwendung bei leichten bis mittelschweren Verpackungen (max. 30 kg) macht. Die Materialkombination sorgt zudem f\u00fcr ein leises Abrollen.  ","protected":false},"featured_media":1910,"template":"","meta":{"_acf_changed":false,"inline_featured_image":false},"product_cat":[1813,1823,1846,1847,1848,1836,1858,1859],"product_tag":[],"class_list":{"0":"post-7159","1":"product","2":"type-product","3":"status-publish","4":"has-post-thumbnail","6":"product_cat-artikel","7":"product_cat-verpackungsmaterialien","8":"product_cat-klebebander","9":"product_cat-tesa-de","10":"product_cat-tesa-klebebander","11":"product_cat-nachhaltige-verpackung","12":"product_cat-nachhaltige-klebebander","13":"product_cat-verpackungsklebebander","14":"pa_aplikacija-handbuch","15":"pa_aplikacija-hardware","16":"pa_barva-weiss-de","17":"pa_barva-braun","18":"pa_barva-transparent-de","19":"pa_navitje-na-roli-m-66-de","20":"pa_navitje-na-roli-m-1000-de","21":"pa_nosilec-pet-70-recycelt","22":"pa_sirina-mm-50-de","23":"pa_sirina-mm-75-de","24":"pa_st-izdelkov-v-skatli-36-de","25":"pa_st-izdelkov-v-skatli-6-de","26":"pa_vrsta-lepila-wasseracrylat","28":"first","29":"instock","30":"product-type-simple"},"acf":[],"gallery_images":[1911],"_links":{"self":[{"href":"https:\/\/intercommerce.si\/de\/wp-json\/wp\/v2\/product\/7159","targetHints":{"allow":["GET"]}}],"collection":[{"href":"https:\/\/intercommerce.si\/de\/wp-json\/wp\/v2\/product"}],"about":[{"href":"https:\/\/intercommerce.si\/de\/wp-json\/wp\/v2\/types\/product"}],"wp:featuredmedia":[{"embeddable":true,"href":"https:\/\/intercommerce.si\/de\/wp-json\/wp\/v2\/media\/1910"}],"wp:attachment":[{"href":"https:\/\/intercommerce.si\/de\/wp-json\/wp\/v2\/media?parent=7159"}],"wp:term":[{"taxonomy":"product_cat","embeddable":true,"href":"https:\/\/intercommerce.si\/de\/wp-json\/wp\/v2\/product_cat?post=7159"},{"taxonomy":"product_tag","embeddable":true,"href":"https:\/\/intercommerce.si\/de\/wp-json\/wp\/v2\/product_tag?post=7159"}],"curies":[{"name":"wp","href":"https:\/\/api.w.org\/{rel}","templated":true}]}}