{"id":7158,"date":"2024-06-18T15:05:47","date_gmt":"2024-06-18T13:05:47","guid":{"rendered":"https:\/\/intercommerce.si\/izdelek\/perforierte-maschinenfolie\/"},"modified":"2024-06-18T15:05:47","modified_gmt":"2024-06-18T13:05:47","slug":"perforierte-maschinenfolie","status":"publish","type":"product","link":"https:\/\/intercommerce.si\/de\/produkt\/perforierte-maschinenfolie\/","title":{"rendered":"Perforierte Maschinenfolie"},"content":{"rendered":"<p><strong>Eigenschaften von perforierten Folien<\/strong><\/p>\n<ul>\n<li>Die Folie verf\u00fcgt \u00fcber L\u00f6cher, die den Luftaustausch erm\u00f6glichen.<\/li>\n<li>Zum Palettieren verschiedener Produkte, die nicht luftdicht verschlossen werden d\u00fcrfen, da sie \u201eatmen\u201c m\u00fcssen.<\/li>\n<li>Sie wird in der Lebensmittelindustrie, zum Verpacken hei\u00dfer Produkte und f\u00fcr andere spezielle Anforderungen eingesetzt.<\/li>\n<li>Durch die Verdunstung von Feuchtigkeit und W\u00e4rme beschleunigen sie das K\u00fchlen, Gefrieren und Trocknen von Waren.<\/li>\n<li>Sie verhindern Kondensation, Rostbildung und Schimmel.<\/li>\n<\/ul>\n","protected":false},"excerpt":{"rendered":"Perforierte Maschinenfolien unterscheiden sich von anderen Folien haupts\u00e4chlich durch ihr Aussehen, da sie durch L\u00f6cher gekennzeichnet sind, die unterschiedliche Gr\u00f6\u00dfen haben k\u00f6nnen. Im Angebot sind Gitterfolien, die sich in der Anzahl der L\u00f6cher und den zus\u00e4tzlichen Verst\u00e4rkungen dazwischen unterscheiden. \n\nHinsichtlich der Verst\u00e4rkungen unterscheiden wir <em>zwei Prozesse<\/em> bei der Herstellung von Gitterfolie:\n<ol>\n \t<li>Beim ersten Verfahren werden die Verst\u00e4rkungen nachtr\u00e4glich auf die Folie aufgebracht.<\/li>\n \t<li>Beim zweiten Verfahren wird die Folie w\u00e4hrend der Lochbildung gleichzeitig gefaltet und die Verst\u00e4rkungen werden ebenfalls gleichzeitig geformt, was eine noch h\u00f6here Festigkeit der Folie gew\u00e4hrleistet.<\/li>\n<\/ol>","protected":false},"featured_media":3409,"template":"","meta":{"_acf_changed":false,"inline_featured_image":false},"product_cat":[1813,1823,1814,1825,1857],"product_tag":[],"class_list":{"0":"post-7158","1":"product","2":"type-product","3":"status-publish","4":"has-post-thumbnail","6":"product_cat-artikel","7":"product_cat-verpackungsmaterialien","8":"product_cat-folien","9":"product_cat-dehnfahige-stretch-folien","10":"product_cat-maschinenfolien","11":"pa_aplikacija-hardware","12":"pa_barva-trasparent-de","13":"pa_premer-tulca-mm-76-de","14":"pa_raztezek-200-de","15":"pa_raztezek-35-de","16":"pa_specificne-lastnosti-gelocht","17":"pa_specificne-lastnosti-mit-lochern","18":"pa_st-rol-na-paleti-30-de","19":"pa_st-rol-na-paleti-45-de","20":"pa_teza-kg-16-de","22":"first","23":"instock","24":"product-type-simple"},"acf":[],"gallery_images":[],"_links":{"self":[{"href":"https:\/\/intercommerce.si\/de\/wp-json\/wp\/v2\/product\/7158","targetHints":{"allow":["GET"]}}],"collection":[{"href":"https:\/\/intercommerce.si\/de\/wp-json\/wp\/v2\/product"}],"about":[{"href":"https:\/\/intercommerce.si\/de\/wp-json\/wp\/v2\/types\/product"}],"wp:featuredmedia":[{"embeddable":true,"href":"https:\/\/intercommerce.si\/de\/wp-json\/wp\/v2\/media\/3409"}],"wp:attachment":[{"href":"https:\/\/intercommerce.si\/de\/wp-json\/wp\/v2\/media?parent=7158"}],"wp:term":[{"taxonomy":"product_cat","embeddable":true,"href":"https:\/\/intercommerce.si\/de\/wp-json\/wp\/v2\/product_cat?post=7158"},{"taxonomy":"product_tag","embeddable":true,"href":"https:\/\/intercommerce.si\/de\/wp-json\/wp\/v2\/product_tag?post=7158"}],"curies":[{"name":"wp","href":"https:\/\/api.w.org\/{rel}","templated":true}]}}