{"id":7155,"date":"2024-06-18T15:06:05","date_gmt":"2024-06-18T13:06:05","guid":{"rendered":"https:\/\/intercommerce.si\/izdelek\/sicheres-messer-klever-kutter\/"},"modified":"2024-06-18T15:06:05","modified_gmt":"2024-06-18T13:06:05","slug":"sicheres-messer-klever-kutter","status":"publish","type":"product","link":"https:\/\/intercommerce.si\/de\/produkt\/sicheres-messer-klever-kutter\/","title":{"rendered":"Sicheres Messer \u2013 Klever\u00ae Kutter"},"content":{"rendered":"<p><strong>Eigenschaften des sicheren Messers Klever\u00ae Kutter<\/strong><\/p>\n<ul>\n<li>Einweg-Sicherheitsmesser mit geschlossener Kohlenstoffstahlklinge.<\/li>\n<li>Ergonomische Form.<\/li>\n<li>Sch\u00fctzt vor besch\u00e4digten Produkten.<\/li>\n<li>Reduziert Schnittverletzungen.<\/li>\n<li>Engere \u00d6ffnungen f\u00fcr verschiedene Schneidanwendungen.<\/li>\n<li>Klein.<\/li>\n<li>M\u00f6glichkeit, ein eigenes Logo auf die Oberfl\u00e4che zu drucken.<\/li>\n<li>Erh\u00e4ltlich in Orange, Gelb, Gr\u00fcn, Wei\u00df, Blau, Rot und Schwarz.<\/li>\n<\/ul>\n<p><strong>Geeignet f\u00fcr Materialien<\/strong><\/p>\n<ul>\n<li>Klebeband,<\/li>\n<li>Verpackungsband,<\/li>\n<li>Plastik- und Papiert\u00fcten,<\/li>\n<li>LDPE-Folie,<\/li>\n<li>Einlagiger Karton.<\/li>\n<\/ul>\n","protected":false},"excerpt":{"rendered":"Der Klever\u00ae Kutter ist das Messer, mit dem alles begann und ist immer noch das meistverkaufte Sicherheitsmesser. Der originale Klever\u00ae Kutter kann in der Hosentasche verstaut werden, und Schnittverletzungen geh\u00f6ren der Vergangenheit an. ","protected":false},"featured_media":5144,"template":"","meta":{"_acf_changed":false,"inline_featured_image":false},"product_cat":[1813,1823,1851,1852,1853],"product_tag":[],"class_list":{"0":"post-7155","1":"product","2":"type-product","3":"status-publish","4":"has-post-thumbnail","6":"product_cat-artikel","7":"product_cat-verpackungsmaterialien","8":"product_cat-sicherheitsmesser","9":"product_cat-stahlklinge","10":"product_cat-sicherheitsmesser-de","12":"first","13":"instock","14":"product-type-simple"},"acf":[],"gallery_images":[],"_links":{"self":[{"href":"https:\/\/intercommerce.si\/de\/wp-json\/wp\/v2\/product\/7155","targetHints":{"allow":["GET"]}}],"collection":[{"href":"https:\/\/intercommerce.si\/de\/wp-json\/wp\/v2\/product"}],"about":[{"href":"https:\/\/intercommerce.si\/de\/wp-json\/wp\/v2\/types\/product"}],"wp:featuredmedia":[{"embeddable":true,"href":"https:\/\/intercommerce.si\/de\/wp-json\/wp\/v2\/media\/5144"}],"wp:attachment":[{"href":"https:\/\/intercommerce.si\/de\/wp-json\/wp\/v2\/media?parent=7155"}],"wp:term":[{"taxonomy":"product_cat","embeddable":true,"href":"https:\/\/intercommerce.si\/de\/wp-json\/wp\/v2\/product_cat?post=7155"},{"taxonomy":"product_tag","embeddable":true,"href":"https:\/\/intercommerce.si\/de\/wp-json\/wp\/v2\/product_tag?post=7155"}],"curies":[{"name":"wp","href":"https:\/\/api.w.org\/{rel}","templated":true}]}}