{"id":7153,"date":"2024-06-18T15:05:55","date_gmt":"2024-06-18T13:05:55","guid":{"rendered":"https:\/\/intercommerce.si\/izdelek\/tesa-4657-temperaturbestaendiges-gewebeband-mit-oberflaechenbeschichtung\/"},"modified":"2024-06-18T15:05:55","modified_gmt":"2024-06-18T13:05:55","slug":"tesa-4657-temperaturbestaendiges-gewebeband-mit-oberflaechenbeschichtung","status":"publish","type":"product","link":"https:\/\/intercommerce.si\/de\/produkt\/tesa-4657-temperaturbestaendiges-gewebeband-mit-oberflaechenbeschichtung\/","title":{"rendered":"tesa\u00ae 4657 \u2013 temperaturbest\u00e4ndiges Gewebeband mit Oberfl\u00e4chenbeschichtung"},"content":{"rendered":"<p>Eigenschaften des tesa\u00ae 4657 Klebebands:<\/p>\n<p>Wird f\u00fcr hitzebest\u00e4ndige Abdeckungen bei der Herstellung von Fahrzeugen und Maschinen, als Schutz von Fensterflanschen verwendet, kann auch mehrmals im Ofen getrocknet werden, zur dauerhaften Abdeckung von Innen- und Au\u00dfenl\u00f6chern, zur teilweisen Abdeckung bei der Behandlung mit Impr\u00e4gniermitteln, zur Befestigung von Flachkabeln, z. B. an Dachverkleidungen, T\u00fcrplatten, Spiegeln und zum Abdecken beim elektrostatischen Pulverbeschichten. <\/p>\n","protected":false},"excerpt":{"rendered":"tesa\u00ae 4657 ist ein hochtemperaturbest\u00e4ndiges, acrylbeschichtetes Gewebeband. Es wird zum Verbinden und Sch\u00fctzen von Oberfl\u00e4chen bei hohen thermischen und mechanischen Belastungen eingesetzt (kurzzeitig bis 180 Grad). Der Klebstoff ist alterungs- und temperaturbest\u00e4ndig.\n76 % des Produktinhalts (ohne Tr\u00e4ger) stammen aus biologischen Quellen.  ","protected":false},"featured_media":1867,"template":"","meta":{"_acf_changed":false,"inline_featured_image":false},"product_cat":[1813,1823,1846,1847,1848,1849],"product_tag":[],"class_list":{"0":"post-7153","1":"product","2":"type-product","3":"status-publish","4":"has-post-thumbnail","6":"product_cat-artikel","7":"product_cat-verpackungsmaterialien","8":"product_cat-klebebander","9":"product_cat-tesa-de","10":"product_cat-tesa-klebebander","11":"product_cat-klebebander-fur-reparaturen","12":"pa_aplikacija-handbuch","13":"pa_barva-schwarz-de","14":"pa_barva-grau","15":"pa_navitje-na-roli-m-50-de","16":"pa_nosilec-baumwollgewebe","17":"pa_sirina-mm-19-de","18":"pa_sirina-mm-25-de","19":"pa_sirina-mm-50-de","20":"pa_st-izdelkov-v-skatli-36-de","21":"pa_st-izdelkov-v-skatli-72-de","22":"pa_vrsta-lepila-naturkautschuk-losungsmittel","24":"first","25":"instock","26":"product-type-simple"},"acf":[],"gallery_images":[1868,1869],"_links":{"self":[{"href":"https:\/\/intercommerce.si\/de\/wp-json\/wp\/v2\/product\/7153","targetHints":{"allow":["GET"]}}],"collection":[{"href":"https:\/\/intercommerce.si\/de\/wp-json\/wp\/v2\/product"}],"about":[{"href":"https:\/\/intercommerce.si\/de\/wp-json\/wp\/v2\/types\/product"}],"wp:featuredmedia":[{"embeddable":true,"href":"https:\/\/intercommerce.si\/de\/wp-json\/wp\/v2\/media\/1867"}],"wp:attachment":[{"href":"https:\/\/intercommerce.si\/de\/wp-json\/wp\/v2\/media?parent=7153"}],"wp:term":[{"taxonomy":"product_cat","embeddable":true,"href":"https:\/\/intercommerce.si\/de\/wp-json\/wp\/v2\/product_cat?post=7153"},{"taxonomy":"product_tag","embeddable":true,"href":"https:\/\/intercommerce.si\/de\/wp-json\/wp\/v2\/product_tag?post=7153"}],"curies":[{"name":"wp","href":"https:\/\/api.w.org\/{rel}","templated":true}]}}