{"id":7150,"date":"2024-06-18T15:06:19","date_gmt":"2024-06-18T13:06:19","guid":{"rendered":"https:\/\/intercommerce.si\/izdelek\/wickelmaschine-mytho-auto\/"},"modified":"2024-06-18T15:06:19","modified_gmt":"2024-06-18T13:06:19","slug":"wickelmaschine-mytho-auto","status":"publish","type":"product","link":"https:\/\/intercommerce.si\/de\/produkt\/wickelmaschine-mytho-auto\/","title":{"rendered":"Wickelmaschine MYTHO Auto"},"content":{"rendered":"<p><strong>Technische Daten der Maschine:<\/strong><\/p>\n<ul>\n<li>Durchmesser der Drehb\u00fchne: 1650 mm (Option: 1800 mm, 2200 mm)<\/li>\n<li>Wickelh\u00f6he: 2450 mm (optional: bis zu 3500 mm)<\/li>\n<li>M\u00f6glichkeit der Auswahl eines Abwickelsystems:\n<ul>\n<li>\u00bbPRS\u00ab \u2013 motorisierter Pre-Stretch mit einem Motor (Pre-Stretch 150, 200 oder 250 %)<\/li>\n<li>\u00bbPS\u00ab \u2013 motorisierter, einstellbarer Pre-Stretch mit zwei Motoren (Pre-Stretch von 120 bis 400 %)<\/li>\n<\/ul>\n<\/li>\n<li>Bedienfeld: digital<\/li>\n<li>Anzahl der Programme: 99<\/li>\n<li>Verschiedene Wickelzyklen<\/li>\n<li>Automatische H\u00f6henerkennung mit Fotozelle (Option: Fotozelle f\u00fcr schwarze Objekte)<\/li>\n<li>System f\u00fcr automatisches Greifen und Abschneiden der Folie<\/li>\n<li>Batterieversorgung mit integriertem Hochfrequenz-Batterieladeger\u00e4t<\/li>\n<li>Maschine mit CE-Zertifikat<\/li>\n<\/ul>\n","protected":false},"excerpt":{"rendered":"IHRE MITARBEITER K\u00d6NNEN WICHTIGERE ARBEITEN VERRICHTEN!\nMYTHO Auto vereinfacht den automatisierten Palettenwickelprozess. Es reduziert die Kosten, ohne die Qualit\u00e4t oder Geschwindigkeit zu beeintr\u00e4chtigen. Die Bediener laden die Paletten auf die Plattform und starten die Maschine. Von diesem Zeitpunkt an ist der Palettenwickelprozess vollst\u00e4ndig automatisiert. Dazu geh\u00f6rt das Abschneiden des Folienendes und die M\u00f6glichkeit, das Ende an der Palette zu verschwei\u00dfen. Die Bediener schlie\u00dfen den Vorgang dann ab, indem sie die gewickelte Palette von der Plattform entladen.     \n\nEin einfach zu bedienender 11-Zoll-Touchscreen erm\u00f6glicht es Ihnen, verschiedene Parameter einzustellen, die die besten Qualit\u00e4tswickelmuster gew\u00e4hrleisten.\nUnsere verbesserte PLC-Version bietet bis zu 99 Programme, die f\u00fcr jede Art von Wickelmuster f\u00fcr verschiedene Produkte geeignet sind. Diese Maschine ist bereit f\u00fcr das Palettenwickeln im 21. Jahrhundert.  ","protected":false},"featured_media":6520,"template":"","meta":{"_acf_changed":false,"inline_featured_image":false},"product_cat":[1813,1818,1829,1844],"product_tag":[],"class_list":{"0":"post-7150","1":"product","2":"type-product","3":"status-publish","4":"has-post-thumbnail","6":"product_cat-artikel","7":"product_cat-verpackungsmaschinen-und-gerate","8":"product_cat-maschinen","9":"product_cat-wickelmaschinen","11":"first","12":"instock","13":"product-type-simple"},"acf":[],"gallery_images":[6532,6538,6535,6544,6523,6526,6529],"_links":{"self":[{"href":"https:\/\/intercommerce.si\/de\/wp-json\/wp\/v2\/product\/7150","targetHints":{"allow":["GET"]}}],"collection":[{"href":"https:\/\/intercommerce.si\/de\/wp-json\/wp\/v2\/product"}],"about":[{"href":"https:\/\/intercommerce.si\/de\/wp-json\/wp\/v2\/types\/product"}],"wp:featuredmedia":[{"embeddable":true,"href":"https:\/\/intercommerce.si\/de\/wp-json\/wp\/v2\/media\/6520"}],"wp:attachment":[{"href":"https:\/\/intercommerce.si\/de\/wp-json\/wp\/v2\/media?parent=7150"}],"wp:term":[{"taxonomy":"product_cat","embeddable":true,"href":"https:\/\/intercommerce.si\/de\/wp-json\/wp\/v2\/product_cat?post=7150"},{"taxonomy":"product_tag","embeddable":true,"href":"https:\/\/intercommerce.si\/de\/wp-json\/wp\/v2\/product_tag?post=7150"}],"curies":[{"name":"wp","href":"https:\/\/api.w.org\/{rel}","templated":true}]}}