{"id":7147,"date":"2024-06-18T15:06:00","date_gmt":"2024-06-18T13:06:00","guid":{"rendered":"https:\/\/intercommerce.si\/izdelek\/manuelles-umreifungsgeraet-fuer-kompositband\/"},"modified":"2024-06-18T15:06:00","modified_gmt":"2024-06-18T13:06:00","slug":"manuelles-umreifungsgeraet-fuer-kompositband","status":"publish","type":"product","link":"https:\/\/intercommerce.si\/de\/produkt\/manuelles-umreifungsgeraet-fuer-kompositband\/","title":{"rendered":"Manuelles Umreifungsger\u00e4t f\u00fcr Kompositband"},"content":{"rendered":"","protected":false},"excerpt":{"rendered":"Das manuelle Spannwerkzeug f\u00fcr Komposit- und Textilb\u00e4nder muss je nach Bandbreite ausgew\u00e4hlt werden. Zwei Gr\u00f6\u00dfen, die erste deckt den Bereich f\u00fcr Bandbreiten von 13, 16 und 19 mm ab, die zweite f\u00fcr Bandbreiten von 25 und 32 mm. ","protected":false},"featured_media":1948,"template":"","meta":{"_acf_changed":false,"inline_featured_image":false},"product_cat":[1813,1823,1831,1832,1833],"product_tag":[],"class_list":{"0":"post-7147","1":"product","2":"type-product","3":"status-publish","4":"has-post-thumbnail","6":"product_cat-artikel","7":"product_cat-verpackungsmaterialien","8":"product_cat-umreifungsbander","9":"product_cat-werkzeuge-und-zubehor-fur-umreifungsbander","10":"product_cat-manuelles-umreifungsgerat","12":"first","13":"instock","14":"product-type-simple"},"acf":[],"gallery_images":[1949],"_links":{"self":[{"href":"https:\/\/intercommerce.si\/de\/wp-json\/wp\/v2\/product\/7147","targetHints":{"allow":["GET"]}}],"collection":[{"href":"https:\/\/intercommerce.si\/de\/wp-json\/wp\/v2\/product"}],"about":[{"href":"https:\/\/intercommerce.si\/de\/wp-json\/wp\/v2\/types\/product"}],"wp:featuredmedia":[{"embeddable":true,"href":"https:\/\/intercommerce.si\/de\/wp-json\/wp\/v2\/media\/1948"}],"wp:attachment":[{"href":"https:\/\/intercommerce.si\/de\/wp-json\/wp\/v2\/media?parent=7147"}],"wp:term":[{"taxonomy":"product_cat","embeddable":true,"href":"https:\/\/intercommerce.si\/de\/wp-json\/wp\/v2\/product_cat?post=7147"},{"taxonomy":"product_tag","embeddable":true,"href":"https:\/\/intercommerce.si\/de\/wp-json\/wp\/v2\/product_tag?post=7147"}],"curies":[{"name":"wp","href":"https:\/\/api.w.org\/{rel}","templated":true}]}}