{"id":7146,"date":"2024-06-18T15:06:00","date_gmt":"2024-06-18T13:06:00","guid":{"rendered":"https:\/\/intercommerce.si\/izdelek\/handumreifungsgeraet-fuer-metallband\/"},"modified":"2024-06-18T15:06:00","modified_gmt":"2024-06-18T13:06:00","slug":"handumreifungsgeraet-fuer-metallband","status":"publish","type":"product","link":"https:\/\/intercommerce.si\/de\/produkt\/handumreifungsgeraet-fuer-metallband\/","title":{"rendered":"Handumreifungsger\u00e4t f\u00fcr Metallband"},"content":{"rendered":"<p>Eigenschaften des Handumreifungsger\u00e4ts f\u00fcr Metallband:<\/p>\n<ul>\n<li>zur klammerlosen Verwendung,<\/li>\n<li>f\u00fcr Bandbreiten von 13 bis 19 mm,<\/li>\n<li>einfache Handhabung.<\/li>\n<\/ul>\n<p>&nbsp;<\/p>\n","protected":false},"excerpt":{"rendered":"Das Handumreifungsger\u00e4t f\u00fcr Metallb\u00e4nder muss entsprechend der Bandbreite ausgew\u00e4hlt werden. F\u00fcr B\u00e4nder mit einer Breite von 16 mm und 19 mm. ","protected":false},"featured_media":1951,"template":"","meta":{"_acf_changed":false,"inline_featured_image":false},"product_cat":[1813,1823,1831,1832,1833],"product_tag":[],"class_list":{"0":"post-7146","1":"product","2":"type-product","3":"status-publish","4":"has-post-thumbnail","6":"product_cat-artikel","7":"product_cat-verpackungsmaterialien","8":"product_cat-umreifungsbander","9":"product_cat-werkzeuge-und-zubehor-fur-umreifungsbander","10":"product_cat-manuelles-umreifungsgerat","12":"first","13":"instock","14":"product-type-simple"},"acf":[],"gallery_images":[1952],"_links":{"self":[{"href":"https:\/\/intercommerce.si\/de\/wp-json\/wp\/v2\/product\/7146","targetHints":{"allow":["GET"]}}],"collection":[{"href":"https:\/\/intercommerce.si\/de\/wp-json\/wp\/v2\/product"}],"about":[{"href":"https:\/\/intercommerce.si\/de\/wp-json\/wp\/v2\/types\/product"}],"wp:featuredmedia":[{"embeddable":true,"href":"https:\/\/intercommerce.si\/de\/wp-json\/wp\/v2\/media\/1951"}],"wp:attachment":[{"href":"https:\/\/intercommerce.si\/de\/wp-json\/wp\/v2\/media?parent=7146"}],"wp:term":[{"taxonomy":"product_cat","embeddable":true,"href":"https:\/\/intercommerce.si\/de\/wp-json\/wp\/v2\/product_cat?post=7146"},{"taxonomy":"product_tag","embeddable":true,"href":"https:\/\/intercommerce.si\/de\/wp-json\/wp\/v2\/product_tag?post=7146"}],"curies":[{"name":"wp","href":"https:\/\/api.w.org\/{rel}","templated":true}]}}